{"id":32,"date":"2019-01-28T11:44:48","date_gmt":"2019-01-28T09:44:48","guid":{"rendered":"https:\/\/visithoutskar.fi\/?page_id=32"},"modified":"2026-01-20T23:16:56","modified_gmt":"2026-01-20T21:16:56","slug":"houtskar","status":"publish","type":"page","link":"https:\/\/visithoutskar.fi\/en\/","title":{"rendered":"Visit Houtskar"},"content":{"rendered":"<div id=\"gutenslider-k1ugk3jib\" class=\"wp-block-eedee-block-gutenslider gs-frontend content-fixed alignnone arrow-style-1 arrow-position-sides arrow-mb-none arrows-lg arrows-md arrows-sm dot-style-1 dots-lg-none dots-md-none dots-sm-none dot-position-bottom is-position-center-center mb-none wrap-auto-height\" style=\"--gutenslider-min-height: 62vh;--gutenslider-arrow-size: 30px;--gutenslider-dot-size: 25px;--gutenslider-arrow-color: #ffffff;--gutenslider-dot-color: #ffffff;--gutenslider-padding-y-mobile: 40px;--gutenslider-padding-x-mobile: 40px;--gutenslider-padding-y-tablet: 40px;--gutenslider-padding-x-tablet: 40px;--gutenslider-padding-y-desktop: 40px;--gutenslider-padding-x-desktop: 40px;--gutenslider-bg-image: url();--gutenslider-min-height-md: 50vh;--gutenslider-min-height-sm: 50vh;--gutenslider-padding-x: 40px;--gutenslider-padding-x-md: 40px;--gutenslider-padding-x-sm: 20px;--gutenslider-padding-y: 40px;--gutenslider-padding-y-md: 40px;--gutenslider-padding-y-sm: 20px;--gutenslider-arrow-size-md: 30px;--gutenslider-arrow-size-sm: 30px;--gutenslider-dot-size-md: 25px;--gutenslider-dot-size-sm: 25px;--gutenslider-arrow-bg-color: transparent;--gutenslider-arrow-hover-color: #eeeeee;--gutenslider-arrow-bg-hover-color: transparent;--gutenslider-arrow-x-offset: 10px;--gutenslider-arrow-x-offset-md: 10px;--gutenslider-arrow-x-offset-sm: 10px;--gutenslider-arrow-y-offset: 0px;--gutenslider-arrow-y-offset-md: 0px;--gutenslider-arrow-y-offset-sm: 0px;--gutenslider-arrow-x-spacing: 0px;--gutenslider-dot-y-offset: 10px;--gutenslider-dot-y-offset-md: 10px;--gutenslider-dot-y-offset-sm: 10px;--gutenslider-margin-x: 0px;--gutenslider-margin-x-md: 0px;--gutenslider-margin-x-sm: 0px;--gutenslider-margin-y: 0px;--gutenslider-margin-y-md: 0px;--gutenslider-margin-y-sm: 0px;--gutenslider-divider-top: 60px;--gutenslider-divider-bottom: 60px;--gutenslider-lightgallery-bg: #ffffff;--gutenslider-lightgallery-font: #000000;--gs-first-pos: 50% 50%;--gs-gap-vertical: var( --wp--style--gallery-gap-default, var( --gallery-block--gutter-size, var( --wp--style--block-gap, 0.5em ) ) );--gs-gap-horizontal: var( --wp--style--gallery-gap-default, var( --gallery-block--gutter-size, var( --wp--style--block-gap, 0.5em ) ) );\" data-parallax-direction=\"down\" data-parallax-amount=\"1.3\" data-lg-transition=\"lg-slide\" data-hash=\"\"><div class=\"eedee-swiper-outer\"><div class=\"gutenslider-divider-top\" style=\"color:#fff;\"><\/div><div class=\"swiper\" data-settings='{\"autoplay\":{\"delay\":3000,\"pauseOnMouseEnter\":true,\"disableOnInteraction\":false},\"speed\":700,\"direction\":\"horizontal\",\"autoHeight\":\"\",\"loop\":true,\"centeredSlides\":true,\"spaceBetween\":0,\"slidesPerView\":1,\"slidesPerGroup\":1,\"effect\":\"fade\",\"coverflowEffect\":{\"rotate\":30,\"slideShadows\":false,\"depth\":100,\"stretch\":50,\"modifier\":1},\"fadeEffect\":{\"crossFade\":true},\"zoom\":\"\",\"navigation\":{\"nextEl\":\"#gutenslider-k1ugk3jib .eedee-gutenslider-next\",\"prevEl\":\"#gutenslider-k1ugk3jib .eedee-gutenslider-prev\"},\"pagination\":{\"type\":\"bullets\",\"clickable\":true,\"dynamicBullets\":false,\"el\":\"#gutenslider-k1ugk3jib .eedee-gutenslider-pagination\"},\"pauseOnHover\":\"1\",\"watchSlidesProgress\":true,\"watchSlidesVisibility\":true,\"settingsMd\":{\"autoHeight\":\"\",\"slidesPerView\":1,\"slidesPerGroup\":1,\"spaceBetween\":0,\"loop\":true},\"settingsLg\":{\"autoHeight\":\"\",\"slidesPerView\":1,\"slidesPerGroup\":1,\"spaceBetween\":0,\"loop\":true},\"hasLg\":false,\"hasLgCounter\":true,\"isFullScreen\":false,\"arrowsFollowMouse\":false,\"lgTitle\":\"none\",\"lgCaption\":\"none\",\"lgThumbnails\":true,\"lgZoomEnabled\":false,\"keyboard\":{\"keyboard\":{\"enabled\":true,\"onlyInViewport\":true}},\"hashNavigation\":false,\"dividers\":false}'><div class=\"swiper-wrapper\">\n<div class=\"swiper-slide wp-block-eedee-block-gutenslide is-position-center-center ed-bg-image\" style=\"--ed-vw:300;--ed-vh:143;\" data-hash=\"\"><div class=\"eedee-background-div bg-image\"><img width=\"1024\" height=\"490\" class=\"wp-image-52045\" src=\"https:\/\/visithoutskar.fi\/wp-content\/uploads\/2021\/09\/SOLROSOR-1024x490.jpg\" alt=\"\" decoding=\"async\" style=\"object-fit: cover; object-position: 50% 50%;\" data-title=\"SOLROSOR\" srcset=\"https:\/\/visithoutskar.fi\/wp-content\/uploads\/2021\/09\/SOLROSOR-1024x490.jpg 1024w, https:\/\/visithoutskar.fi\/wp-content\/uploads\/2021\/09\/SOLROSOR-300x143.jpg 300w, https:\/\/visithoutskar.fi\/wp-content\/uploads\/2021\/09\/SOLROSOR-768x367.jpg 768w, https:\/\/visithoutskar.fi\/wp-content\/uploads\/2021\/09\/SOLROSOR.jpg 1361w\" sizes=\"(max-width: 1024px) 100vw, 1024px\" \/><div class=\"eedee-background-div__overlay\" style=\"opacity:1;\"><\/div><\/div><div class=\"slide-content\">\n\n<p class=\"has-text-align-center gutenslider-content-initial has-larger-font-size\"><\/p>\n\n<\/div><\/div>\n\n<div class=\"swiper-slide wp-block-eedee-block-gutenslide is-position-center-center ed-bg-image\" style=\"--ed-vw:300;--ed-vh:140;\" data-hash=\"\"><div class=\"eedee-background-div bg-image\"><img width=\"1024\" height=\"478\" class=\"wp-image-51679\" src=\"https:\/\/visithoutskar.fi\/wp-content\/uploads\/2021\/06\/Hout62-1024x478.jpg\" alt=\"\" decoding=\"async\" style=\"object-fit: cover; object-position: 50% 50%;\" data-title=\"Hout6(2)\" srcset=\"https:\/\/visithoutskar.fi\/wp-content\/uploads\/2021\/06\/Hout62-1024x478.jpg 1024w, https:\/\/visithoutskar.fi\/wp-content\/uploads\/2021\/06\/Hout62-300x140.jpg 300w, https:\/\/visithoutskar.fi\/wp-content\/uploads\/2021\/06\/Hout62-768x359.jpg 768w, https:\/\/visithoutskar.fi\/wp-content\/uploads\/2021\/06\/Hout62.jpg 1280w\" sizes=\"(max-width: 1024px) 100vw, 1024px\" \/><div class=\"eedee-background-div__overlay\" style=\"opacity:1;\"><\/div><\/div><div class=\"slide-content\">\n\n<p class=\"has-text-align-center gutenslider-content-initial has-larger-font-size\"><\/p>\n\n<\/div><\/div>\n\n<div class=\"swiper-slide wp-block-eedee-block-gutenslide is-position-center-center ed-bg-image\" style=\"--ed-vw:300;--ed-vh:124;\" data-hash=\"\"><div class=\"eedee-background-div bg-image\"><img width=\"1024\" height=\"423\" class=\"wp-image-51862\" src=\"https:\/\/visithoutskar.fi\/wp-content\/uploads\/2021\/06\/Vinter-1024x423.jpg\" alt=\"\" decoding=\"async\" style=\"object-fit: cover; object-position: 50% 50%;\" data-title=\"Vinter\" srcset=\"https:\/\/visithoutskar.fi\/wp-content\/uploads\/2021\/06\/Vinter-1024x423.jpg 1024w, https:\/\/visithoutskar.fi\/wp-content\/uploads\/2021\/06\/Vinter-300x124.jpg 300w, https:\/\/visithoutskar.fi\/wp-content\/uploads\/2021\/06\/Vinter-768x317.jpg 768w, https:\/\/visithoutskar.fi\/wp-content\/uploads\/2021\/06\/Vinter.jpg 1360w\" sizes=\"(max-width: 1024px) 100vw, 1024px\" \/><div class=\"eedee-background-div__overlay\" style=\"opacity:1;\"><\/div><\/div><div class=\"slide-content\">\n\n<p class=\"has-text-align-center gutenslider-content-initial has-larger-font-size\"><\/p>\n\n<\/div><\/div>\n\n<div class=\"swiper-slide wp-block-eedee-block-gutenslide is-position-center-center ed-bg-image\" style=\"--ed-vw:300;--ed-vh:169;\" data-hash=\"\"><div class=\"eedee-background-div bg-image\"><img width=\"1024\" height=\"576\" class=\"wp-image-51682\" src=\"https:\/\/visithoutskar.fi\/wp-content\/uploads\/2021\/06\/Hout22-1024x576.jpg\" alt=\"\" decoding=\"async\" style=\"object-fit: cover; object-position: 50% 50%;\" data-title=\"Hout2(2)\" srcset=\"https:\/\/visithoutskar.fi\/wp-content\/uploads\/2021\/06\/Hout22-1024x576.jpg 1024w, https:\/\/visithoutskar.fi\/wp-content\/uploads\/2021\/06\/Hout22-300x169.jpg 300w, https:\/\/visithoutskar.fi\/wp-content\/uploads\/2021\/06\/Hout22-768x432.jpg 768w, https:\/\/visithoutskar.fi\/wp-content\/uploads\/2021\/06\/Hout22.jpg 1280w\" sizes=\"(max-width: 1024px) 100vw, 1024px\" \/><div class=\"eedee-background-div__overlay\" style=\"opacity:1;\"><\/div><\/div><div class=\"slide-content\">\n\n<p class=\"has-text-align-center gutenslider-content-initial has-larger-font-size\"><\/p>\n\n<\/div><\/div>\n<\/div><\/div><div class=\"wp-block-eedee-gutenslider__content co-1\">\n<div class=\"swiper-slide wp-block-eedee-block-gutenslide is-position-center-center ed-bg-image\" style=\"--ed-vw:300;--ed-vh:143;\" data-hash=\"\"><div class=\"eedee-background-div bg-image\"><img width=\"1024\" height=\"490\" class=\"wp-image-52045\" src=\"https:\/\/visithoutskar.fi\/wp-content\/uploads\/2021\/09\/SOLROSOR-1024x490.jpg\" alt=\"\" decoding=\"async\" style=\"object-fit: cover; object-position: 50% 50%;\" data-title=\"SOLROSOR\" srcset=\"https:\/\/visithoutskar.fi\/wp-content\/uploads\/2021\/09\/SOLROSOR-1024x490.jpg 1024w, https:\/\/visithoutskar.fi\/wp-content\/uploads\/2021\/09\/SOLROSOR-300x143.jpg 300w, https:\/\/visithoutskar.fi\/wp-content\/uploads\/2021\/09\/SOLROSOR-768x367.jpg 768w, https:\/\/visithoutskar.fi\/wp-content\/uploads\/2021\/09\/SOLROSOR.jpg 1361w\" sizes=\"(max-width: 1024px) 100vw, 1024px\" \/><div class=\"eedee-background-div__overlay\" style=\"opacity:1;\"><\/div><\/div><div class=\"slide-content\">\n\n<p class=\"has-text-align-center gutenslider-content-initial has-larger-font-size\"><\/p>\n\n<\/div><\/div>\n\n<div class=\"swiper-slide wp-block-eedee-block-gutenslide is-position-center-center ed-bg-image\" style=\"--ed-vw:300;--ed-vh:140;\" data-hash=\"\"><div class=\"eedee-background-div bg-image\"><img width=\"1024\" height=\"478\" class=\"wp-image-51679\" src=\"https:\/\/visithoutskar.fi\/wp-content\/uploads\/2021\/06\/Hout62-1024x478.jpg\" alt=\"\" decoding=\"async\" style=\"object-fit: cover; object-position: 50% 50%;\" data-title=\"Hout6(2)\" srcset=\"https:\/\/visithoutskar.fi\/wp-content\/uploads\/2021\/06\/Hout62-1024x478.jpg 1024w, https:\/\/visithoutskar.fi\/wp-content\/uploads\/2021\/06\/Hout62-300x140.jpg 300w, https:\/\/visithoutskar.fi\/wp-content\/uploads\/2021\/06\/Hout62-768x359.jpg 768w, https:\/\/visithoutskar.fi\/wp-content\/uploads\/2021\/06\/Hout62.jpg 1280w\" sizes=\"(max-width: 1024px) 100vw, 1024px\" \/><div class=\"eedee-background-div__overlay\" style=\"opacity:1;\"><\/div><\/div><div class=\"slide-content\">\n\n<p class=\"has-text-align-center gutenslider-content-initial has-larger-font-size\"><\/p>\n\n<\/div><\/div>\n\n<div class=\"swiper-slide wp-block-eedee-block-gutenslide is-position-center-center ed-bg-image\" style=\"--ed-vw:300;--ed-vh:124;\" data-hash=\"\"><div class=\"eedee-background-div bg-image\"><img width=\"1024\" height=\"423\" class=\"wp-image-51862\" src=\"https:\/\/visithoutskar.fi\/wp-content\/uploads\/2021\/06\/Vinter-1024x423.jpg\" alt=\"\" decoding=\"async\" style=\"object-fit: cover; object-position: 50% 50%;\" data-title=\"Vinter\" srcset=\"https:\/\/visithoutskar.fi\/wp-content\/uploads\/2021\/06\/Vinter-1024x423.jpg 1024w, https:\/\/visithoutskar.fi\/wp-content\/uploads\/2021\/06\/Vinter-300x124.jpg 300w, https:\/\/visithoutskar.fi\/wp-content\/uploads\/2021\/06\/Vinter-768x317.jpg 768w, https:\/\/visithoutskar.fi\/wp-content\/uploads\/2021\/06\/Vinter.jpg 1360w\" sizes=\"(max-width: 1024px) 100vw, 1024px\" \/><div class=\"eedee-background-div__overlay\" style=\"opacity:1;\"><\/div><\/div><div class=\"slide-content\">\n\n<p class=\"has-text-align-center gutenslider-content-initial has-larger-font-size\"><\/p>\n\n<\/div><\/div>\n\n<div class=\"swiper-slide wp-block-eedee-block-gutenslide is-position-center-center ed-bg-image\" style=\"--ed-vw:300;--ed-vh:169;\" data-hash=\"\"><div class=\"eedee-background-div bg-image\"><img width=\"1024\" height=\"576\" class=\"wp-image-51682\" src=\"https:\/\/visithoutskar.fi\/wp-content\/uploads\/2021\/06\/Hout22-1024x576.jpg\" alt=\"\" decoding=\"async\" style=\"object-fit: cover; object-position: 50% 50%;\" data-title=\"Hout2(2)\" srcset=\"https:\/\/visithoutskar.fi\/wp-content\/uploads\/2021\/06\/Hout22-1024x576.jpg 1024w, https:\/\/visithoutskar.fi\/wp-content\/uploads\/2021\/06\/Hout22-300x169.jpg 300w, https:\/\/visithoutskar.fi\/wp-content\/uploads\/2021\/06\/Hout22-768x432.jpg 768w, https:\/\/visithoutskar.fi\/wp-content\/uploads\/2021\/06\/Hout22.jpg 1280w\" sizes=\"(max-width: 1024px) 100vw, 1024px\" \/><div class=\"eedee-background-div__overlay\" style=\"opacity:1;\"><\/div><\/div><div class=\"slide-content\">\n\n<p class=\"has-text-align-center gutenslider-content-initial has-larger-font-size\"><\/p>\n\n<\/div><\/div>\n<\/div><button class=\"eedee-gutenslider-nav eedee-gutenslider-prev\"><svg xmlns=\"http:\/\/www.w3.org\/2000\/svg\" viewBox=\"0 0 24 24\" width=\"24\" height=\"24\"><circle class=\"bg\" cx=\"13\" cy=\"12\" r=\"11\" \/><path fill=\"none\" d=\"M0 0h24v24H0z\"\/><path class=\"arrow\" d=\"M10.828 12l4.95 4.95-1.414 1.414L8 12l6.364-6.364 1.414 1.414z\"\/><\/svg><\/button><button class=\"eedee-gutenslider-nav eedee-gutenslider-next\"><svg xmlns=\"http:\/\/www.w3.org\/2000\/svg\" viewBox=\"0 0 24 24\" width=\"24\" height=\"24\"><circle class=\"bg\" cx=\"11\" cy=\"12\" r=\"11\" \/><path fill=\"none\" d=\"M0 0h24v24H0z\"\/><path class=\"arrow\" d=\"M13.172 12l-4.95-4.95 1.414-1.414L16 12l-6.364 6.364-1.414-1.414z\"\/><\/svg><\/button><div class=\"eedee-gutenslider-pagination\"><\/div><\/div><div class=\"gutenslider-divider-bottom \" style=\"color:#fff;\"><\/div><\/div>\n\n\n<p><\/p>\n\n\n\n<div class=\"wp-block-uagb-separator uagb-block-f37ecc27\"><div class=\"wp-block-uagb-separator__inner\" style=\"--my-background-image:\"><\/div><\/div>\n\n\n\n<h2 class=\"wp-block-heading has-text-align-center\">Houtskar &#8211; Something More<\/h2>\n\n\n\n<p class=\"has-text-align-center\"> Visit Houtskar is an online guide online for everyone. Come visit, fall in love and stay here forever! There are many extraordinary things in Houtskar &#8211; nature, dialect, culture, small community, transport links &#8211; and even we, the people living here, are a bit extraordinary. <\/p>\n\n\n\n<h3 class=\"wp-block-heading has-text-align-center\">Happenings in Houtsk\u00e4r<\/h3>\n\n\n\n<section class=\"wp-block-uagb-columns uagb-columns__wrap uagb-columns__background-none uagb-columns__stack-mobile uagb-columns__valign- uagb-columns__gap-10 align uagb-block-8faa4e5b uagb-columns__columns-3 uagb-columns__max_width-theme\"><div class=\"uagb-columns__overlay\"><\/div><div class=\"uagb-columns__inner-wrap uagb-columns__columns-3\">\n<div class=\"wp-block-uagb-column uagb-column__wrap uagb-column__background-undefined uagb-block-571319f2\"><div class=\"uagb-column__overlay\"><\/div>\n<figure class=\"wp-block-image aligncenter size-large\"><a href=\"https:\/\/visithoutskar.fi\/wp-content\/uploads\/2021\/06\/P1030317.00_35_15_19.Still0281.jpg\"><img decoding=\"async\" width=\"936\" height=\"534\" src=\"https:\/\/visithoutskar.fi\/wp-content\/uploads\/2021\/06\/P1030317.00_35_15_19.Still0281.jpg\" alt=\"\" class=\"wp-image-51668\" srcset=\"https:\/\/visithoutskar.fi\/wp-content\/uploads\/2021\/06\/P1030317.00_35_15_19.Still0281.jpg 936w, https:\/\/visithoutskar.fi\/wp-content\/uploads\/2021\/06\/P1030317.00_35_15_19.Still0281-300x171.jpg 300w, https:\/\/visithoutskar.fi\/wp-content\/uploads\/2021\/06\/P1030317.00_35_15_19.Still0281-768x438.jpg 768w\" sizes=\"(max-width: 936px) 100vw, 936px\" \/><\/a><\/figure>\n\n\n\n<p class=\"has-text-align-center\"><strong>ARCHIPELAGO MUSEUM<\/strong><\/p>\n\n\n\n<p>The Archipelago Museum in Houtsk\u00e4r holds a unique collection of different types of boats typical for this part of the Finnish archipelago.  Visit the museum buildings by the sea to see these exhibitions. <em>Contact information &amp; opening hours<\/em>: <a href=\"https:\/\/www.facebook.com\/houtskarsskargardsmuseum\/\" target=\"_blank\" rel=\"noopener\"><strong>Houtsk\u00e4rs Sk\u00e4rg\u00e5rdsmuseum<\/strong><\/a><strong>.<\/strong><\/p>\n<\/div>\n\n\n\n<div class=\"wp-block-uagb-column uagb-column__wrap uagb-column__background-undefined uagb-block-49ef4cca\"><div class=\"uagb-column__overlay\"><\/div>\n<figure class=\"wp-block-image aligncenter size-large\"><a href=\"https:\/\/visithoutskar.fi\/wp-content\/uploads\/2021\/06\/jerusalema.jpg\"><img decoding=\"async\" width=\"674\" height=\"378\" src=\"https:\/\/visithoutskar.fi\/wp-content\/uploads\/2021\/06\/jerusalema.jpg\" alt=\"\" class=\"wp-image-51594\" srcset=\"https:\/\/visithoutskar.fi\/wp-content\/uploads\/2021\/06\/jerusalema.jpg 674w, https:\/\/visithoutskar.fi\/wp-content\/uploads\/2021\/06\/jerusalema-300x168.jpg 300w\" sizes=\"(max-width: 674px) 100vw, 674px\" \/><\/a><\/figure>\n\n\n\n<p class=\"has-text-align-center\"><strong>HOUTSK\u00c4R JERUSALEMA -CHALLENGE<\/strong><\/p>\n\n\n\n<p>Houtsk\u00e4r participated in the popular and worldwide Jerucalema Dance Challenge that many know from social media. Take a look how the enthusiastic people in Houtks\u00e4r joined dancing all around the islands! <a href=\"https:\/\/www.youtube.com\/watch?v=0hAJc-TvLVo\" target=\"_blank\" rel=\"noopener\"><strong>Video<\/strong><\/a> was filmed in May 2021.<\/p>\n<\/div>\n\n\n\n<div class=\"wp-block-uagb-column uagb-column__wrap uagb-column__background-undefined uagb-block-f3812368\"><div class=\"uagb-column__overlay\"><\/div>\n<figure class=\"wp-block-image aligncenter size-large\"><a href=\"https:\/\/visithoutskar.fi\/wp-content\/uploads\/2022\/04\/pafilm3-1.jpg\"><img decoding=\"async\" width=\"1024\" height=\"576\" src=\"https:\/\/visithoutskar.fi\/wp-content\/uploads\/2022\/04\/pafilm3-1-1024x576.jpg\" alt=\"\" class=\"wp-image-52120\" srcset=\"https:\/\/visithoutskar.fi\/wp-content\/uploads\/2022\/04\/pafilm3-1-1024x576.jpg 1024w, https:\/\/visithoutskar.fi\/wp-content\/uploads\/2022\/04\/pafilm3-1-300x169.jpg 300w, https:\/\/visithoutskar.fi\/wp-content\/uploads\/2022\/04\/pafilm3-1-768x432.jpg 768w, https:\/\/visithoutskar.fi\/wp-content\/uploads\/2022\/04\/pafilm3-1.jpg 1152w\" sizes=\"(max-width: 1024px) 100vw, 1024px\" \/><\/a><\/figure>\n\n\n\n<p class=\"has-text-align-center\"><strong>HOUTSK\u00c4R ON VIDEO<\/strong><\/p>\n\n\n\n<p>Now you can get to know Houtsk\u00e4r also as a video presentation! See and experience the beauty of life in archipelago through variation of the seasons and local events. You can watch the video <strong><a href=\"https:\/\/www.youtube.com\/watch?v=x4xyyAXnk1Y\" target=\"_blank\" rel=\"noopener\">here<\/a><\/strong>.<\/p>\n<\/div>\n<\/div><\/section>\n","protected":false},"excerpt":{"rendered":"<p>Houtskar &#8211; Something More Visit Houtskar is an online guide online for everyone. Come visit, fall in love and stay here forever! There are many extraordinary things in Houtskar &#8211; [&hellip;]<\/p>\n","protected":false},"author":1,"featured_media":0,"parent":0,"menu_order":0,"comment_status":"closed","ping_status":"closed","template":"","meta":{"_uag_custom_page_level_css":"","site-sidebar-layout":"default","site-content-layout":"default","ast-site-content-layout":"default","site-content-style":"default","site-sidebar-style":"default","ast-global-header-display":"","ast-banner-title-visibility":"","ast-main-header-display":"","ast-hfb-above-header-display":"","ast-hfb-below-header-display":"","ast-hfb-mobile-header-display":"","site-post-title":"disabled","ast-breadcrumbs-content":"","ast-featured-img":"","footer-sml-layout":"","ast-disable-related-posts":"","theme-transparent-header-meta":"default","adv-header-id-meta":"","stick-header-meta":"default","header-above-stick-meta":"","header-main-stick-meta":"","header-below-stick-meta":"","astra-migrate-meta-layouts":"set","ast-page-background-enabled":"default","ast-page-background-meta":{"desktop":{"background-color":"","background-image":"","background-repeat":"repeat","background-position":"center center","background-size":"auto","background-attachment":"scroll","background-type":"","background-media":"","overlay-type":"","overlay-color":"","overlay-opacity":"","overlay-gradient":""},"tablet":{"background-color":"","background-image":"","background-repeat":"repeat","background-position":"center center","background-size":"auto","background-attachment":"scroll","background-type":"","background-media":"","overlay-type":"","overlay-color":"","overlay-opacity":"","overlay-gradient":""},"mobile":{"background-color":"","background-image":"","background-repeat":"repeat","background-position":"center center","background-size":"auto","background-attachment":"scroll","background-type":"","background-media":"","overlay-type":"","overlay-color":"","overlay-opacity":"","overlay-gradient":""}},"ast-content-background-meta":{"desktop":{"background-color":"var(--ast-global-color-5)","background-image":"","background-repeat":"repeat","background-position":"center center","background-size":"auto","background-attachment":"scroll","background-type":"","background-media":"","overlay-type":"","overlay-color":"","overlay-opacity":"","overlay-gradient":""},"tablet":{"background-color":"var(--ast-global-color-5)","background-image":"","background-repeat":"repeat","background-position":"center center","background-size":"auto","background-attachment":"scroll","background-type":"","background-media":"","overlay-type":"","overlay-color":"","overlay-opacity":"","overlay-gradient":""},"mobile":{"background-color":"var(--ast-global-color-5)","background-image":"","background-repeat":"repeat","background-position":"center center","background-size":"auto","background-attachment":"scroll","background-type":"","background-media":"","overlay-type":"","overlay-color":"","overlay-opacity":"","overlay-gradient":""}},"footnotes":""},"class_list":["post-32","page","type-page","status-publish","hentry"],"uagb_featured_image_src":{"full":false,"thumbnail":false,"medium":false,"medium_large":false,"large":false,"gs-tiny":false,"xl":false,"xxl":false,"xxxl":false,"xxxxl":false,"xxxxxl":false,"1536x1536":false,"2048x2048":false},"uagb_author_info":{"display_name":"admin","author_link":"https:\/\/visithoutskar.fi\/en\/author\/frank\/"},"uagb_comment_info":0,"uagb_excerpt":"Houtskar &#8211; Something More Visit Houtskar is an online guide online for everyone. Come visit, fall in love and stay here forever! There are many extraordinary things in Houtskar &#8211; [&hellip;]","_links":{"self":[{"href":"https:\/\/visithoutskar.fi\/en\/wp-json\/wp\/v2\/pages\/32","targetHints":{"allow":["GET"]}}],"collection":[{"href":"https:\/\/visithoutskar.fi\/en\/wp-json\/wp\/v2\/pages"}],"about":[{"href":"https:\/\/visithoutskar.fi\/en\/wp-json\/wp\/v2\/types\/page"}],"author":[{"embeddable":true,"href":"https:\/\/visithoutskar.fi\/en\/wp-json\/wp\/v2\/users\/1"}],"replies":[{"embeddable":true,"href":"https:\/\/visithoutskar.fi\/en\/wp-json\/wp\/v2\/comments?post=32"}],"version-history":[{"count":0,"href":"https:\/\/visithoutskar.fi\/en\/wp-json\/wp\/v2\/pages\/32\/revisions"}],"wp:attachment":[{"href":"https:\/\/visithoutskar.fi\/en\/wp-json\/wp\/v2\/media?parent=32"}],"curies":[{"name":"wp","href":"https:\/\/api.w.org\/{rel}","templated":true}]}}