{"id":48814,"date":"2019-06-06T22:02:55","date_gmt":"2019-06-06T19:02:55","guid":{"rendered":"https:\/\/visithoutskar.fi\/?page_id=48814"},"modified":"2021-06-29T13:54:10","modified_gmt":"2021-06-29T10:54:10","slug":"see-experience","status":"publish","type":"page","link":"https:\/\/visithoutskar.fi\/en\/see-experience\/","title":{"rendered":"See &#038; Experience"},"content":{"rendered":"\n<div class=\"wp-block-columns is-layout-flex wp-container-core-columns-is-layout-28f84493 wp-block-columns-is-layout-flex\">\n<div class=\"wp-block-column is-layout-flow wp-block-column-is-layout-flow\">\n<p>There are a lot of activities in Houtsk\u00e4r during the summer. New this year are the beautiful bus&nbsp;stops you can admire along the roads. Why not take a selfie in front of every bus stop to send home&nbsp;to your friends? We also offer unique archipelago experiences by ferry to different islands \u2013 all for&nbsp;free! Check out the information sheet to learn more about island hopping!&nbsp;When you visit the museum area you could go for a walk around the St Andreas Culture Path. It&nbsp;starts at the church and continues down by Saint Andrew&#8217;s vicarage, the parish hall and the old&nbsp;execution site, the scaffold. It then passes the municipality house, our current administrative office,&nbsp;and ends at the old village hall. The path is marked with 10 information signs in three different<br>languages.<\/p>\n\n\n\n<p>If you are looking for an active holiday you can rent a bike at three different locations, visit the&nbsp;mini arena at Tr\u00e4sk elementary school, work out at the fitness trail that weaves through the woods&nbsp;by the crossroads in Tr\u00e4sk, rent kayaks and boats in various sizes or maybe play miniature golf&nbsp;outside the tourist information in N\u00e4sby. You&#8217;ll find information about everything in this chapter.<\/p>\n\n\n\n<figure class=\"wp-block-image\"><img decoding=\"async\" width=\"1364\" height=\"654\" src=\"https:\/\/visithoutskar.fi\/wp-content\/uploads\/2021\/06\/lyckebotorg.jpg\" alt=\"\" class=\"wp-image-51400\" srcset=\"https:\/\/visithoutskar.fi\/wp-content\/uploads\/2021\/06\/lyckebotorg.jpg 1364w, https:\/\/visithoutskar.fi\/wp-content\/uploads\/2021\/06\/lyckebotorg-300x144.jpg 300w, https:\/\/visithoutskar.fi\/wp-content\/uploads\/2021\/06\/lyckebotorg-1024x491.jpg 1024w, https:\/\/visithoutskar.fi\/wp-content\/uploads\/2021\/06\/lyckebotorg-768x368.jpg 768w\" sizes=\"(max-width: 1364px) 100vw, 1364px\" \/><\/figure>\n\n\n\n<p>Kids also like miniature golf or climbing in the big climbing frames at Tr\u00e4sk elementary school,&nbsp;wall climbing at the mini arena or to visit Pike and the Gang down by the guest harbor. You can&nbsp;borrow a landing net from the guest harbour or a fishing rod from the tourist information. You have&nbsp;to understand the fishing license regulation as described in the brochure \u201cWelcome to the&nbsp;archipelago\u201d if you want to be fishing in any other way.<\/p>\n\n\n\n<p>You can also just relax and go for a stroll in nature, discover new plants and wild animals, pick berries and mushrooms, watch birds by land and sea or maybe go for a swim at Vitteludd beach. It is also possible to rent a sauna in at least three different locations.<\/p>\n\n\n\n<figure class=\"wp-block-image size-large\"><a href=\"https:\/\/visithoutskar.fi\/wp-content\/uploads\/2021\/06\/Antonia-i-Mossala-210619-Harifran-kan-du-fortsatta-mot-Inio.jpg\"><img decoding=\"async\" width=\"1024\" height=\"496\" src=\"https:\/\/visithoutskar.fi\/wp-content\/uploads\/2021\/06\/Antonia-i-Mossala-210619-Harifran-kan-du-fortsatta-mot-Inio-1024x496.jpg\" alt=\"\" class=\"wp-image-51795\" srcset=\"https:\/\/visithoutskar.fi\/wp-content\/uploads\/2021\/06\/Antonia-i-Mossala-210619-Harifran-kan-du-fortsatta-mot-Inio-1024x496.jpg 1024w, https:\/\/visithoutskar.fi\/wp-content\/uploads\/2021\/06\/Antonia-i-Mossala-210619-Harifran-kan-du-fortsatta-mot-Inio-300x145.jpg 300w, https:\/\/visithoutskar.fi\/wp-content\/uploads\/2021\/06\/Antonia-i-Mossala-210619-Harifran-kan-du-fortsatta-mot-Inio-768x372.jpg 768w, https:\/\/visithoutskar.fi\/wp-content\/uploads\/2021\/06\/Antonia-i-Mossala-210619-Harifran-kan-du-fortsatta-mot-Inio.jpg 1276w\" sizes=\"(max-width: 1024px) 100vw, 1024px\" \/><\/a><\/figure>\n\n\n\n<p><strong>ISLAND HOPPING<\/strong><br><em>The boat trips has to be reserved a day before travelling and before 16 pm!<\/em><\/p>\n\n\n\n<p><strong>1. Tuesday   m\/s Satava +358 40 849 5140<\/strong><br>Roslax 12.20y -&gt; Lempmo \u2013 Ytterst\u00f6 \u2013 Bockholm \u2013 S\u00f6vd\u00f6 \u2013 N\u00e5t\u00f6 -&gt; Torsholma 14.40 y -&gt; N\u00e5t\u00f6 \u2013 S\u00f6vd\u00f6 \u2013 Bockholm \u2013 Ytterst\u00f6 \u2013 Lempmo -&gt; Roslax 16.45y<\/p>\n\n\n\n<p><strong>2. Wednesday    m\/s Karolina +358 40 717 3455 m\/s Karolina<\/strong><br>Roslax 12.50y -&gt; S\u00f6rd\u00f6 \u2013 Lempn\u00e4s \u2013 Lempmo \u2013 Ytterst\u00f6 \u2013 \u00c4ppl\u00f6 \u2013 Bockholm \u2013 S\u00f6vd\u00f6 \u2013 N\u00e5t\u00f6 -&gt; Torsholma 14.40y<br>Torsholma 14.45y -&gt; N\u00e5t\u00f6 \u2013 S\u00f6vd\u00f6 \u2013 Bockholm \u2013 \u00c4ppl\u00f6 \u2013 Ytterst\u00f6 \u2013 Lempmo \u2013 Lempn\u00e4s \u2013 S\u00f6rd\u00f6 -&gt; Roslax 16.15y<\/p>\n\n\n\n<p><strong>3. Thursday    m\/s Satava +358 40 849 5140<\/strong><br>Roslax 12.20y -&gt; Lempn\u00e4s \u2013 \u00c4ppl\u00f6 \u2013 Bockholm \u2013 S\u00f6vd\u00f6 \u2013 N\u00e5t\u00f6 -&gt; Torsholma 14.40y -&gt; N\u00e5t\u00f6 \u2013 S\u00f6vd\u00f6 \u2013 Bockholm \u2013 \u00c4ppl\u00f6 \u2013 Lempn\u00e4s -&gt; Roslax 16.45y<\/p>\n\n\n\n<p><strong>4. Friday    m\/s Karolina +358 40 717 3455<\/strong><br>Roslax 12.35y -&gt; Ytterst\u00f6 \u2013 \u00c4ppl\u00f6 \u2013 Bockholm \u2013 S\u00f6vd\u00f6 \u2013 N\u00e5t\u00f6 -&gt; Torsholma 14.40y -&gt; N\u00e5t\u00f6 \u2013 S\u00f6vd\u00f6 \u2013 Bockholm \u2013 \u00c4ppl\u00f6 \u2013 Ytterst\u00f6 -&gt; Roslax 15.55y<\/p>\n\n\n\n<p><strong>5. Sunday    m\/s Karolina +358 40 717 3455<\/strong><br>Roslax 11.30y -&gt; S\u00f6rd\u00f6 \u2013 Lempn\u00e4s \u2013 Lempmo \u2013 Ytterst\u00f6 \u2013 \u00c4ppl\u00f6 \u2013 Bockholm \u2013 S\u00f6vd\u00f6 \u2013 N\u00e5t\u00f6 \u2013 H\u00e4rklot \u2013 Sj\u00e4l\u00f6 -&gt; Torsholma 13.15y<br>Torsholma 13.20y -&gt; Sj\u00e4l\u00f6 15.15y -&gt; H\u00e4rklot \u2013 N\u00e5t\u00f6 \u2013 S\u00f6vd\u00f6 \u2013 Bockholm \u2013 \u00c4ppl\u00f6 \u2013 Ytterst\u00f6 \u2013 Lempmo \u2013 Lempn\u00e4s \u2013 S\u00f6rd\u00f6 -&gt; Roslax 16.45y<\/p>\n\n\n\n<p><em>TRIP IS FREE OF CHARGE! y = ordening trip<\/em><\/p>\n<\/div>\n\n\n\n<div class=\"wp-block-column is-layout-flow wp-block-column-is-layout-flow\">\n<p><a href=\"https:\/\/visithoutskar.fi\/en\/see-experience\/old-sailing-boats\/\">Old sailing boats and sailing competitions<\/a><\/p>\n\n\n\n<p><a href=\"https:\/\/visithoutskar.fi\/en\/see-experience\/bjorko-village-museum-and-grandmas-cottage\/\">Bj\u00f6rk\u00f6 Village Shop &amp; \u201cGrandma\u2019s Cottage\u201d<\/a><\/p>\n\n\n\n<p><a href=\"https:\/\/visithoutskar.fi\/en\/see-experience\/bus-stops\/\">Check out the bus stops<\/a><\/p>\n\n\n\n<p><a href=\"https:\/\/visithoutskar.fi\/en\/see-experience\/borgberg-observation-tower\/\">Borgberg observation tower<\/a><\/p>\n\n\n\n<p><a href=\"https:\/\/visithoutskar.fi\/en\/see-experience\/boathouses\/\">Boathouses<\/a><\/p>\n\n\n\n<p><a href=\"https:\/\/visithoutskar.fi\/en\/see-experience\/geocaching\/\">Geocaching <\/a><\/p>\n\n\n\n<p><a href=\"https:\/\/visithoutskar.fi\/en\/see-experience\/wooden-church\/\">Houtsk\u00e4r wooden church<\/a><\/p>\n\n\n\n<p><a href=\"https:\/\/visithoutskar.fi\/en\/see-experience\/midsummer-poles-and-midsummer-celebration\/\">Midsummer poles and midsummer celebration<\/a><\/p>\n\n\n\n<p><a href=\"https:\/\/visithoutskar.fi\/en\/see-experience\/the-archipelago-museum\/\">The Archipelago Museum<\/a><\/p>\n\n\n\n<p><\/p>\n<\/div>\n<\/div>\n","protected":false},"excerpt":{"rendered":"<p>There are a lot of activities in Houtsk\u00e4r during the summer. New this year are the beautiful bus&nbsp;stops you can admire along the roads. Why not take a selfie in [&hellip;]<\/p>\n","protected":false},"author":1,"featured_media":51381,"parent":0,"menu_order":1,"comment_status":"closed","ping_status":"closed","template":"","meta":{"_uag_custom_page_level_css":"","site-sidebar-layout":"default","site-content-layout":"default","ast-site-content-layout":"default","site-content-style":"default","site-sidebar-style":"default","ast-global-header-display":"","ast-banner-title-visibility":"","ast-main-header-display":"","ast-hfb-above-header-display":"","ast-hfb-below-header-display":"","ast-hfb-mobile-header-display":"","site-post-title":"","ast-breadcrumbs-content":"","ast-featured-img":"","footer-sml-layout":"","ast-disable-related-posts":"","theme-transparent-header-meta":"default","adv-header-id-meta":"","stick-header-meta":"default","header-above-stick-meta":"","header-main-stick-meta":"","header-below-stick-meta":"","astra-migrate-meta-layouts":"default","ast-page-background-enabled":"default","ast-page-background-meta":{"desktop":{"background-color":"","background-image":"","background-repeat":"repeat","background-position":"center center","background-size":"auto","background-attachment":"scroll","background-type":"","background-media":"","overlay-type":"","overlay-color":"","overlay-opacity":"","overlay-gradient":""},"tablet":{"background-color":"","background-image":"","background-repeat":"repeat","background-position":"center center","background-size":"auto","background-attachment":"scroll","background-type":"","background-media":"","overlay-type":"","overlay-color":"","overlay-opacity":"","overlay-gradient":""},"mobile":{"background-color":"","background-image":"","background-repeat":"repeat","background-position":"center center","background-size":"auto","background-attachment":"scroll","background-type":"","background-media":"","overlay-type":"","overlay-color":"","overlay-opacity":"","overlay-gradient":""}},"ast-content-background-meta":{"desktop":{"background-color":"var(--ast-global-color-5)","background-image":"","background-repeat":"repeat","background-position":"center center","background-size":"auto","background-attachment":"scroll","background-type":"","background-media":"","overlay-type":"","overlay-color":"","overlay-opacity":"","overlay-gradient":""},"tablet":{"background-color":"var(--ast-global-color-5)","background-image":"","background-repeat":"repeat","background-position":"center center","background-size":"auto","background-attachment":"scroll","background-type":"","background-media":"","overlay-type":"","overlay-color":"","overlay-opacity":"","overlay-gradient":""},"mobile":{"background-color":"var(--ast-global-color-5)","background-image":"","background-repeat":"repeat","background-position":"center center","background-size":"auto","background-attachment":"scroll","background-type":"","background-media":"","overlay-type":"","overlay-color":"","overlay-opacity":"","overlay-gradient":""}},"footnotes":""},"class_list":["post-48814","page","type-page","status-publish","has-post-thumbnail","hentry"],"uagb_featured_image_src":{"full":["https:\/\/visithoutskar.fi\/wp-content\/uploads\/2021\/06\/naekoe2.jpg",1556,652,false],"thumbnail":["https:\/\/visithoutskar.fi\/wp-content\/uploads\/2021\/06\/naekoe2-150x150.jpg",150,150,true],"medium":["https:\/\/visithoutskar.fi\/wp-content\/uploads\/2021\/06\/naekoe2-300x126.jpg",300,126,true],"medium_large":["https:\/\/visithoutskar.fi\/wp-content\/uploads\/2021\/06\/naekoe2-768x322.jpg",768,322,true],"large":["https:\/\/visithoutskar.fi\/wp-content\/uploads\/2021\/06\/naekoe2-1024x429.jpg",1024,429,true],"gs-tiny":["https:\/\/visithoutskar.fi\/wp-content\/uploads\/2021\/06\/naekoe2.jpg",50,21,false],"xl":["https:\/\/visithoutskar.fi\/wp-content\/uploads\/2021\/06\/naekoe2.jpg",1556,652,false],"xxl":["https:\/\/visithoutskar.fi\/wp-content\/uploads\/2021\/06\/naekoe2.jpg",1556,652,false],"xxxl":["https:\/\/visithoutskar.fi\/wp-content\/uploads\/2021\/06\/naekoe2.jpg",1556,652,false],"xxxxl":["https:\/\/visithoutskar.fi\/wp-content\/uploads\/2021\/06\/naekoe2.jpg",1556,652,false],"xxxxxl":["https:\/\/visithoutskar.fi\/wp-content\/uploads\/2021\/06\/naekoe2.jpg",1556,652,false],"1536x1536":["https:\/\/visithoutskar.fi\/wp-content\/uploads\/2021\/06\/naekoe2-1536x644.jpg",1536,644,true],"2048x2048":["https:\/\/visithoutskar.fi\/wp-content\/uploads\/2021\/06\/naekoe2.jpg",1556,652,false]},"uagb_author_info":{"display_name":"admin","author_link":"https:\/\/visithoutskar.fi\/en\/author\/frank\/"},"uagb_comment_info":0,"uagb_excerpt":"There are a lot of activities in Houtsk\u00e4r during the summer. New this year are the beautiful bus&nbsp;stops you can admire along the roads. Why not take a selfie in [&hellip;]","_links":{"self":[{"href":"https:\/\/visithoutskar.fi\/en\/wp-json\/wp\/v2\/pages\/48814","targetHints":{"allow":["GET"]}}],"collection":[{"href":"https:\/\/visithoutskar.fi\/en\/wp-json\/wp\/v2\/pages"}],"about":[{"href":"https:\/\/visithoutskar.fi\/en\/wp-json\/wp\/v2\/types\/page"}],"author":[{"embeddable":true,"href":"https:\/\/visithoutskar.fi\/en\/wp-json\/wp\/v2\/users\/1"}],"replies":[{"embeddable":true,"href":"https:\/\/visithoutskar.fi\/en\/wp-json\/wp\/v2\/comments?post=48814"}],"version-history":[{"count":0,"href":"https:\/\/visithoutskar.fi\/en\/wp-json\/wp\/v2\/pages\/48814\/revisions"}],"wp:featuredmedia":[{"embeddable":true,"href":"https:\/\/visithoutskar.fi\/en\/wp-json\/wp\/v2\/media\/51381"}],"wp:attachment":[{"href":"https:\/\/visithoutskar.fi\/en\/wp-json\/wp\/v2\/media?parent=48814"}],"curies":[{"name":"wp","href":"https:\/\/api.w.org\/{rel}","templated":true}]}}