{"id":48836,"date":"2019-03-27T09:20:43","date_gmt":"2019-03-27T07:20:43","guid":{"rendered":"https:\/\/visithoutskar.fi\/see-experience\/geokatkot\/"},"modified":"2021-06-29T12:11:59","modified_gmt":"2021-06-29T09:11:59","slug":"geocaching","status":"publish","type":"page","link":"https:\/\/visithoutskar.fi\/en\/see-experience\/geocaching\/","title":{"rendered":"Geocaching in Houtsk\u00e4r"},"content":{"rendered":"<p>You can find many geocaches in Houtsk\u00e4r. Geocaching is a nice way to get familiar with Houtsk\u00e4r region. In many cache descriptions you can read some history or information about the local region.<\/p>\n<p><strong>What is Geocaching?<\/strong><\/p>\n<p>Geocaching is a real-world, outdoor adventure that is happening all the time, all around the world. To play, participants use the Geocaching app and\/or a GPS device to navigate to cleverly hidden containers called geocaches. There are millions of geocaches in 200 countries waiting to be discovered\u2014there are probably even some near you right now. Geocaching offers something for everyone, from families with children to retirees. Some geocachers play the game to see how many total \u201cfinds\u201d they can get, while others play to see how many new states or countries they can visit. Geocaching is a great way to find remarkable destinations that you would not have otherwise discovered. It is also an excellent education tool and an excuse to get off the couch.<a href=\"https:\/\/visithoutskar.fi\/wp-content\/uploads\/2021\/06\/geo.jpg\"><img decoding=\"async\" class=\"wp-image-51625 alignright\" src=\"https:\/\/visithoutskar.fi\/wp-content\/uploads\/2021\/06\/geo.jpg\" alt=\"\" width=\"475\" height=\"296\" srcset=\"https:\/\/visithoutskar.fi\/wp-content\/uploads\/2021\/06\/geo.jpg 822w, https:\/\/visithoutskar.fi\/wp-content\/uploads\/2021\/06\/geo-300x187.jpg 300w, https:\/\/visithoutskar.fi\/wp-content\/uploads\/2021\/06\/geo-768x478.jpg 768w\" sizes=\"(max-width: 475px) 100vw, 475px\" \/><\/a><\/p>\n<p><strong>How do I start geocaching?<\/strong><\/p>\n<p>To get started, create a free basic account and use Geocaching.com or the free Geocaching\u00ae app to search for geocaches near your location. Whether you are off to find your first geocache or your ten-thousandth, the Geocaching\u00ae app is your ultimate geocaching toolbox. With premium account you can find even more caches. Once you find a geocache, open it up and sign the logbook. You may discover some trade or swag items (small toys, keychains, trinkets) inside the geocache. The general rule of thumb is if you take something, leave something of equal or greater value. Then, place the container back exactly how you found it and share your experience online with the rest of the geocaching community.<\/p>\n<p>You can learn more about geocaching through the<a href=\"http:\/\/www.geocaching.com\" target=\"_blank\" rel=\"noopener\"> www.geocaching.com<\/a> or The Geocaching Channel on YouTube.<\/p>\n<p><strong>Ethical codes<\/strong><\/p>\n<p>When placing or seeking geocaches, I will:<br \/>\n<em>&#8211; Not endanger myself or others<\/em><br \/>\n<em>&#8211; Observe all laws &amp; rules of the area<\/em><br \/>\n<em>&#8211; Respect property rights and seek permission where appropriate<\/em><br \/>\n<em>&#8211; Avoid causing disruptions or public alarm<\/em><br \/>\n<em>&#8211; Minimize my and others&#8217; impact on the environment<\/em><br \/>\n<em>&#8211; Be considerate of others<\/em><br \/>\n<em>&#8211; Protect the integrity of the game pieces<\/em><\/p>\n<p><strong>Happy hunting!<\/strong><\/p>\n","protected":false},"excerpt":{"rendered":"<p>You can find many geocaches in Houtsk\u00e4r. Geocaching is a nice way to get familiar with Houtsk\u00e4r region. In many cache descriptions you can read some history or information about [&hellip;]<\/p>\n","protected":false},"author":1,"featured_media":51623,"parent":48814,"menu_order":0,"comment_status":"closed","ping_status":"closed","template":"","meta":{"_uag_custom_page_level_css":"","site-sidebar-layout":"default","site-content-layout":"default","ast-site-content-layout":"default","site-content-style":"default","site-sidebar-style":"default","ast-global-header-display":"","ast-banner-title-visibility":"","ast-main-header-display":"","ast-hfb-above-header-display":"","ast-hfb-below-header-display":"","ast-hfb-mobile-header-display":"","site-post-title":"","ast-breadcrumbs-content":"","ast-featured-img":"","footer-sml-layout":"","ast-disable-related-posts":"","theme-transparent-header-meta":"default","adv-header-id-meta":"","stick-header-meta":"default","header-above-stick-meta":"","header-main-stick-meta":"","header-below-stick-meta":"","astra-migrate-meta-layouts":"default","ast-page-background-enabled":"default","ast-page-background-meta":{"desktop":{"background-color":"","background-image":"","background-repeat":"repeat","background-position":"center center","background-size":"auto","background-attachment":"scroll","background-type":"","background-media":"","overlay-type":"","overlay-color":"","overlay-opacity":"","overlay-gradient":""},"tablet":{"background-color":"","background-image":"","background-repeat":"repeat","background-position":"center center","background-size":"auto","background-attachment":"scroll","background-type":"","background-media":"","overlay-type":"","overlay-color":"","overlay-opacity":"","overlay-gradient":""},"mobile":{"background-color":"","background-image":"","background-repeat":"repeat","background-position":"center center","background-size":"auto","background-attachment":"scroll","background-type":"","background-media":"","overlay-type":"","overlay-color":"","overlay-opacity":"","overlay-gradient":""}},"ast-content-background-meta":{"desktop":{"background-color":"var(--ast-global-color-5)","background-image":"","background-repeat":"repeat","background-position":"center center","background-size":"auto","background-attachment":"scroll","background-type":"","background-media":"","overlay-type":"","overlay-color":"","overlay-opacity":"","overlay-gradient":""},"tablet":{"background-color":"var(--ast-global-color-5)","background-image":"","background-repeat":"repeat","background-position":"center center","background-size":"auto","background-attachment":"scroll","background-type":"","background-media":"","overlay-type":"","overlay-color":"","overlay-opacity":"","overlay-gradient":""},"mobile":{"background-color":"var(--ast-global-color-5)","background-image":"","background-repeat":"repeat","background-position":"center center","background-size":"auto","background-attachment":"scroll","background-type":"","background-media":"","overlay-type":"","overlay-color":"","overlay-opacity":"","overlay-gradient":""}},"footnotes":""},"class_list":["post-48836","page","type-page","status-publish","has-post-thumbnail","hentry"],"uagb_featured_image_src":{"full":["https:\/\/visithoutskar.fi\/wp-content\/uploads\/2021\/06\/geo2.jpg",1220,488,false],"thumbnail":["https:\/\/visithoutskar.fi\/wp-content\/uploads\/2021\/06\/geo2-150x150.jpg",150,150,true],"medium":["https:\/\/visithoutskar.fi\/wp-content\/uploads\/2021\/06\/geo2-300x120.jpg",300,120,true],"medium_large":["https:\/\/visithoutskar.fi\/wp-content\/uploads\/2021\/06\/geo2-768x307.jpg",768,307,true],"large":["https:\/\/visithoutskar.fi\/wp-content\/uploads\/2021\/06\/geo2-1024x410.jpg",1024,410,true],"gs-tiny":["https:\/\/visithoutskar.fi\/wp-content\/uploads\/2021\/06\/geo2.jpg",50,20,false],"xl":["https:\/\/visithoutskar.fi\/wp-content\/uploads\/2021\/06\/geo2.jpg",1220,488,false],"xxl":["https:\/\/visithoutskar.fi\/wp-content\/uploads\/2021\/06\/geo2.jpg",1220,488,false],"xxxl":["https:\/\/visithoutskar.fi\/wp-content\/uploads\/2021\/06\/geo2.jpg",1220,488,false],"xxxxl":["https:\/\/visithoutskar.fi\/wp-content\/uploads\/2021\/06\/geo2.jpg",1220,488,false],"xxxxxl":["https:\/\/visithoutskar.fi\/wp-content\/uploads\/2021\/06\/geo2.jpg",1220,488,false],"1536x1536":["https:\/\/visithoutskar.fi\/wp-content\/uploads\/2021\/06\/geo2.jpg",1220,488,false],"2048x2048":["https:\/\/visithoutskar.fi\/wp-content\/uploads\/2021\/06\/geo2.jpg",1220,488,false]},"uagb_author_info":{"display_name":"admin","author_link":"https:\/\/visithoutskar.fi\/en\/author\/frank\/"},"uagb_comment_info":0,"uagb_excerpt":"You can find many geocaches in Houtsk\u00e4r. Geocaching is a nice way to get familiar with Houtsk\u00e4r region. In many cache descriptions you can read some history or information about [&hellip;]","_links":{"self":[{"href":"https:\/\/visithoutskar.fi\/en\/wp-json\/wp\/v2\/pages\/48836","targetHints":{"allow":["GET"]}}],"collection":[{"href":"https:\/\/visithoutskar.fi\/en\/wp-json\/wp\/v2\/pages"}],"about":[{"href":"https:\/\/visithoutskar.fi\/en\/wp-json\/wp\/v2\/types\/page"}],"author":[{"embeddable":true,"href":"https:\/\/visithoutskar.fi\/en\/wp-json\/wp\/v2\/users\/1"}],"replies":[{"embeddable":true,"href":"https:\/\/visithoutskar.fi\/en\/wp-json\/wp\/v2\/comments?post=48836"}],"version-history":[{"count":0,"href":"https:\/\/visithoutskar.fi\/en\/wp-json\/wp\/v2\/pages\/48836\/revisions"}],"up":[{"embeddable":true,"href":"https:\/\/visithoutskar.fi\/en\/wp-json\/wp\/v2\/pages\/48814"}],"wp:featuredmedia":[{"embeddable":true,"href":"https:\/\/visithoutskar.fi\/en\/wp-json\/wp\/v2\/media\/51623"}],"wp:attachment":[{"href":"https:\/\/visithoutskar.fi\/en\/wp-json\/wp\/v2\/media?parent=48836"}],"curies":[{"name":"wp","href":"https:\/\/api.w.org\/{rel}","templated":true}]}}