{"id":48979,"date":"2019-05-03T18:32:09","date_gmt":"2019-05-03T15:32:09","guid":{"rendered":"https:\/\/visithoutskar.fi\/seurakunta\/"},"modified":"2021-06-29T13:57:41","modified_gmt":"2021-06-29T10:57:41","slug":"congregation","status":"publish","type":"page","link":"https:\/\/visithoutskar.fi\/en\/congregation\/","title":{"rendered":"Congregation"},"content":{"rendered":"\n<h6 class=\"wp-block-heading\"><strong>Houtsk\u00e4rs kapellf\u00f6rsamling (<em>congregation<\/em>)<\/strong><\/h6>\n\n\n\n<p>Houtsk\u00e4rs kapellf\u00f6rsamling is a Swedish speaking congregation in the Evangelical Lutheran Church of Finland. We are here worshiping, performing ceremonies and having other congregational gatherings all year round. Normally we gather in church on Sundays to worship at 11 am, sometimes with communion. The second Sunday is without service. <\/p>\n\n\n\n<h6 class=\"wp-block-heading\"><strong>Opening Hours<\/strong><\/h6>\n\n\n\n<p>The church is open for visitors every day from 9 am to 9 pm in the summer (May 1st &#8211; September 30th) and from 9 am to 6 pm in the winter (October 1st &#8211; April 30th) and you are welcome to visit. Take your time and sit down for a while. You might feel the presence of the divine. There are prayer stones in the church. You are welcome to use them. <\/p>\n\n\n\n<h6 class=\"wp-block-heading\"><strong>Events dates<\/strong><\/h6>\n\n\n\n<p><em>There aren&#8217;t many events right now due to the Covid-19 pandemic. <\/em><\/p>\n\n\n\n<h6 class=\"wp-block-heading\"><strong>You\u2019ll find us on internet at:<\/strong><\/h6>\n\n\n\n<p><a href=\"https:\/\/www.vastabolandsforsamling.fi\/houtskar-kapellforsamling\" target=\"_blank\" rel=\"noopener\">https:\/\/www.vastabolandsforsamling.fi\/houtskar-kapellforsamling<\/a><\/p>\n\n\n\n<p>Facebook <strong><a href=\"https:\/\/www.facebook.com\/vasfor\/\" target=\"_blank\" rel=\"noopener noreferrer\">@vasfor<\/a><\/strong><\/p>\n\n\n\n<p>Instagram <strong><a href=\"https:\/\/www.instagram.com\/vastabolandsforsamling\/\" target=\"_blank\" rel=\"noopener noreferrer\">@vastabolandsforsamling<\/a><\/strong><\/p>\n","protected":false},"excerpt":{"rendered":"<p>Houtsk\u00e4rs kapellf\u00f6rsamling (congregation) Houtsk\u00e4rs kapellf\u00f6rsamling is a Swedish speaking congregation in the Evangelical Lutheran Church of Finland. We are here worshiping, performing ceremonies and having other congregational gatherings all year [&hellip;]<\/p>\n","protected":false},"author":1,"featured_media":51434,"parent":0,"menu_order":0,"comment_status":"closed","ping_status":"closed","template":"","meta":{"_uag_custom_page_level_css":"","site-sidebar-layout":"default","site-content-layout":"default","ast-site-content-layout":"default","site-content-style":"default","site-sidebar-style":"default","ast-global-header-display":"","ast-banner-title-visibility":"","ast-main-header-display":"","ast-hfb-above-header-display":"","ast-hfb-below-header-display":"","ast-hfb-mobile-header-display":"","site-post-title":"","ast-breadcrumbs-content":"","ast-featured-img":"","footer-sml-layout":"","ast-disable-related-posts":"","theme-transparent-header-meta":"default","adv-header-id-meta":"","stick-header-meta":"default","header-above-stick-meta":"","header-main-stick-meta":"","header-below-stick-meta":"","astra-migrate-meta-layouts":"default","ast-page-background-enabled":"default","ast-page-background-meta":{"desktop":{"background-color":"","background-image":"","background-repeat":"repeat","background-position":"center center","background-size":"auto","background-attachment":"scroll","background-type":"","background-media":"","overlay-type":"","overlay-color":"","overlay-opacity":"","overlay-gradient":""},"tablet":{"background-color":"","background-image":"","background-repeat":"repeat","background-position":"center center","background-size":"auto","background-attachment":"scroll","background-type":"","background-media":"","overlay-type":"","overlay-color":"","overlay-opacity":"","overlay-gradient":""},"mobile":{"background-color":"","background-image":"","background-repeat":"repeat","background-position":"center center","background-size":"auto","background-attachment":"scroll","background-type":"","background-media":"","overlay-type":"","overlay-color":"","overlay-opacity":"","overlay-gradient":""}},"ast-content-background-meta":{"desktop":{"background-color":"var(--ast-global-color-5)","background-image":"","background-repeat":"repeat","background-position":"center center","background-size":"auto","background-attachment":"scroll","background-type":"","background-media":"","overlay-type":"","overlay-color":"","overlay-opacity":"","overlay-gradient":""},"tablet":{"background-color":"var(--ast-global-color-5)","background-image":"","background-repeat":"repeat","background-position":"center center","background-size":"auto","background-attachment":"scroll","background-type":"","background-media":"","overlay-type":"","overlay-color":"","overlay-opacity":"","overlay-gradient":""},"mobile":{"background-color":"var(--ast-global-color-5)","background-image":"","background-repeat":"repeat","background-position":"center center","background-size":"auto","background-attachment":"scroll","background-type":"","background-media":"","overlay-type":"","overlay-color":"","overlay-opacity":"","overlay-gradient":""}},"footnotes":""},"class_list":["post-48979","page","type-page","status-publish","has-post-thumbnail","hentry"],"uagb_featured_image_src":{"full":["https:\/\/visithoutskar.fi\/wp-content\/uploads\/2021\/06\/forsamlingen2-2.jpg",1330,654,false],"thumbnail":["https:\/\/visithoutskar.fi\/wp-content\/uploads\/2021\/06\/forsamlingen2-2-150x150.jpg",150,150,true],"medium":["https:\/\/visithoutskar.fi\/wp-content\/uploads\/2021\/06\/forsamlingen2-2-300x148.jpg",300,148,true],"medium_large":["https:\/\/visithoutskar.fi\/wp-content\/uploads\/2021\/06\/forsamlingen2-2-768x378.jpg",768,378,true],"large":["https:\/\/visithoutskar.fi\/wp-content\/uploads\/2021\/06\/forsamlingen2-2-1024x504.jpg",1024,504,true],"gs-tiny":["https:\/\/visithoutskar.fi\/wp-content\/uploads\/2021\/06\/forsamlingen2-2.jpg",50,25,false],"xl":["https:\/\/visithoutskar.fi\/wp-content\/uploads\/2021\/06\/forsamlingen2-2.jpg",1330,654,false],"xxl":["https:\/\/visithoutskar.fi\/wp-content\/uploads\/2021\/06\/forsamlingen2-2.jpg",1330,654,false],"xxxl":["https:\/\/visithoutskar.fi\/wp-content\/uploads\/2021\/06\/forsamlingen2-2.jpg",1330,654,false],"xxxxl":["https:\/\/visithoutskar.fi\/wp-content\/uploads\/2021\/06\/forsamlingen2-2.jpg",1330,654,false],"xxxxxl":["https:\/\/visithoutskar.fi\/wp-content\/uploads\/2021\/06\/forsamlingen2-2.jpg",1330,654,false],"1536x1536":["https:\/\/visithoutskar.fi\/wp-content\/uploads\/2021\/06\/forsamlingen2-2.jpg",1330,654,false],"2048x2048":["https:\/\/visithoutskar.fi\/wp-content\/uploads\/2021\/06\/forsamlingen2-2.jpg",1330,654,false]},"uagb_author_info":{"display_name":"admin","author_link":"https:\/\/visithoutskar.fi\/en\/author\/frank\/"},"uagb_comment_info":0,"uagb_excerpt":"Houtsk\u00e4rs kapellf\u00f6rsamling (congregation) Houtsk\u00e4rs kapellf\u00f6rsamling is a Swedish speaking congregation in the Evangelical Lutheran Church of Finland. We are here worshiping, performing ceremonies and having other congregational gatherings all year [&hellip;]","_links":{"self":[{"href":"https:\/\/visithoutskar.fi\/en\/wp-json\/wp\/v2\/pages\/48979","targetHints":{"allow":["GET"]}}],"collection":[{"href":"https:\/\/visithoutskar.fi\/en\/wp-json\/wp\/v2\/pages"}],"about":[{"href":"https:\/\/visithoutskar.fi\/en\/wp-json\/wp\/v2\/types\/page"}],"author":[{"embeddable":true,"href":"https:\/\/visithoutskar.fi\/en\/wp-json\/wp\/v2\/users\/1"}],"replies":[{"embeddable":true,"href":"https:\/\/visithoutskar.fi\/en\/wp-json\/wp\/v2\/comments?post=48979"}],"version-history":[{"count":0,"href":"https:\/\/visithoutskar.fi\/en\/wp-json\/wp\/v2\/pages\/48979\/revisions"}],"wp:featuredmedia":[{"embeddable":true,"href":"https:\/\/visithoutskar.fi\/en\/wp-json\/wp\/v2\/media\/51434"}],"wp:attachment":[{"href":"https:\/\/visithoutskar.fi\/en\/wp-json\/wp\/v2\/media?parent=48979"}],"curies":[{"name":"wp","href":"https:\/\/api.w.org\/{rel}","templated":true}]}}