{"id":49077,"date":"2019-06-17T10:53:14","date_gmt":"2019-06-17T07:53:14","guid":{"rendered":"https:\/\/visithoutskar.fi\/?page_id=49077"},"modified":"2021-06-29T13:59:50","modified_gmt":"2021-06-29T10:59:50","slug":"regional-office","status":"publish","type":"page","link":"https:\/\/visithoutskar.fi\/en\/public-services\/regional-office\/","title":{"rendered":"Regional Office"},"content":{"rendered":"<p><strong>ADMINISTRATION<\/strong> (<em>Municipal services<\/em>)<br \/>\n<strong>Houtsk\u00e4rs omr\u00e5deskontor<\/strong> (<em>Mon &#8211; Fri from 9 am to 3 pm<\/em>)<br \/>\nN\u00e4sbyntie 214, 21760 Houtsk\u00e4r<\/p>\n<p><strong>+358 40 488 6021<\/strong><br \/>\n<em>petra.ohman pargas.fi<\/em><\/p>\n","protected":false},"excerpt":{"rendered":"<p>ADMINISTRATION (Municipal services) Houtsk\u00e4rs omr\u00e5deskontor (Mon &#8211; Fri from 9 am to 3 pm) N\u00e4sbyntie 214, 21760 Houtsk\u00e4r +358 40 488 6021 petra.ohman pargas.fi<\/p>\n","protected":false},"author":1,"featured_media":51230,"parent":49708,"menu_order":0,"comment_status":"closed","ping_status":"closed","template":"","meta":{"_uag_custom_page_level_css":"","site-sidebar-layout":"default","site-content-layout":"default","ast-site-content-layout":"default","site-content-style":"default","site-sidebar-style":"default","ast-global-header-display":"","ast-banner-title-visibility":"","ast-main-header-display":"","ast-hfb-above-header-display":"","ast-hfb-below-header-display":"","ast-hfb-mobile-header-display":"","site-post-title":"","ast-breadcrumbs-content":"","ast-featured-img":"","footer-sml-layout":"","ast-disable-related-posts":"","theme-transparent-header-meta":"default","adv-header-id-meta":"","stick-header-meta":"default","header-above-stick-meta":"","header-main-stick-meta":"","header-below-stick-meta":"","astra-migrate-meta-layouts":"default","ast-page-background-enabled":"default","ast-page-background-meta":{"desktop":{"background-color":"","background-image":"","background-repeat":"repeat","background-position":"center center","background-size":"auto","background-attachment":"scroll","background-type":"","background-media":"","overlay-type":"","overlay-color":"","overlay-opacity":"","overlay-gradient":""},"tablet":{"background-color":"","background-image":"","background-repeat":"repeat","background-position":"center center","background-size":"auto","background-attachment":"scroll","background-type":"","background-media":"","overlay-type":"","overlay-color":"","overlay-opacity":"","overlay-gradient":""},"mobile":{"background-color":"","background-image":"","background-repeat":"repeat","background-position":"center center","background-size":"auto","background-attachment":"scroll","background-type":"","background-media":"","overlay-type":"","overlay-color":"","overlay-opacity":"","overlay-gradient":""}},"ast-content-background-meta":{"desktop":{"background-color":"var(--ast-global-color-5)","background-image":"","background-repeat":"repeat","background-position":"center center","background-size":"auto","background-attachment":"scroll","background-type":"","background-media":"","overlay-type":"","overlay-color":"","overlay-opacity":"","overlay-gradient":""},"tablet":{"background-color":"var(--ast-global-color-5)","background-image":"","background-repeat":"repeat","background-position":"center center","background-size":"auto","background-attachment":"scroll","background-type":"","background-media":"","overlay-type":"","overlay-color":"","overlay-opacity":"","overlay-gradient":""},"mobile":{"background-color":"var(--ast-global-color-5)","background-image":"","background-repeat":"repeat","background-position":"center center","background-size":"auto","background-attachment":"scroll","background-type":"","background-media":"","overlay-type":"","overlay-color":"","overlay-opacity":"","overlay-gradient":""}},"footnotes":""},"class_list":["post-49077","page","type-page","status-publish","has-post-thumbnail","hentry"],"uagb_featured_image_src":{"full":["https:\/\/visithoutskar.fi\/wp-content\/uploads\/2021\/05\/Houtskar-omradeskontor.jpg",1362,812,false],"thumbnail":["https:\/\/visithoutskar.fi\/wp-content\/uploads\/2021\/05\/Houtskar-omradeskontor-150x150.jpg",150,150,true],"medium":["https:\/\/visithoutskar.fi\/wp-content\/uploads\/2021\/05\/Houtskar-omradeskontor-300x179.jpg",300,179,true],"medium_large":["https:\/\/visithoutskar.fi\/wp-content\/uploads\/2021\/05\/Houtskar-omradeskontor-768x458.jpg",768,458,true],"large":["https:\/\/visithoutskar.fi\/wp-content\/uploads\/2021\/05\/Houtskar-omradeskontor-1024x610.jpg",1024,610,true],"gs-tiny":["https:\/\/visithoutskar.fi\/wp-content\/uploads\/2021\/05\/Houtskar-omradeskontor.jpg",50,30,false],"xl":["https:\/\/visithoutskar.fi\/wp-content\/uploads\/2021\/05\/Houtskar-omradeskontor.jpg",1362,812,false],"xxl":["https:\/\/visithoutskar.fi\/wp-content\/uploads\/2021\/05\/Houtskar-omradeskontor.jpg",1362,812,false],"xxxl":["https:\/\/visithoutskar.fi\/wp-content\/uploads\/2021\/05\/Houtskar-omradeskontor.jpg",1362,812,false],"xxxxl":["https:\/\/visithoutskar.fi\/wp-content\/uploads\/2021\/05\/Houtskar-omradeskontor.jpg",1362,812,false],"xxxxxl":["https:\/\/visithoutskar.fi\/wp-content\/uploads\/2021\/05\/Houtskar-omradeskontor.jpg",1362,812,false],"1536x1536":["https:\/\/visithoutskar.fi\/wp-content\/uploads\/2021\/05\/Houtskar-omradeskontor.jpg",1362,812,false],"2048x2048":["https:\/\/visithoutskar.fi\/wp-content\/uploads\/2021\/05\/Houtskar-omradeskontor.jpg",1362,812,false]},"uagb_author_info":{"display_name":"admin","author_link":"https:\/\/visithoutskar.fi\/en\/author\/frank\/"},"uagb_comment_info":0,"uagb_excerpt":"ADMINISTRATION (Municipal services) Houtsk\u00e4rs omr\u00e5deskontor (Mon &#8211; Fri from 9 am to 3 pm) N\u00e4sbyntie 214, 21760 Houtsk\u00e4r +358 40 488 6021 petra.ohman pargas.fi","_links":{"self":[{"href":"https:\/\/visithoutskar.fi\/en\/wp-json\/wp\/v2\/pages\/49077","targetHints":{"allow":["GET"]}}],"collection":[{"href":"https:\/\/visithoutskar.fi\/en\/wp-json\/wp\/v2\/pages"}],"about":[{"href":"https:\/\/visithoutskar.fi\/en\/wp-json\/wp\/v2\/types\/page"}],"author":[{"embeddable":true,"href":"https:\/\/visithoutskar.fi\/en\/wp-json\/wp\/v2\/users\/1"}],"replies":[{"embeddable":true,"href":"https:\/\/visithoutskar.fi\/en\/wp-json\/wp\/v2\/comments?post=49077"}],"version-history":[{"count":0,"href":"https:\/\/visithoutskar.fi\/en\/wp-json\/wp\/v2\/pages\/49077\/revisions"}],"up":[{"embeddable":true,"href":"https:\/\/visithoutskar.fi\/en\/wp-json\/wp\/v2\/pages\/49708"}],"wp:featuredmedia":[{"embeddable":true,"href":"https:\/\/visithoutskar.fi\/en\/wp-json\/wp\/v2\/media\/51230"}],"wp:attachment":[{"href":"https:\/\/visithoutskar.fi\/en\/wp-json\/wp\/v2\/media?parent=49077"}],"curies":[{"name":"wp","href":"https:\/\/api.w.org\/{rel}","templated":true}]}}