{"id":49186,"date":"2019-07-09T09:53:00","date_gmt":"2019-07-09T06:53:00","guid":{"rendered":"https:\/\/visithoutskar.fi\/?page_id=49186"},"modified":"2021-08-24T12:58:17","modified_gmt":"2021-08-24T09:58:17","slug":"sports-and-exercise","status":"publish","type":"page","link":"https:\/\/visithoutskar.fi\/en\/leisure-activities\/sports-and-exercise\/","title":{"rendered":"Sports and Exercise"},"content":{"rendered":"<p><strong>Houtsk\u00e4rs Idrottsf\u00f6rening<\/strong><\/p>\n<p><a href=\"https:\/\/www.facebook.com\/HIFFEN\/\" target=\"_blank\" rel=\"noopener\">https:\/\/www.facebook.com\/HIFFEN\/<\/a><\/p>\n<p><strong>Training Field<\/strong><\/p>\n<p>You can find the training fields near Tr\u00e4sk school.<strong><a href=\"https:\/\/visithoutskar.fi\/wp-content\/uploads\/2021\/06\/Gymmet.jpg\"><img decoding=\"async\" class=\"size-medium wp-image-51819 alignright\" src=\"https:\/\/visithoutskar.fi\/wp-content\/uploads\/2021\/06\/Gymmet-225x300.jpg\" alt=\"\" width=\"225\" height=\"300\" srcset=\"https:\/\/visithoutskar.fi\/wp-content\/uploads\/2021\/06\/Gymmet-225x300.jpg 225w, https:\/\/visithoutskar.fi\/wp-content\/uploads\/2021\/06\/Gymmet.jpg 360w\" sizes=\"(max-width: 225px) 100vw, 225px\" \/><\/a><\/strong><\/p>\n<p><strong>Mini Arena<\/strong><\/p>\n<p>You can train teams sport in <em>Houtsk\u00e4rv\u00e4gen 258.<\/em><\/p>\n<p><strong>Gymnasium &amp; Gym<\/strong><\/p>\n<p>You can find the gym next to Tr\u00e4sk school <em>Houtsk\u00e4rv\u00e4gen 258. tel. 040 488 5781<\/em><\/p>\n<div class=\"mVDMnf nJGrxf\"><strong>Track &amp; Field<\/strong><\/div>\n<div><\/div>\n<div><\/div>\n<div>Bigger field can be found in N\u00e4sby, in the crossroad of \u00c4ngesv\u00e4gen and Saverkeitv\u00e4gen, next to the helicopter landing platform.<\/div>\n<div><\/div>\n<div>___________________<\/div>\n<div><\/div>\n<div>\n<p><strong>Paths, nature trails and forest running routes<\/strong><\/p>\n<p><a href=\"https:\/\/visithoutskar.fi\/wp-content\/uploads\/2021\/08\/idrotskollaasi.jpg\"><img decoding=\"async\" class=\"alignnone size-full wp-image-51975\" src=\"https:\/\/visithoutskar.fi\/wp-content\/uploads\/2021\/08\/idrotskollaasi.jpg\" alt=\"\" width=\"1752\" height=\"350\" srcset=\"https:\/\/visithoutskar.fi\/wp-content\/uploads\/2021\/08\/idrotskollaasi.jpg 1752w, https:\/\/visithoutskar.fi\/wp-content\/uploads\/2021\/08\/idrotskollaasi-300x60.jpg 300w, https:\/\/visithoutskar.fi\/wp-content\/uploads\/2021\/08\/idrotskollaasi-1024x205.jpg 1024w, https:\/\/visithoutskar.fi\/wp-content\/uploads\/2021\/08\/idrotskollaasi-768x153.jpg 768w, https:\/\/visithoutskar.fi\/wp-content\/uploads\/2021\/08\/idrotskollaasi-1600x320.jpg 1600w, https:\/\/visithoutskar.fi\/wp-content\/uploads\/2021\/08\/idrotskollaasi-1536x307.jpg 1536w\" sizes=\"(max-width: 1752px) 100vw, 1752px\" \/><\/a><\/p>\n<ol>\n<li><strong> The Culture Path<\/strong><\/li>\n<\/ol>\n<p>&#8211; An about 2 km long path in the centre of N\u00e4sby consisting of 10 information signs telling you about local history in three languages<\/p>\n<ol start=\"2\">\n<li><strong> Path of Pearls<\/strong><\/li>\n<\/ol>\n<p>&#8211; A walking path in two parts, which starts by the church stone wall and takes you up by the vicarage (<em>marked red, about 0,5 km<\/em>) or leads you all the way to Vitteludd foreland (<em>marked red + blue, about 1,5 km<\/em>) and then back to the church<\/p>\n<p>&#8211; In the church you will find more information in three languages about the path and its purpose<\/p>\n<ol start=\"3\">\n<li><strong> Mossala Hiking Trail<\/strong><\/li>\n<\/ol>\n<p>&#8211; A hiking trail in the forest covering the whole foreland of Mossala (<em>still under construction<\/em>)<\/p>\n<p>&#8211; Starts at the reception of Mossala Island Resort, <em>call +358 50\u00a0347 7658 for further information\u00a0<\/em><\/p>\n<ol start=\"4\">\n<li><strong> N\u00e5t\u00f6n Nature Trail<\/strong><\/li>\n<\/ol>\n<p>&#8211; An about 2,5 km long nature trail which will take you along graves from the Bronze Age to the other side of the island of N\u00e5t\u00f6, which is situated near the border to the Aland Islands<\/p>\n<p>&#8211; You can go to N\u00e5t\u00f6 with your own boat or by taking a ferryboat, Karolina or Satava, from Roslax (<em>NOTE! You must book your trip one day in advance!<\/em>)<\/p>\n<p><em>&#8211; Lilian Lundell from Sammels G\u00e5rdsturism can give you more information about how to get there, +358 40 565 6084<\/em><\/p>\n<ol start=\"5\">\n<li><strong> Tr\u00e4skin Running Routes<\/strong><\/li>\n<\/ol>\n<p>&#8211; Two running trails in the forest above Tr\u00e4sk skola <em>(elementary school<\/em>), both about 1,5 km long<\/p>\n<\/div>\n<div><\/div>\n","protected":false},"excerpt":{"rendered":"<p>Houtsk\u00e4rs Idrottsf\u00f6rening https:\/\/www.facebook.com\/HIFFEN\/ Training Field You can find the training fields near Tr\u00e4sk school. Mini Arena You can train teams sport in Houtsk\u00e4rv\u00e4gen 258. Gymnasium &amp; Gym You can find [&hellip;]<\/p>\n","protected":false},"author":1,"featured_media":52002,"parent":49183,"menu_order":0,"comment_status":"closed","ping_status":"closed","template":"","meta":{"_uag_custom_page_level_css":"","site-sidebar-layout":"default","site-content-layout":"default","ast-site-content-layout":"default","site-content-style":"default","site-sidebar-style":"default","ast-global-header-display":"","ast-banner-title-visibility":"","ast-main-header-display":"","ast-hfb-above-header-display":"","ast-hfb-below-header-display":"","ast-hfb-mobile-header-display":"","site-post-title":"","ast-breadcrumbs-content":"","ast-featured-img":"","footer-sml-layout":"","ast-disable-related-posts":"","theme-transparent-header-meta":"default","adv-header-id-meta":"","stick-header-meta":"default","header-above-stick-meta":"","header-main-stick-meta":"","header-below-stick-meta":"","astra-migrate-meta-layouts":"default","ast-page-background-enabled":"default","ast-page-background-meta":{"desktop":{"background-color":"","background-image":"","background-repeat":"repeat","background-position":"center center","background-size":"auto","background-attachment":"scroll","background-type":"","background-media":"","overlay-type":"","overlay-color":"","overlay-opacity":"","overlay-gradient":""},"tablet":{"background-color":"","background-image":"","background-repeat":"repeat","background-position":"center center","background-size":"auto","background-attachment":"scroll","background-type":"","background-media":"","overlay-type":"","overlay-color":"","overlay-opacity":"","overlay-gradient":""},"mobile":{"background-color":"","background-image":"","background-repeat":"repeat","background-position":"center center","background-size":"auto","background-attachment":"scroll","background-type":"","background-media":"","overlay-type":"","overlay-color":"","overlay-opacity":"","overlay-gradient":""}},"ast-content-background-meta":{"desktop":{"background-color":"var(--ast-global-color-5)","background-image":"","background-repeat":"repeat","background-position":"center center","background-size":"auto","background-attachment":"scroll","background-type":"","background-media":"","overlay-type":"","overlay-color":"","overlay-opacity":"","overlay-gradient":""},"tablet":{"background-color":"var(--ast-global-color-5)","background-image":"","background-repeat":"repeat","background-position":"center center","background-size":"auto","background-attachment":"scroll","background-type":"","background-media":"","overlay-type":"","overlay-color":"","overlay-opacity":"","overlay-gradient":""},"mobile":{"background-color":"var(--ast-global-color-5)","background-image":"","background-repeat":"repeat","background-position":"center center","background-size":"auto","background-attachment":"scroll","background-type":"","background-media":"","overlay-type":"","overlay-color":"","overlay-opacity":"","overlay-gradient":""}},"footnotes":""},"class_list":["post-49186","page","type-page","status-publish","has-post-thumbnail","hentry"],"uagb_featured_image_src":{"full":["https:\/\/visithoutskar.fi\/wp-content\/uploads\/2021\/08\/Mossala-fotbollsplan2-scaled.jpg",2560,956,false],"thumbnail":["https:\/\/visithoutskar.fi\/wp-content\/uploads\/2021\/08\/Mossala-fotbollsplan2-150x150.jpg",150,150,true],"medium":["https:\/\/visithoutskar.fi\/wp-content\/uploads\/2021\/08\/Mossala-fotbollsplan2-300x112.jpg",300,112,true],"medium_large":["https:\/\/visithoutskar.fi\/wp-content\/uploads\/2021\/08\/Mossala-fotbollsplan2-768x287.jpg",768,287,true],"large":["https:\/\/visithoutskar.fi\/wp-content\/uploads\/2021\/08\/Mossala-fotbollsplan2-1024x382.jpg",1024,382,true],"gs-tiny":["https:\/\/visithoutskar.fi\/wp-content\/uploads\/2021\/08\/Mossala-fotbollsplan2-scaled.jpg",50,19,false],"xl":["https:\/\/visithoutskar.fi\/wp-content\/uploads\/2021\/08\/Mossala-fotbollsplan2-1600x598.jpg",1600,598,true],"xxl":["https:\/\/visithoutskar.fi\/wp-content\/uploads\/2021\/08\/Mossala-fotbollsplan2-2200x822.jpg",2200,822,true],"xxxl":["https:\/\/visithoutskar.fi\/wp-content\/uploads\/2021\/08\/Mossala-fotbollsplan2-2800x1046.jpg",2800,1046,true],"xxxxl":["https:\/\/visithoutskar.fi\/wp-content\/uploads\/2021\/08\/Mossala-fotbollsplan2-scaled.jpg",2560,956,false],"xxxxxl":["https:\/\/visithoutskar.fi\/wp-content\/uploads\/2021\/08\/Mossala-fotbollsplan2-scaled.jpg",2560,956,false],"1536x1536":["https:\/\/visithoutskar.fi\/wp-content\/uploads\/2021\/08\/Mossala-fotbollsplan2-1536x574.jpg",1536,574,true],"2048x2048":["https:\/\/visithoutskar.fi\/wp-content\/uploads\/2021\/08\/Mossala-fotbollsplan2-2048x765.jpg",2048,765,true]},"uagb_author_info":{"display_name":"admin","author_link":"https:\/\/visithoutskar.fi\/en\/author\/frank\/"},"uagb_comment_info":0,"uagb_excerpt":"Houtsk\u00e4rs Idrottsf\u00f6rening https:\/\/www.facebook.com\/HIFFEN\/ Training Field You can find the training fields near Tr\u00e4sk school. Mini Arena You can train teams sport in Houtsk\u00e4rv\u00e4gen 258. Gymnasium &amp; Gym You can find [&hellip;]","_links":{"self":[{"href":"https:\/\/visithoutskar.fi\/en\/wp-json\/wp\/v2\/pages\/49186","targetHints":{"allow":["GET"]}}],"collection":[{"href":"https:\/\/visithoutskar.fi\/en\/wp-json\/wp\/v2\/pages"}],"about":[{"href":"https:\/\/visithoutskar.fi\/en\/wp-json\/wp\/v2\/types\/page"}],"author":[{"embeddable":true,"href":"https:\/\/visithoutskar.fi\/en\/wp-json\/wp\/v2\/users\/1"}],"replies":[{"embeddable":true,"href":"https:\/\/visithoutskar.fi\/en\/wp-json\/wp\/v2\/comments?post=49186"}],"version-history":[{"count":0,"href":"https:\/\/visithoutskar.fi\/en\/wp-json\/wp\/v2\/pages\/49186\/revisions"}],"up":[{"embeddable":true,"href":"https:\/\/visithoutskar.fi\/en\/wp-json\/wp\/v2\/pages\/49183"}],"wp:featuredmedia":[{"embeddable":true,"href":"https:\/\/visithoutskar.fi\/en\/wp-json\/wp\/v2\/media\/52002"}],"wp:attachment":[{"href":"https:\/\/visithoutskar.fi\/en\/wp-json\/wp\/v2\/media?parent=49186"}],"curies":[{"name":"wp","href":"https:\/\/api.w.org\/{rel}","templated":true}]}}