{"id":49705,"date":"2019-10-31T20:35:18","date_gmt":"2019-10-31T18:35:18","guid":{"rendered":"https:\/\/visithoutskar.fi\/?page_id=49705"},"modified":"2021-08-24T14:25:14","modified_gmt":"2021-08-24T11:25:14","slug":"children-youths","status":"publish","type":"page","link":"https:\/\/visithoutskar.fi\/en\/leisure-activities\/children-youths\/","title":{"rendered":"Children &#038; Youths"},"content":{"rendered":"\n<p>There is a lot to do in Houtsk\u00e4r for every age. You can explore the village plantations made by kids, get to know fish friend &#8220;<em>G\u00e4ddan och g\u00e4nget<\/em>&#8221; or you can take a round in areas flea markets.<\/p>\n\n\n\n<figure class=\"wp-block-image size-large\"><a href=\"https:\/\/visithoutskar.fi\/wp-content\/uploads\/2021\/08\/fritidkollaasi.jpg\"><img decoding=\"async\" width=\"1024\" height=\"205\" src=\"https:\/\/visithoutskar.fi\/wp-content\/uploads\/2021\/08\/fritidkollaasi-1024x205.jpg\" alt=\"\" class=\"wp-image-52013\" srcset=\"https:\/\/visithoutskar.fi\/wp-content\/uploads\/2021\/08\/fritidkollaasi-1024x205.jpg 1024w, https:\/\/visithoutskar.fi\/wp-content\/uploads\/2021\/08\/fritidkollaasi-300x60.jpg 300w, https:\/\/visithoutskar.fi\/wp-content\/uploads\/2021\/08\/fritidkollaasi-768x153.jpg 768w, https:\/\/visithoutskar.fi\/wp-content\/uploads\/2021\/08\/fritidkollaasi-1600x320.jpg 1600w, https:\/\/visithoutskar.fi\/wp-content\/uploads\/2021\/08\/fritidkollaasi-1536x307.jpg 1536w, https:\/\/visithoutskar.fi\/wp-content\/uploads\/2021\/08\/fritidkollaasi.jpg 1752w\" sizes=\"(max-width: 1024px) 100vw, 1024px\" \/><\/a><\/figure>\n","protected":false},"excerpt":{"rendered":"<p>There is a lot to do in Houtsk\u00e4r for every age. You can explore the village plantations made by kids, get to know fish friend &#8220;G\u00e4ddan och g\u00e4nget&#8221; or you [&hellip;]<\/p>\n","protected":false},"author":1,"featured_media":51405,"parent":49183,"menu_order":0,"comment_status":"closed","ping_status":"closed","template":"","meta":{"_uag_custom_page_level_css":"","site-sidebar-layout":"default","site-content-layout":"default","ast-site-content-layout":"default","site-content-style":"default","site-sidebar-style":"default","ast-global-header-display":"","ast-banner-title-visibility":"","ast-main-header-display":"","ast-hfb-above-header-display":"","ast-hfb-below-header-display":"","ast-hfb-mobile-header-display":"","site-post-title":"","ast-breadcrumbs-content":"","ast-featured-img":"","footer-sml-layout":"","ast-disable-related-posts":"","theme-transparent-header-meta":"default","adv-header-id-meta":"","stick-header-meta":"default","header-above-stick-meta":"","header-main-stick-meta":"","header-below-stick-meta":"","astra-migrate-meta-layouts":"default","ast-page-background-enabled":"default","ast-page-background-meta":{"desktop":{"background-color":"","background-image":"","background-repeat":"repeat","background-position":"center center","background-size":"auto","background-attachment":"scroll","background-type":"","background-media":"","overlay-type":"","overlay-color":"","overlay-opacity":"","overlay-gradient":""},"tablet":{"background-color":"","background-image":"","background-repeat":"repeat","background-position":"center center","background-size":"auto","background-attachment":"scroll","background-type":"","background-media":"","overlay-type":"","overlay-color":"","overlay-opacity":"","overlay-gradient":""},"mobile":{"background-color":"","background-image":"","background-repeat":"repeat","background-position":"center center","background-size":"auto","background-attachment":"scroll","background-type":"","background-media":"","overlay-type":"","overlay-color":"","overlay-opacity":"","overlay-gradient":""}},"ast-content-background-meta":{"desktop":{"background-color":"var(--ast-global-color-5)","background-image":"","background-repeat":"repeat","background-position":"center center","background-size":"auto","background-attachment":"scroll","background-type":"","background-media":"","overlay-type":"","overlay-color":"","overlay-opacity":"","overlay-gradient":""},"tablet":{"background-color":"var(--ast-global-color-5)","background-image":"","background-repeat":"repeat","background-position":"center center","background-size":"auto","background-attachment":"scroll","background-type":"","background-media":"","overlay-type":"","overlay-color":"","overlay-opacity":"","overlay-gradient":""},"mobile":{"background-color":"var(--ast-global-color-5)","background-image":"","background-repeat":"repeat","background-position":"center center","background-size":"auto","background-attachment":"scroll","background-type":"","background-media":"","overlay-type":"","overlay-color":"","overlay-opacity":"","overlay-gradient":""}},"footnotes":""},"class_list":["post-49705","page","type-page","status-publish","has-post-thumbnail","hentry"],"uagb_featured_image_src":{"full":["https:\/\/visithoutskar.fi\/wp-content\/uploads\/2021\/06\/lapsetnuoret-1.jpg",1264,602,false],"thumbnail":["https:\/\/visithoutskar.fi\/wp-content\/uploads\/2021\/06\/lapsetnuoret-1-150x150.jpg",150,150,true],"medium":["https:\/\/visithoutskar.fi\/wp-content\/uploads\/2021\/06\/lapsetnuoret-1-300x143.jpg",300,143,true],"medium_large":["https:\/\/visithoutskar.fi\/wp-content\/uploads\/2021\/06\/lapsetnuoret-1-768x366.jpg",768,366,true],"large":["https:\/\/visithoutskar.fi\/wp-content\/uploads\/2021\/06\/lapsetnuoret-1-1024x488.jpg",1024,488,true],"gs-tiny":["https:\/\/visithoutskar.fi\/wp-content\/uploads\/2021\/06\/lapsetnuoret-1.jpg",50,24,false],"xl":["https:\/\/visithoutskar.fi\/wp-content\/uploads\/2021\/06\/lapsetnuoret-1.jpg",1264,602,false],"xxl":["https:\/\/visithoutskar.fi\/wp-content\/uploads\/2021\/06\/lapsetnuoret-1.jpg",1264,602,false],"xxxl":["https:\/\/visithoutskar.fi\/wp-content\/uploads\/2021\/06\/lapsetnuoret-1.jpg",1264,602,false],"xxxxl":["https:\/\/visithoutskar.fi\/wp-content\/uploads\/2021\/06\/lapsetnuoret-1.jpg",1264,602,false],"xxxxxl":["https:\/\/visithoutskar.fi\/wp-content\/uploads\/2021\/06\/lapsetnuoret-1.jpg",1264,602,false],"1536x1536":["https:\/\/visithoutskar.fi\/wp-content\/uploads\/2021\/06\/lapsetnuoret-1.jpg",1264,602,false],"2048x2048":["https:\/\/visithoutskar.fi\/wp-content\/uploads\/2021\/06\/lapsetnuoret-1.jpg",1264,602,false]},"uagb_author_info":{"display_name":"admin","author_link":"https:\/\/visithoutskar.fi\/en\/author\/frank\/"},"uagb_comment_info":0,"uagb_excerpt":"There is a lot to do in Houtsk\u00e4r for every age. You can explore the village plantations made by kids, get to know fish friend &#8220;G\u00e4ddan och g\u00e4nget&#8221; or you [&hellip;]","_links":{"self":[{"href":"https:\/\/visithoutskar.fi\/en\/wp-json\/wp\/v2\/pages\/49705","targetHints":{"allow":["GET"]}}],"collection":[{"href":"https:\/\/visithoutskar.fi\/en\/wp-json\/wp\/v2\/pages"}],"about":[{"href":"https:\/\/visithoutskar.fi\/en\/wp-json\/wp\/v2\/types\/page"}],"author":[{"embeddable":true,"href":"https:\/\/visithoutskar.fi\/en\/wp-json\/wp\/v2\/users\/1"}],"replies":[{"embeddable":true,"href":"https:\/\/visithoutskar.fi\/en\/wp-json\/wp\/v2\/comments?post=49705"}],"version-history":[{"count":0,"href":"https:\/\/visithoutskar.fi\/en\/wp-json\/wp\/v2\/pages\/49705\/revisions"}],"up":[{"embeddable":true,"href":"https:\/\/visithoutskar.fi\/en\/wp-json\/wp\/v2\/pages\/49183"}],"wp:featuredmedia":[{"embeddable":true,"href":"https:\/\/visithoutskar.fi\/en\/wp-json\/wp\/v2\/media\/51405"}],"wp:attachment":[{"href":"https:\/\/visithoutskar.fi\/en\/wp-json\/wp\/v2\/media?parent=49705"}],"curies":[{"name":"wp","href":"https:\/\/api.w.org\/{rel}","templated":true}]}}