{"id":49718,"date":"2019-10-31T20:44:01","date_gmt":"2019-10-31T18:44:01","guid":{"rendered":"https:\/\/visithoutskar.fi\/?page_id=49718"},"modified":"2021-06-29T13:24:26","modified_gmt":"2021-06-29T10:24:26","slug":"health-care","status":"publish","type":"page","link":"https:\/\/visithoutskar.fi\/en\/public-services\/health-care\/","title":{"rendered":"Health care"},"content":{"rendered":"\n<h6 class=\"wp-block-heading\"><strong>Houtsk\u00e4r Healt Center<\/strong><\/h6>\n\n\n\n<p>Riggoksentie 2 A, 21760 Houtskari<br><strong>GPS-adress:<\/strong>\u00a0<em>N 60\u200e\u200e\u00b013\u201910.8, E 21\u00b022\u201925.3<\/em><br><strong>Tel:\u00a0<\/strong>0400 117 120,\u00a0<strong>(02 454 5222)<\/strong><\/p>\n\n\n\n<p>In emercency situation call<strong> 112<\/strong><\/p>\n\n\n\n<h6 class=\"wp-block-heading\"><strong>Doctor<\/strong><\/h6>\n\n\n\n<p>Tel:\u00a0<strong>0400 117 120<\/strong>\u00a0(<em>weekdays from 9 to 11 am<\/em>)<\/p>\n\n\n\n<h6 class=\"wp-block-heading\"><strong>Nurse<\/strong><\/h6>\n\n\n\n<p>Tel:\u00a0<strong>0400 117 120<\/strong> (<em>weekdays from 9 to 11 am<\/em>)\u00a0<strong>or<\/strong>\u00a0<a href=\"https:\/\/www.pargas.fi\/fi\/sairaus-ja-terveyspalvelut\" target=\"_blank\" rel=\"noopener\">online<\/a> <\/p>\n\n\n\n<p><strong>Duty<\/strong>\u00a0Pargas Health Center, weekdays 8 am to 16 pm.<br>Tel:\u00a0<strong>02 4545 220.<\/strong><br><strong>Andress:<\/strong>\u00a0Vapparintie 15<br><strong>GPS-adress:<\/strong>\u00a0<em>60\u00b018.62\u2019N 22\u00b017.52E<\/em><\/p>\n\n\n\n<p><strong>Hospital <\/strong>in Turku<\/p>\n\n\n\n<p><strong>TYKS T2-hospital<\/strong>, Savitehtaankatu 1, Turku.<br>Tel:\u00a0<strong>02 313 8800.<\/strong><\/p>\n\n\n\n<p><strong><a href=\"https:\/\/defi.fi\/\" target=\"_blank\" rel=\"noopener\">Nearest defibrillators<\/a><\/strong><\/p>\n\n\n\n<p><strong><a href=\"https:\/\/www.saaristolaakarit.fi\/laakarivene\" target=\"_blank\" rel=\"noreferrer noopener\">Boat doctors INFO<\/a><\/strong><\/p>\n\n\n\n<h6 class=\"wp-block-heading\"><strong>Elderly care<\/strong><\/h6>\n\n\n\n<p><strong>Fridhem<\/strong><br><em>\u00c4ngesv\u00e4gen 3, 21760 Houtsk\u00e4r<\/em><br>tel:\u00a0<strong>040 488 5595<\/strong><br><em>Johanna Rankio<\/em>\u00a0tel:\u00a0<strong>040 488 5590<\/strong><\/p>\n","protected":false},"excerpt":{"rendered":"<p>Houtsk\u00e4r Healt Center Riggoksentie 2 A, 21760 HoutskariGPS-adress:\u00a0N 60\u200e\u200e\u00b013\u201910.8, E 21\u00b022\u201925.3Tel:\u00a00400 117 120,\u00a0(02 454 5222) In emercency situation call 112 Doctor Tel:\u00a00400 117 120\u00a0(weekdays from 9 to 11 am) Nurse [&hellip;]<\/p>\n","protected":false},"author":1,"featured_media":51606,"parent":49708,"menu_order":0,"comment_status":"closed","ping_status":"closed","template":"","meta":{"_uag_custom_page_level_css":"","site-sidebar-layout":"default","site-content-layout":"default","ast-site-content-layout":"default","site-content-style":"default","site-sidebar-style":"default","ast-global-header-display":"","ast-banner-title-visibility":"","ast-main-header-display":"","ast-hfb-above-header-display":"","ast-hfb-below-header-display":"","ast-hfb-mobile-header-display":"","site-post-title":"","ast-breadcrumbs-content":"","ast-featured-img":"","footer-sml-layout":"","ast-disable-related-posts":"","theme-transparent-header-meta":"default","adv-header-id-meta":"","stick-header-meta":"default","header-above-stick-meta":"","header-main-stick-meta":"","header-below-stick-meta":"","astra-migrate-meta-layouts":"default","ast-page-background-enabled":"default","ast-page-background-meta":{"desktop":{"background-color":"","background-image":"","background-repeat":"repeat","background-position":"center center","background-size":"auto","background-attachment":"scroll","background-type":"","background-media":"","overlay-type":"","overlay-color":"","overlay-opacity":"","overlay-gradient":""},"tablet":{"background-color":"","background-image":"","background-repeat":"repeat","background-position":"center center","background-size":"auto","background-attachment":"scroll","background-type":"","background-media":"","overlay-type":"","overlay-color":"","overlay-opacity":"","overlay-gradient":""},"mobile":{"background-color":"","background-image":"","background-repeat":"repeat","background-position":"center center","background-size":"auto","background-attachment":"scroll","background-type":"","background-media":"","overlay-type":"","overlay-color":"","overlay-opacity":"","overlay-gradient":""}},"ast-content-background-meta":{"desktop":{"background-color":"var(--ast-global-color-5)","background-image":"","background-repeat":"repeat","background-position":"center center","background-size":"auto","background-attachment":"scroll","background-type":"","background-media":"","overlay-type":"","overlay-color":"","overlay-opacity":"","overlay-gradient":""},"tablet":{"background-color":"var(--ast-global-color-5)","background-image":"","background-repeat":"repeat","background-position":"center center","background-size":"auto","background-attachment":"scroll","background-type":"","background-media":"","overlay-type":"","overlay-color":"","overlay-opacity":"","overlay-gradient":""},"mobile":{"background-color":"var(--ast-global-color-5)","background-image":"","background-repeat":"repeat","background-position":"center center","background-size":"auto","background-attachment":"scroll","background-type":"","background-media":"","overlay-type":"","overlay-color":"","overlay-opacity":"","overlay-gradient":""}},"footnotes":""},"class_list":["post-49718","page","type-page","status-publish","has-post-thumbnail","hentry"],"uagb_featured_image_src":{"full":["https:\/\/visithoutskar.fi\/wp-content\/uploads\/2021\/06\/fridhem1.jpg",1300,652,false],"thumbnail":["https:\/\/visithoutskar.fi\/wp-content\/uploads\/2021\/06\/fridhem1-150x150.jpg",150,150,true],"medium":["https:\/\/visithoutskar.fi\/wp-content\/uploads\/2021\/06\/fridhem1-300x150.jpg",300,150,true],"medium_large":["https:\/\/visithoutskar.fi\/wp-content\/uploads\/2021\/06\/fridhem1-768x385.jpg",768,385,true],"large":["https:\/\/visithoutskar.fi\/wp-content\/uploads\/2021\/06\/fridhem1-1024x514.jpg",1024,514,true],"gs-tiny":["https:\/\/visithoutskar.fi\/wp-content\/uploads\/2021\/06\/fridhem1.jpg",50,25,false],"xl":["https:\/\/visithoutskar.fi\/wp-content\/uploads\/2021\/06\/fridhem1.jpg",1300,652,false],"xxl":["https:\/\/visithoutskar.fi\/wp-content\/uploads\/2021\/06\/fridhem1.jpg",1300,652,false],"xxxl":["https:\/\/visithoutskar.fi\/wp-content\/uploads\/2021\/06\/fridhem1.jpg",1300,652,false],"xxxxl":["https:\/\/visithoutskar.fi\/wp-content\/uploads\/2021\/06\/fridhem1.jpg",1300,652,false],"xxxxxl":["https:\/\/visithoutskar.fi\/wp-content\/uploads\/2021\/06\/fridhem1.jpg",1300,652,false],"1536x1536":["https:\/\/visithoutskar.fi\/wp-content\/uploads\/2021\/06\/fridhem1.jpg",1300,652,false],"2048x2048":["https:\/\/visithoutskar.fi\/wp-content\/uploads\/2021\/06\/fridhem1.jpg",1300,652,false]},"uagb_author_info":{"display_name":"admin","author_link":"https:\/\/visithoutskar.fi\/en\/author\/frank\/"},"uagb_comment_info":0,"uagb_excerpt":"Houtsk\u00e4r Healt Center Riggoksentie 2 A, 21760 HoutskariGPS-adress:\u00a0N 60\u200e\u200e\u00b013\u201910.8, E 21\u00b022\u201925.3Tel:\u00a00400 117 120,\u00a0(02 454 5222) In emercency situation call 112 Doctor Tel:\u00a00400 117 120\u00a0(weekdays from 9 to 11 am) Nurse [&hellip;]","_links":{"self":[{"href":"https:\/\/visithoutskar.fi\/en\/wp-json\/wp\/v2\/pages\/49718","targetHints":{"allow":["GET"]}}],"collection":[{"href":"https:\/\/visithoutskar.fi\/en\/wp-json\/wp\/v2\/pages"}],"about":[{"href":"https:\/\/visithoutskar.fi\/en\/wp-json\/wp\/v2\/types\/page"}],"author":[{"embeddable":true,"href":"https:\/\/visithoutskar.fi\/en\/wp-json\/wp\/v2\/users\/1"}],"replies":[{"embeddable":true,"href":"https:\/\/visithoutskar.fi\/en\/wp-json\/wp\/v2\/comments?post=49718"}],"version-history":[{"count":0,"href":"https:\/\/visithoutskar.fi\/en\/wp-json\/wp\/v2\/pages\/49718\/revisions"}],"up":[{"embeddable":true,"href":"https:\/\/visithoutskar.fi\/en\/wp-json\/wp\/v2\/pages\/49708"}],"wp:featuredmedia":[{"embeddable":true,"href":"https:\/\/visithoutskar.fi\/en\/wp-json\/wp\/v2\/media\/51606"}],"wp:attachment":[{"href":"https:\/\/visithoutskar.fi\/en\/wp-json\/wp\/v2\/media?parent=49718"}],"curies":[{"name":"wp","href":"https:\/\/api.w.org\/{rel}","templated":true}]}}