{"id":49730,"date":"2019-10-31T21:05:06","date_gmt":"2019-10-31T19:05:06","guid":{"rendered":"https:\/\/visithoutskar.fi\/?page_id=49730"},"modified":"2024-05-06T11:15:15","modified_gmt":"2024-05-06T08:15:15","slug":"associations","status":"publish","type":"page","link":"https:\/\/visithoutskar.fi\/en\/leisure-activities\/associations\/","title":{"rendered":"Associations"},"content":{"rendered":"<h6><strong>Folkh\u00e4lsan i Houtsk\u00e4r rf<\/strong><\/h6>\n<ul>\n<li>Johanna Tengstr\u00f6m<\/li>\n<li>040 587 1978<\/li>\n<li>folkhalsan.houtskar@gmail.com<\/li>\n<\/ul>\n<h6><strong>Hem och Skola i Houtsk\u00e4r<\/strong><\/h6>\n<ul>\n<li>Jenni \u00d6hman<\/li>\n<li>040 413 2019<\/li>\n<li>jenni.ohman@outlook.com<\/li>\n<\/ul>\n<h6><strong>Houtsk\u00e4rs Allmogeseglare<\/strong><\/h6>\n<ul>\n<li>Oscar Eksten<\/li>\n<li>040 704 5399<\/li>\n<li>houtskarsallmogeseglare@gmail.com<\/li>\n<\/ul>\n<h6><strong>Houtsk\u00e4rs b\u00e5tklubb rf<\/strong><\/h6>\n<ul>\n<li>Mikael M\u00e5rtensson<\/li>\n<li>0400 939 020<\/li>\n<\/ul>\n<h6><strong>Houtsk\u00e4rs Frivilliga Brandk\u00e5r rf<\/strong><\/h6>\n<ul>\n<li>Roger Tengstr\u00f6m<\/li>\n<li>050 401 0570<\/li>\n<\/ul>\n<h6><strong>Houtsk\u00e4rs idrottsf\u00f6rening rf<\/strong><\/h6>\n<ul>\n<li>Linda Ax\u00e9n<\/li>\n<li>040 078 6305<\/li>\n<li>linda.axen@pargas.fi<\/li>\n<\/ul>\n<h6><strong>Houtsk\u00e4rs jakt- och skyttef\u00f6rening r.f.<\/strong><\/h6>\n<ul>\n<li>Anton M\u00e5rtensson<\/li>\n<li>050 577 4281<\/li>\n<li>anton.m@hotmail.com<\/li>\n<\/ul>\n<h6><strong>Houtsk\u00e4rs kulturgille rf<\/strong><\/h6>\n<ul>\n<li>Lennart Brunnsberg<\/li>\n<li>040 072 3375<\/li>\n<li>houtskultur@gmail.com<\/li>\n<\/ul>\n<h6><strong>Avellana<\/strong><\/h6>\n<ul>\n<li>Therese Skaag<\/li>\n<li>040 738 6565<\/li>\n<\/ul>\n<h6><strong>Houtsk\u00e4rs kyrkliga folkh\u00f6gskola rf<\/strong><\/h6>\n<ul>\n<li>Rune Johansson<\/li>\n<li>0400 956 617<\/li>\n<li>runejohansson45@gmail.com<\/li>\n<\/ul>\n<h6><strong>Houtsk\u00e4rs Marthaf\u00f6rening<\/strong><\/h6>\n<ul>\n<li>Anja Karlgren<\/li>\n<li>050 400 2352<\/li>\n<li>marthahoutskar@gmail.com<\/li>\n<li>https:\/\/aboland.martha.fi\/vastaboland\/houtskar_mf\/<\/li>\n<\/ul>\n<h6><strong>Houtsk\u00e4rs Ungdomsf\u00f6rening<\/strong><\/h6>\n<ul>\n<li>Magnus \u00d6sterman<\/li>\n<li>040 057 9533<\/li>\n<li>magnus@helab.fi<\/li>\n<\/ul>\n<h6><strong>Jervis byalag rf<\/strong><\/h6>\n<ul>\n<li>Karl-Henrik Kvikant<\/li>\n<\/ul>\n<h6><strong>Korpo-Houtsk\u00e4r-Ini\u00f6 Krigsveteraner r.f.<\/strong><\/h6>\n<ul>\n<li>Anne Lindroos<\/li>\n<li>0400 634 082<\/li>\n<li>anne.lindroos@yahoo.se<\/li>\n<\/ul>\n<h6><strong>Lions Club Nagu\/Korpo\/Houtsk\u00e4r rf<\/strong><\/h6>\n<h6><strong>Pension\u00e4rsbostadsf\u00f6reningen i Houtsk\u00e4r rf<\/strong><\/h6>\n<ul>\n<li>Sussi Bj\u00f6rkman<\/li>\n<li>0400 828 113<\/li>\n<li>syyzi61@gmail.com<\/li>\n<\/ul>\n<h6><strong>Pro Houtsk\u00e4r rf<\/strong><\/h6>\n<ul>\n<li><em>Houtsk\u00e4rs torggille<\/em><\/li>\n<li><em>Matgl\u00e4dje<\/em><\/li>\n<li>P\u00e4ivi Kuntze<\/li>\n<li>050 600 80<\/li>\n<li>Helge Mattsson<\/li>\n<li>0400 224 929<\/li>\n<li><a href=\"http:\/\/www.prohoutskar.fi\/prohoutskar\/\" target=\"_blank\" rel=\"noopener\">http:\/\/www.prohoutskar.fi\/prohoutskar\/<\/a><\/li>\n<\/ul>\n<h6><strong>R\u00f6da Korset, Houtsk\u00e4rs avdelning<\/strong><\/h6>\n<ul>\n<li>Petra \u00d6hman<\/li>\n<li>040 701 7025<\/li>\n<li>petra.ohman@pargas.fi<\/li>\n<\/ul>\n<h6><strong>Sk\u00e4rg\u00e5rdens V\u00e4nner i Houtsk\u00e4r rf<\/strong><\/h6>\n<ul>\n<li>Fabian Karlgren<\/li>\n<li>040 730 6405<\/li>\n<\/ul>\n<h6><strong>Svenska Folkpartiet i Houtsk\u00e4r rf<\/strong><\/h6>\n<ul>\n<li><strong>Christer Friis<\/strong><\/li>\n<li><strong>040 573 2088<\/strong><\/li>\n<li><strong>christer.friis@gmail.com<\/strong><\/li>\n<\/ul>\n<h6><strong>\u00c5SP Houtsk\u00e4rs lokalavdelning<\/strong><\/h6>\n<ul>\n<li>Birgitta Rosenberg<\/li>\n<li>040 061 7630<\/li>\n<li>birgitta.rosenberg@luukku.fi<\/li>\n<\/ul>\n","protected":false},"excerpt":{"rendered":"<p>Folkh\u00e4lsan i Houtsk\u00e4r rf Johanna Tengstr\u00f6m 040 587 1978 folkhalsan.houtskar@gmail.com Hem och Skola i Houtsk\u00e4r Jenni \u00d6hman 040 413 2019 jenni.ohman@outlook.com Houtsk\u00e4rs Allmogeseglare Oscar Eksten 040 704 5399 houtskarsallmogeseglare@gmail.com Houtsk\u00e4rs [&hellip;]<\/p>\n","protected":false},"author":1,"featured_media":51452,"parent":49183,"menu_order":0,"comment_status":"closed","ping_status":"closed","template":"","meta":{"_uag_custom_page_level_css":"","site-sidebar-layout":"default","site-content-layout":"default","ast-site-content-layout":"default","site-content-style":"default","site-sidebar-style":"default","ast-global-header-display":"","ast-banner-title-visibility":"","ast-main-header-display":"","ast-hfb-above-header-display":"","ast-hfb-below-header-display":"","ast-hfb-mobile-header-display":"","site-post-title":"","ast-breadcrumbs-content":"","ast-featured-img":"","footer-sml-layout":"","ast-disable-related-posts":"","theme-transparent-header-meta":"default","adv-header-id-meta":"","stick-header-meta":"default","header-above-stick-meta":"","header-main-stick-meta":"","header-below-stick-meta":"","astra-migrate-meta-layouts":"set","ast-page-background-enabled":"default","ast-page-background-meta":{"desktop":{"background-color":"","background-image":"","background-repeat":"repeat","background-position":"center center","background-size":"auto","background-attachment":"scroll","background-type":"","background-media":"","overlay-type":"","overlay-color":"","overlay-opacity":"","overlay-gradient":""},"tablet":{"background-color":"","background-image":"","background-repeat":"repeat","background-position":"center center","background-size":"auto","background-attachment":"scroll","background-type":"","background-media":"","overlay-type":"","overlay-color":"","overlay-opacity":"","overlay-gradient":""},"mobile":{"background-color":"","background-image":"","background-repeat":"repeat","background-position":"center center","background-size":"auto","background-attachment":"scroll","background-type":"","background-media":"","overlay-type":"","overlay-color":"","overlay-opacity":"","overlay-gradient":""}},"ast-content-background-meta":{"desktop":{"background-color":"var(--ast-global-color-5)","background-image":"","background-repeat":"repeat","background-position":"center center","background-size":"auto","background-attachment":"scroll","background-type":"","background-media":"","overlay-type":"","overlay-color":"","overlay-opacity":"","overlay-gradient":""},"tablet":{"background-color":"var(--ast-global-color-5)","background-image":"","background-repeat":"repeat","background-position":"center center","background-size":"auto","background-attachment":"scroll","background-type":"","background-media":"","overlay-type":"","overlay-color":"","overlay-opacity":"","overlay-gradient":""},"mobile":{"background-color":"var(--ast-global-color-5)","background-image":"","background-repeat":"repeat","background-position":"center center","background-size":"auto","background-attachment":"scroll","background-type":"","background-media":"","overlay-type":"","overlay-color":"","overlay-opacity":"","overlay-gradient":""}},"footnotes":""},"class_list":["post-49730","page","type-page","status-publish","has-post-thumbnail","hentry"],"uagb_featured_image_src":{"full":["https:\/\/visithoutskar.fi\/wp-content\/uploads\/2021\/06\/Yhdistys3.jpg",1598,900,false],"thumbnail":["https:\/\/visithoutskar.fi\/wp-content\/uploads\/2021\/06\/Yhdistys3-150x150.jpg",150,150,true],"medium":["https:\/\/visithoutskar.fi\/wp-content\/uploads\/2021\/06\/Yhdistys3-300x169.jpg",300,169,true],"medium_large":["https:\/\/visithoutskar.fi\/wp-content\/uploads\/2021\/06\/Yhdistys3-768x433.jpg",768,433,true],"large":["https:\/\/visithoutskar.fi\/wp-content\/uploads\/2021\/06\/Yhdistys3-1024x577.jpg",1024,577,true],"gs-tiny":["https:\/\/visithoutskar.fi\/wp-content\/uploads\/2021\/06\/Yhdistys3.jpg",50,28,false],"xl":["https:\/\/visithoutskar.fi\/wp-content\/uploads\/2021\/06\/Yhdistys3.jpg",1598,900,false],"xxl":["https:\/\/visithoutskar.fi\/wp-content\/uploads\/2021\/06\/Yhdistys3.jpg",1598,900,false],"xxxl":["https:\/\/visithoutskar.fi\/wp-content\/uploads\/2021\/06\/Yhdistys3.jpg",1598,900,false],"xxxxl":["https:\/\/visithoutskar.fi\/wp-content\/uploads\/2021\/06\/Yhdistys3.jpg",1598,900,false],"xxxxxl":["https:\/\/visithoutskar.fi\/wp-content\/uploads\/2021\/06\/Yhdistys3.jpg",1598,900,false],"1536x1536":["https:\/\/visithoutskar.fi\/wp-content\/uploads\/2021\/06\/Yhdistys3-1536x865.jpg",1536,865,true],"2048x2048":["https:\/\/visithoutskar.fi\/wp-content\/uploads\/2021\/06\/Yhdistys3.jpg",1598,900,false]},"uagb_author_info":{"display_name":"admin","author_link":"https:\/\/visithoutskar.fi\/en\/author\/frank\/"},"uagb_comment_info":0,"uagb_excerpt":"Folkh\u00e4lsan i Houtsk\u00e4r rf Johanna Tengstr\u00f6m 040 587 1978 folkhalsan.houtskar@gmail.com Hem och Skola i Houtsk\u00e4r Jenni \u00d6hman 040 413 2019 jenni.ohman@outlook.com Houtsk\u00e4rs Allmogeseglare Oscar Eksten 040 704 5399 houtskarsallmogeseglare@gmail.com Houtsk\u00e4rs [&hellip;]","_links":{"self":[{"href":"https:\/\/visithoutskar.fi\/en\/wp-json\/wp\/v2\/pages\/49730","targetHints":{"allow":["GET"]}}],"collection":[{"href":"https:\/\/visithoutskar.fi\/en\/wp-json\/wp\/v2\/pages"}],"about":[{"href":"https:\/\/visithoutskar.fi\/en\/wp-json\/wp\/v2\/types\/page"}],"author":[{"embeddable":true,"href":"https:\/\/visithoutskar.fi\/en\/wp-json\/wp\/v2\/users\/1"}],"replies":[{"embeddable":true,"href":"https:\/\/visithoutskar.fi\/en\/wp-json\/wp\/v2\/comments?post=49730"}],"version-history":[{"count":0,"href":"https:\/\/visithoutskar.fi\/en\/wp-json\/wp\/v2\/pages\/49730\/revisions"}],"up":[{"embeddable":true,"href":"https:\/\/visithoutskar.fi\/en\/wp-json\/wp\/v2\/pages\/49183"}],"wp:featuredmedia":[{"embeddable":true,"href":"https:\/\/visithoutskar.fi\/en\/wp-json\/wp\/v2\/media\/51452"}],"wp:attachment":[{"href":"https:\/\/visithoutskar.fi\/en\/wp-json\/wp\/v2\/media?parent=49730"}],"curies":[{"name":"wp","href":"https:\/\/api.w.org\/{rel}","templated":true}]}}