{"id":51930,"date":"2021-07-08T10:46:50","date_gmt":"2021-07-08T07:46:50","guid":{"rendered":"https:\/\/visithoutskar.fi\/?page_id=51930"},"modified":"2021-07-08T10:46:54","modified_gmt":"2021-07-08T07:46:54","slug":"houtskar-sorting-station","status":"publish","type":"page","link":"https:\/\/visithoutskar.fi\/en\/public-services\/houtskar-sorting-station\/","title":{"rendered":"Houtsk\u00e4r sorting station"},"content":{"rendered":"\n<p><strong>N\u00e4sbyv\u00e4gen 86<br>21760 HOUTSKARI<\/strong><\/p>\n\n\n\n<p>The Houtsk\u00e4r sorting station receives small amounts of waste brought by a passanger car trailer and van. Bigger amounts of waste are received at the Topinoja waste treatment centre in Turku and the Korvenm\u00e4ki waste treatment centre in Salo.<\/p>\n\n\n\n<h4 class=\"wp-block-heading\"><strong>Opening hours<\/strong><\/h4>\n\n\n\n<p>In April\u2013October: open on Thursdays from 3 p.m. till 4:45 p.m. and on the last Saturday of every month <strong>from 9:45 a.m. till 12:45 a.m<\/strong>, except holidays.<\/p>\n\n\n\n<p>In November\u2013March: open on the last Thursday of every month from <strong>3 p.m. till 4:45 p.m<\/strong>., except holidays.<\/p>\n\n\n\n<p><strong>NB!<\/strong>\u00a0Due to the coronavirus situation we for now accept card payments only at the station.<\/p>\n\n\n\n<h5 class=\"wp-block-heading\"><em><strong>Exceptional opening hours in 2021<\/strong><\/em><\/h5>\n\n\n\n<ul class=\"wp-block-list\"><li>13.5. closed<\/li><li>26.6. closed<\/li><\/ul>\n","protected":false},"excerpt":{"rendered":"<p>N\u00e4sbyv\u00e4gen 8621760 HOUTSKARI The Houtsk\u00e4r sorting station receives small amounts of waste brought by a passanger car trailer and van. Bigger amounts of waste are received at the Topinoja waste [&hellip;]<\/p>\n","protected":false},"author":4,"featured_media":51534,"parent":49708,"menu_order":2,"comment_status":"closed","ping_status":"closed","template":"","meta":{"_uag_custom_page_level_css":"","site-sidebar-layout":"default","site-content-layout":"default","ast-site-content-layout":"default","site-content-style":"default","site-sidebar-style":"default","ast-global-header-display":"","ast-banner-title-visibility":"","ast-main-header-display":"","ast-hfb-above-header-display":"","ast-hfb-below-header-display":"","ast-hfb-mobile-header-display":"","site-post-title":"","ast-breadcrumbs-content":"","ast-featured-img":"","footer-sml-layout":"","ast-disable-related-posts":"","theme-transparent-header-meta":"default","adv-header-id-meta":"","stick-header-meta":"default","header-above-stick-meta":"","header-main-stick-meta":"","header-below-stick-meta":"","astra-migrate-meta-layouts":"default","ast-page-background-enabled":"default","ast-page-background-meta":{"desktop":{"background-color":"","background-image":"","background-repeat":"repeat","background-position":"center center","background-size":"auto","background-attachment":"scroll","background-type":"","background-media":"","overlay-type":"","overlay-color":"","overlay-opacity":"","overlay-gradient":""},"tablet":{"background-color":"","background-image":"","background-repeat":"repeat","background-position":"center center","background-size":"auto","background-attachment":"scroll","background-type":"","background-media":"","overlay-type":"","overlay-color":"","overlay-opacity":"","overlay-gradient":""},"mobile":{"background-color":"","background-image":"","background-repeat":"repeat","background-position":"center center","background-size":"auto","background-attachment":"scroll","background-type":"","background-media":"","overlay-type":"","overlay-color":"","overlay-opacity":"","overlay-gradient":""}},"ast-content-background-meta":{"desktop":{"background-color":"var(--ast-global-color-5)","background-image":"","background-repeat":"repeat","background-position":"center center","background-size":"auto","background-attachment":"scroll","background-type":"","background-media":"","overlay-type":"","overlay-color":"","overlay-opacity":"","overlay-gradient":""},"tablet":{"background-color":"var(--ast-global-color-5)","background-image":"","background-repeat":"repeat","background-position":"center center","background-size":"auto","background-attachment":"scroll","background-type":"","background-media":"","overlay-type":"","overlay-color":"","overlay-opacity":"","overlay-gradient":""},"mobile":{"background-color":"var(--ast-global-color-5)","background-image":"","background-repeat":"repeat","background-position":"center center","background-size":"auto","background-attachment":"scroll","background-type":"","background-media":"","overlay-type":"","overlay-color":"","overlay-opacity":"","overlay-gradient":""}},"footnotes":""},"class_list":["post-51930","page","type-page","status-publish","has-post-thumbnail","hentry"],"uagb_featured_image_src":{"full":["https:\/\/visithoutskar.fi\/wp-content\/uploads\/2021\/06\/houstkarin-lajitteluasema_nettiin-850x320-1.jpg",850,320,false],"thumbnail":["https:\/\/visithoutskar.fi\/wp-content\/uploads\/2021\/06\/houstkarin-lajitteluasema_nettiin-850x320-1-150x150.jpg",150,150,true],"medium":["https:\/\/visithoutskar.fi\/wp-content\/uploads\/2021\/06\/houstkarin-lajitteluasema_nettiin-850x320-1-300x113.jpg",300,113,true],"medium_large":["https:\/\/visithoutskar.fi\/wp-content\/uploads\/2021\/06\/houstkarin-lajitteluasema_nettiin-850x320-1-768x289.jpg",768,289,true],"large":["https:\/\/visithoutskar.fi\/wp-content\/uploads\/2021\/06\/houstkarin-lajitteluasema_nettiin-850x320-1.jpg",850,320,false],"gs-tiny":["https:\/\/visithoutskar.fi\/wp-content\/uploads\/2021\/06\/houstkarin-lajitteluasema_nettiin-850x320-1.jpg",50,19,false],"xl":["https:\/\/visithoutskar.fi\/wp-content\/uploads\/2021\/06\/houstkarin-lajitteluasema_nettiin-850x320-1.jpg",850,320,false],"xxl":["https:\/\/visithoutskar.fi\/wp-content\/uploads\/2021\/06\/houstkarin-lajitteluasema_nettiin-850x320-1.jpg",850,320,false],"xxxl":["https:\/\/visithoutskar.fi\/wp-content\/uploads\/2021\/06\/houstkarin-lajitteluasema_nettiin-850x320-1.jpg",850,320,false],"xxxxl":["https:\/\/visithoutskar.fi\/wp-content\/uploads\/2021\/06\/houstkarin-lajitteluasema_nettiin-850x320-1.jpg",850,320,false],"xxxxxl":["https:\/\/visithoutskar.fi\/wp-content\/uploads\/2021\/06\/houstkarin-lajitteluasema_nettiin-850x320-1.jpg",850,320,false],"1536x1536":["https:\/\/visithoutskar.fi\/wp-content\/uploads\/2021\/06\/houstkarin-lajitteluasema_nettiin-850x320-1.jpg",850,320,false],"2048x2048":["https:\/\/visithoutskar.fi\/wp-content\/uploads\/2021\/06\/houstkarin-lajitteluasema_nettiin-850x320-1.jpg",850,320,false]},"uagb_author_info":{"display_name":"Joonatan Stenwall","author_link":"https:\/\/visithoutskar.fi\/en\/author\/joon021\/"},"uagb_comment_info":0,"uagb_excerpt":"N\u00e4sbyv\u00e4gen 8621760 HOUTSKARI The Houtsk\u00e4r sorting station receives small amounts of waste brought by a passanger car trailer and van. Bigger amounts of waste are received at the Topinoja waste [&hellip;]","_links":{"self":[{"href":"https:\/\/visithoutskar.fi\/en\/wp-json\/wp\/v2\/pages\/51930","targetHints":{"allow":["GET"]}}],"collection":[{"href":"https:\/\/visithoutskar.fi\/en\/wp-json\/wp\/v2\/pages"}],"about":[{"href":"https:\/\/visithoutskar.fi\/en\/wp-json\/wp\/v2\/types\/page"}],"author":[{"embeddable":true,"href":"https:\/\/visithoutskar.fi\/en\/wp-json\/wp\/v2\/users\/4"}],"replies":[{"embeddable":true,"href":"https:\/\/visithoutskar.fi\/en\/wp-json\/wp\/v2\/comments?post=51930"}],"version-history":[{"count":0,"href":"https:\/\/visithoutskar.fi\/en\/wp-json\/wp\/v2\/pages\/51930\/revisions"}],"up":[{"embeddable":true,"href":"https:\/\/visithoutskar.fi\/en\/wp-json\/wp\/v2\/pages\/49708"}],"wp:featuredmedia":[{"embeddable":true,"href":"https:\/\/visithoutskar.fi\/en\/wp-json\/wp\/v2\/media\/51534"}],"wp:attachment":[{"href":"https:\/\/visithoutskar.fi\/en\/wp-json\/wp\/v2\/media?parent=51930"}],"curies":[{"name":"wp","href":"https:\/\/api.w.org\/{rel}","templated":true}]}}