{"id":48046,"date":"2019-05-03T18:19:34","date_gmt":"2019-05-03T15:19:34","guid":{"rendered":"https:\/\/visithoutskar.fi\/kotiseutumme\/"},"modified":"2021-06-29T20:51:41","modified_gmt":"2021-06-29T17:51:41","slug":"var-hembygd","status":"publish","type":"page","link":"https:\/\/visithoutskar.fi\/sv\/var-hembygd\/","title":{"rendered":"V\u00e5r hembygd"},"content":{"rendered":"\n<p>Houtsk\u00e4r, som till ytan \u00e4r 697 km2 och best\u00e5r av ca 700 holmar \u00f6ver 1 ha i storlek (20 bebodda), ligger i \u00c5bolands sk\u00e4rg\u00e5rd vid gr\u00e4nsen mot \u00c5land. Houtsk\u00e4r blev tv\u00e5spr\u00e5kigt \u00e5r 2003 och var en sj\u00e4lvst\u00e4ndig kommun fram till kommunsammanslagningen 1.1.2009, d\u00e5 kommunen blev en av fem kommundelar i sk\u00e4rg\u00e5rdsstaden Pargas. Ca 500 personer \u00e4r skrivna h\u00e4r, men vi har ocks\u00e5 en stor deltids- och fritidsbefolkning. Av befolkningen talar ungef\u00e4r 83 % svenska, 15 % finska och 2 % andra spr\u00e5k. Undervisningen i \u00e5k 1-6 i Tr\u00e4sk skola \u00e4r svenskspr\u00e5kig, men finskspr\u00e5kig undervisning f\u00f6r \u00e5k 1-9 finns p\u00e5 n\u00e4ra h\u00e5ll i Korpo, liksom svenskspr\u00e5kig undervisning f\u00f6r \u00e5k 7-9, som funnits redan sedan h\u00f6sten 1980, d\u00e5 f.d. Sk\u00e4rg\u00e5rdshavets h\u00f6gstadieskola grundades.<\/p>\n\n\n\n<p>Naturen \u00e4r omv\u00e4xlande och floran \u00e4r artrik bl.a. tack vare en kalkrik jordm\u00e5n, gott klimat och h\u00e4vdade jordbruksmarker. Houtsk\u00e4r ing\u00e5r i sin helhet i Sk\u00e4rg\u00e5rdshavets biosf\u00e4romr\u00e5de och delvis i Sk\u00e4rg\u00e5rdshavets nationalpark.<\/p>\n\n\n\n<p>Det finns inte m\u00e5nga stora sammanh\u00e4ngande \u00e5krar i Houtsk\u00e4r. Sk\u00e4rg\u00e5rdsnaturen bjuder ist\u00e4llet p\u00e5 ett lappt\u00e4cke av skogsmark, berg, k\u00e4rr, \u00e5kermark och vattendrag. Dagens krav p\u00e5 stora effektiva enheter g\u00f6r att sk\u00e4rg\u00e5rdsbonden inte har det l\u00e4tt. Ett s\u00e4tt att klara sig \u00e4r att satsa p\u00e5 specialodlingar. Houtsk\u00e4r \u00e4r k\u00e4nt f\u00f6r sin tidiga och goda nypotatis. Tidigt p\u00e5 v\u00e5ren ser det i m\u00e5nga byar ut som om \u00e5krarna skulle vara sn\u00f6t\u00e4ckta, men skenet bedrar. De bl\u00e4nkande tegarna \u00e4r skyddst\u00e4ckta potatisodlingar. Tomater \u00e4r en annan stor &#8221;exportvara&#8221; och tomater odlas numera \u00e5ret om. Andra special- gr\u00f6dor \u00e4r t.ex. \u00e4pplen.<\/p>\n\n\n\n<figure class=\"wp-block-image size-large\"><a href=\"https:\/\/visithoutskar.fi\/wp-content\/uploads\/2021\/06\/kotiseutumme_kollaasi1.jpg\"><img decoding=\"async\" width=\"1024\" height=\"189\" src=\"https:\/\/visithoutskar.fi\/wp-content\/uploads\/2021\/06\/kotiseutumme_kollaasi1-1024x189.jpg\" alt=\"\" class=\"wp-image-51585\" srcset=\"https:\/\/visithoutskar.fi\/wp-content\/uploads\/2021\/06\/kotiseutumme_kollaasi1-1024x189.jpg 1024w, https:\/\/visithoutskar.fi\/wp-content\/uploads\/2021\/06\/kotiseutumme_kollaasi1-300x55.jpg 300w, https:\/\/visithoutskar.fi\/wp-content\/uploads\/2021\/06\/kotiseutumme_kollaasi1-768x142.jpg 768w, https:\/\/visithoutskar.fi\/wp-content\/uploads\/2021\/06\/kotiseutumme_kollaasi1-1536x284.jpg 1536w, https:\/\/visithoutskar.fi\/wp-content\/uploads\/2021\/06\/kotiseutumme_kollaasi1.jpg 1719w\" sizes=\"(max-width: 1024px) 100vw, 1024px\" \/><\/a><\/figure>\n\n\n\n<p>Houtsk\u00e4r har en god basservice som kompletteras av privata f\u00f6retag. F\u00f6reningsverksamheten \u00e4r mycket livlig och bidrar i h\u00f6g grad till inv\u00e5narnas trivsel. I Houtsk\u00e4r finns det m\u00e5nga livskraftiga byar. Flera av dem \u00e4r fortfarande traditionella \u201cgytterbyar\u201d. Speciellt Hyppeis och Bj\u00f6rk\u00f6 \u00e4r k\u00e4nda f\u00f6r sina vackra b\u00e5thus.<\/p>\n\n\n\n<p><strong>Byaf\u00f6rteckning<\/strong>: <em>N\u00e4sby (som \u00e4r Houtsk\u00e4rs kyrkby), Storpensar, Saverkeit, Kittuis, Medelby, H\u00f6nsn\u00e4s, Berghamn, Tr\u00e4sk, Jervis, Hyppeis, Roslax, Kivimo, Bj\u00f6rk\u00f6, Mossala, \u00c4ppl\u00f6 och N\u00e5t\u00f6.<\/em><\/p>\n","protected":false},"excerpt":{"rendered":"<p>Houtsk\u00e4r, som till ytan \u00e4r 697 km2 och best\u00e5r av ca 700 holmar \u00f6ver 1 ha i storlek (20 bebodda), ligger i \u00c5bolands sk\u00e4rg\u00e5rd vid gr\u00e4nsen mot \u00c5land. Houtsk\u00e4r blev [&hellip;]<\/p>\n","protected":false},"author":1,"featured_media":50720,"parent":0,"menu_order":2,"comment_status":"closed","ping_status":"closed","template":"","meta":{"_uag_custom_page_level_css":"","site-sidebar-layout":"default","site-content-layout":"default","ast-site-content-layout":"default","site-content-style":"default","site-sidebar-style":"default","ast-global-header-display":"","ast-banner-title-visibility":"","ast-main-header-display":"","ast-hfb-above-header-display":"","ast-hfb-below-header-display":"","ast-hfb-mobile-header-display":"","site-post-title":"","ast-breadcrumbs-content":"","ast-featured-img":"","footer-sml-layout":"","ast-disable-related-posts":"","theme-transparent-header-meta":"default","adv-header-id-meta":"","stick-header-meta":"default","header-above-stick-meta":"","header-main-stick-meta":"","header-below-stick-meta":"","astra-migrate-meta-layouts":"default","ast-page-background-enabled":"default","ast-page-background-meta":{"desktop":{"background-color":"","background-image":"","background-repeat":"repeat","background-position":"center center","background-size":"auto","background-attachment":"scroll","background-type":"","background-media":"","overlay-type":"","overlay-color":"","overlay-opacity":"","overlay-gradient":""},"tablet":{"background-color":"","background-image":"","background-repeat":"repeat","background-position":"center center","background-size":"auto","background-attachment":"scroll","background-type":"","background-media":"","overlay-type":"","overlay-color":"","overlay-opacity":"","overlay-gradient":""},"mobile":{"background-color":"","background-image":"","background-repeat":"repeat","background-position":"center center","background-size":"auto","background-attachment":"scroll","background-type":"","background-media":"","overlay-type":"","overlay-color":"","overlay-opacity":"","overlay-gradient":""}},"ast-content-background-meta":{"desktop":{"background-color":"var(--ast-global-color-5)","background-image":"","background-repeat":"repeat","background-position":"center center","background-size":"auto","background-attachment":"scroll","background-type":"","background-media":"","overlay-type":"","overlay-color":"","overlay-opacity":"","overlay-gradient":""},"tablet":{"background-color":"var(--ast-global-color-5)","background-image":"","background-repeat":"repeat","background-position":"center center","background-size":"auto","background-attachment":"scroll","background-type":"","background-media":"","overlay-type":"","overlay-color":"","overlay-opacity":"","overlay-gradient":""},"mobile":{"background-color":"var(--ast-global-color-5)","background-image":"","background-repeat":"repeat","background-position":"center center","background-size":"auto","background-attachment":"scroll","background-type":"","background-media":"","overlay-type":"","overlay-color":"","overlay-opacity":"","overlay-gradient":""}},"footnotes":""},"class_list":["post-48046","page","type-page","status-publish","has-post-thumbnail","hentry"],"uagb_featured_image_src":{"full":["https:\/\/visithoutskar.fi\/wp-content\/uploads\/2020\/05\/Bj\u00f6rk\u00f6-strand-i-solnedg\u00e5ng-100919.jpg",1367,664,false],"thumbnail":["https:\/\/visithoutskar.fi\/wp-content\/uploads\/2020\/05\/Bj\u00f6rk\u00f6-strand-i-solnedg\u00e5ng-100919-150x150.jpg",150,150,true],"medium":["https:\/\/visithoutskar.fi\/wp-content\/uploads\/2020\/05\/Bj\u00f6rk\u00f6-strand-i-solnedg\u00e5ng-100919-300x146.jpg",300,146,true],"medium_large":["https:\/\/visithoutskar.fi\/wp-content\/uploads\/2020\/05\/Bj\u00f6rk\u00f6-strand-i-solnedg\u00e5ng-100919-768x373.jpg",768,373,true],"large":["https:\/\/visithoutskar.fi\/wp-content\/uploads\/2020\/05\/Bj\u00f6rk\u00f6-strand-i-solnedg\u00e5ng-100919-1024x497.jpg",1024,497,true],"gs-tiny":["https:\/\/visithoutskar.fi\/wp-content\/uploads\/2020\/05\/Bj\u00f6rk\u00f6-strand-i-solnedg\u00e5ng-100919.jpg",50,24,false],"xl":["https:\/\/visithoutskar.fi\/wp-content\/uploads\/2020\/05\/Bj\u00f6rk\u00f6-strand-i-solnedg\u00e5ng-100919.jpg",1367,664,false],"xxl":["https:\/\/visithoutskar.fi\/wp-content\/uploads\/2020\/05\/Bj\u00f6rk\u00f6-strand-i-solnedg\u00e5ng-100919.jpg",1367,664,false],"xxxl":["https:\/\/visithoutskar.fi\/wp-content\/uploads\/2020\/05\/Bj\u00f6rk\u00f6-strand-i-solnedg\u00e5ng-100919.jpg",1367,664,false],"xxxxl":["https:\/\/visithoutskar.fi\/wp-content\/uploads\/2020\/05\/Bj\u00f6rk\u00f6-strand-i-solnedg\u00e5ng-100919.jpg",1367,664,false],"xxxxxl":["https:\/\/visithoutskar.fi\/wp-content\/uploads\/2020\/05\/Bj\u00f6rk\u00f6-strand-i-solnedg\u00e5ng-100919.jpg",1367,664,false],"1536x1536":["https:\/\/visithoutskar.fi\/wp-content\/uploads\/2020\/05\/Bj\u00f6rk\u00f6-strand-i-solnedg\u00e5ng-100919.jpg",1367,664,false],"2048x2048":["https:\/\/visithoutskar.fi\/wp-content\/uploads\/2020\/05\/Bj\u00f6rk\u00f6-strand-i-solnedg\u00e5ng-100919.jpg",1367,664,false]},"uagb_author_info":{"display_name":"admin","author_link":"https:\/\/visithoutskar.fi\/sv\/author\/frank\/"},"uagb_comment_info":0,"uagb_excerpt":"Houtsk\u00e4r, som till ytan \u00e4r 697 km2 och best\u00e5r av ca 700 holmar \u00f6ver 1 ha i storlek (20 bebodda), ligger i \u00c5bolands sk\u00e4rg\u00e5rd vid gr\u00e4nsen mot \u00c5land. Houtsk\u00e4r blev [&hellip;]","_links":{"self":[{"href":"https:\/\/visithoutskar.fi\/sv\/wp-json\/wp\/v2\/pages\/48046","targetHints":{"allow":["GET"]}}],"collection":[{"href":"https:\/\/visithoutskar.fi\/sv\/wp-json\/wp\/v2\/pages"}],"about":[{"href":"https:\/\/visithoutskar.fi\/sv\/wp-json\/wp\/v2\/types\/page"}],"author":[{"embeddable":true,"href":"https:\/\/visithoutskar.fi\/sv\/wp-json\/wp\/v2\/users\/1"}],"replies":[{"embeddable":true,"href":"https:\/\/visithoutskar.fi\/sv\/wp-json\/wp\/v2\/comments?post=48046"}],"version-history":[{"count":0,"href":"https:\/\/visithoutskar.fi\/sv\/wp-json\/wp\/v2\/pages\/48046\/revisions"}],"wp:featuredmedia":[{"embeddable":true,"href":"https:\/\/visithoutskar.fi\/sv\/wp-json\/wp\/v2\/media\/50720"}],"wp:attachment":[{"href":"https:\/\/visithoutskar.fi\/sv\/wp-json\/wp\/v2\/media?parent=48046"}],"curies":[{"name":"wp","href":"https:\/\/api.w.org\/{rel}","templated":true}]}}