{"id":48059,"date":"2019-03-06T16:33:51","date_gmt":"2019-03-06T14:33:51","guid":{"rendered":"https:\/\/visithoutskar.fi\/var-hembygd\/faktaa\/"},"modified":"2021-06-29T20:55:37","modified_gmt":"2021-06-29T17:55:37","slug":"fakta","status":"publish","type":"page","link":"https:\/\/visithoutskar.fi\/sv\/var-hembygd\/fakta\/","title":{"rendered":"Fakta om Houtsk\u00e4r"},"content":{"rendered":"\n<div class=\"wp-block-image\"><figure class=\"alignright\"><a href=\"https:\/\/visithoutskar.fi\/wp-content\/uploads\/2021\/06\/IMG_7029-rotated.jpeg\"><img decoding=\"async\" src=\"https:\/\/visithoutskar.fi\/wp-content\/uploads\/2021\/06\/IMG_7029-200x300.jpeg.webp\" alt=\"\" class=\"wp-image-51266\"><\/a><\/figure><\/div>\n\n\n\n<p>Houtsk\u00e4r har varit befolkat v\u00e4ldigt l\u00e4nge. De \u00e4ldsta k\u00e4nda sp\u00e5ren av m\u00e4nniskor torde vara ett par gravkummel fr\u00e5n brons\u00e5ldern. D\u00e5 landh\u00f6jningen i omr\u00e5det \u00e4r ca 50 cm per \u00e5rhundrade har \u00f6arna f\u00f6r\u00e4ndrats b\u00e5de till storlek och antal. I dag finns det totalt ca 1 600 \u00f6ar och mindre sk\u00e4r. Man antar att det funnits svensk bebyggelse sedan 1200-talet.<\/p>\n\n\n\n<p>De flesta nuvarande byar finns n\u00e4mnda i Gustaf Vasas jordebok fr\u00e5n 1540, vilket tyder p\u00e5 att det funnits en byorganisation. De olika g\u00e5rdarna har varit byggda p\u00e5 sin andel av bytomten i en viss inb\u00f6rdes ordning. Houtsk\u00e4r kapellf\u00f6rsamling n\u00e4mns 1554, men fram till 1867 var Houtsk\u00e4r en del av Korpo socken. Den nuvarande r\u00f6da korskyrkan av tr\u00e4, S:ta Maria kyrka, byggdes 1703. N\u00e4r Houtsk\u00e4r blev en sj\u00e4lvst\u00e4ndig kommun, bestod befolkningen av sj\u00e4lv\u00e4gande b\u00f6nder i 18 byar. Houtsk\u00e4rsbornas traditionella n\u00e4ringar var fiske och sj\u00f6fart. I slutet av 1800-talet var befolkningen som st\u00f6rst \u2013 ca 2000 personer. Befolknings\u00f6kningen berodde bl.a. p\u00e5 att sk\u00e4rg\u00e5rdsborna tack vare fisket klarade sig b\u00e4ttre under de sv\u00e5ra hunger\u00e5ren 1867-68, d\u00e5 jordbruket misslyckades och befolkningen p\u00e5 fastlandet pinades av sv\u00e4lt.<\/p>\n\n\n\n<figure class=\"wp-block-image size-large\"><a href=\"https:\/\/visithoutskar.fi\/wp-content\/uploads\/2021\/06\/Historia_kollaasi.jpg\"><img decoding=\"async\" width=\"1024\" height=\"193\" src=\"https:\/\/visithoutskar.fi\/wp-content\/uploads\/2021\/06\/Historia_kollaasi-1024x193.jpg\" alt=\"\" class=\"wp-image-51866\" srcset=\"https:\/\/visithoutskar.fi\/wp-content\/uploads\/2021\/06\/Historia_kollaasi-1024x193.jpg 1024w, https:\/\/visithoutskar.fi\/wp-content\/uploads\/2021\/06\/Historia_kollaasi-300x57.jpg 300w, https:\/\/visithoutskar.fi\/wp-content\/uploads\/2021\/06\/Historia_kollaasi-768x145.jpg 768w, https:\/\/visithoutskar.fi\/wp-content\/uploads\/2021\/06\/Historia_kollaasi-1536x290.jpg 1536w, https:\/\/visithoutskar.fi\/wp-content\/uploads\/2021\/06\/Historia_kollaasi.jpg 1748w\" sizes=\"(max-width: 1024px) 100vw, 1024px\" \/><\/a><\/figure>\n","protected":false},"excerpt":{"rendered":"<p>Houtsk\u00e4r har varit befolkat v\u00e4ldigt l\u00e4nge. De \u00e4ldsta k\u00e4nda sp\u00e5ren av m\u00e4nniskor torde vara ett par gravkummel fr\u00e5n brons\u00e5ldern. D\u00e5 landh\u00f6jningen i omr\u00e5det \u00e4r ca 50 cm per \u00e5rhundrade har [&hellip;]<\/p>\n","protected":false},"author":1,"featured_media":51464,"parent":48046,"menu_order":2,"comment_status":"closed","ping_status":"closed","template":"","meta":{"_uag_custom_page_level_css":"","site-sidebar-layout":"default","site-content-layout":"default","ast-site-content-layout":"default","site-content-style":"default","site-sidebar-style":"default","ast-global-header-display":"","ast-banner-title-visibility":"","ast-main-header-display":"","ast-hfb-above-header-display":"","ast-hfb-below-header-display":"","ast-hfb-mobile-header-display":"","site-post-title":"","ast-breadcrumbs-content":"","ast-featured-img":"","footer-sml-layout":"","ast-disable-related-posts":"","theme-transparent-header-meta":"default","adv-header-id-meta":"","stick-header-meta":"default","header-above-stick-meta":"","header-main-stick-meta":"","header-below-stick-meta":"","astra-migrate-meta-layouts":"default","ast-page-background-enabled":"default","ast-page-background-meta":{"desktop":{"background-color":"","background-image":"","background-repeat":"repeat","background-position":"center center","background-size":"auto","background-attachment":"scroll","background-type":"","background-media":"","overlay-type":"","overlay-color":"","overlay-opacity":"","overlay-gradient":""},"tablet":{"background-color":"","background-image":"","background-repeat":"repeat","background-position":"center center","background-size":"auto","background-attachment":"scroll","background-type":"","background-media":"","overlay-type":"","overlay-color":"","overlay-opacity":"","overlay-gradient":""},"mobile":{"background-color":"","background-image":"","background-repeat":"repeat","background-position":"center center","background-size":"auto","background-attachment":"scroll","background-type":"","background-media":"","overlay-type":"","overlay-color":"","overlay-opacity":"","overlay-gradient":""}},"ast-content-background-meta":{"desktop":{"background-color":"var(--ast-global-color-5)","background-image":"","background-repeat":"repeat","background-position":"center center","background-size":"auto","background-attachment":"scroll","background-type":"","background-media":"","overlay-type":"","overlay-color":"","overlay-opacity":"","overlay-gradient":""},"tablet":{"background-color":"var(--ast-global-color-5)","background-image":"","background-repeat":"repeat","background-position":"center center","background-size":"auto","background-attachment":"scroll","background-type":"","background-media":"","overlay-type":"","overlay-color":"","overlay-opacity":"","overlay-gradient":""},"mobile":{"background-color":"var(--ast-global-color-5)","background-image":"","background-repeat":"repeat","background-position":"center center","background-size":"auto","background-attachment":"scroll","background-type":"","background-media":"","overlay-type":"","overlay-color":"","overlay-opacity":"","overlay-gradient":""}},"footnotes":""},"class_list":["post-48059","page","type-page","status-publish","has-post-thumbnail","hentry"],"uagb_featured_image_src":{"full":["https:\/\/visithoutskar.fi\/wp-content\/uploads\/2021\/06\/Tog4.jpg",1416,652,false],"thumbnail":["https:\/\/visithoutskar.fi\/wp-content\/uploads\/2021\/06\/Tog4-150x150.jpg",150,150,true],"medium":["https:\/\/visithoutskar.fi\/wp-content\/uploads\/2021\/06\/Tog4-300x138.jpg",300,138,true],"medium_large":["https:\/\/visithoutskar.fi\/wp-content\/uploads\/2021\/06\/Tog4-768x354.jpg",768,354,true],"large":["https:\/\/visithoutskar.fi\/wp-content\/uploads\/2021\/06\/Tog4-1024x472.jpg",1024,472,true],"gs-tiny":["https:\/\/visithoutskar.fi\/wp-content\/uploads\/2021\/06\/Tog4.jpg",50,23,false],"xl":["https:\/\/visithoutskar.fi\/wp-content\/uploads\/2021\/06\/Tog4.jpg",1416,652,false],"xxl":["https:\/\/visithoutskar.fi\/wp-content\/uploads\/2021\/06\/Tog4.jpg",1416,652,false],"xxxl":["https:\/\/visithoutskar.fi\/wp-content\/uploads\/2021\/06\/Tog4.jpg",1416,652,false],"xxxxl":["https:\/\/visithoutskar.fi\/wp-content\/uploads\/2021\/06\/Tog4.jpg",1416,652,false],"xxxxxl":["https:\/\/visithoutskar.fi\/wp-content\/uploads\/2021\/06\/Tog4.jpg",1416,652,false],"1536x1536":["https:\/\/visithoutskar.fi\/wp-content\/uploads\/2021\/06\/Tog4.jpg",1416,652,false],"2048x2048":["https:\/\/visithoutskar.fi\/wp-content\/uploads\/2021\/06\/Tog4.jpg",1416,652,false]},"uagb_author_info":{"display_name":"admin","author_link":"https:\/\/visithoutskar.fi\/sv\/author\/frank\/"},"uagb_comment_info":0,"uagb_excerpt":"Houtsk\u00e4r har varit befolkat v\u00e4ldigt l\u00e4nge. De \u00e4ldsta k\u00e4nda sp\u00e5ren av m\u00e4nniskor torde vara ett par gravkummel fr\u00e5n brons\u00e5ldern. D\u00e5 landh\u00f6jningen i omr\u00e5det \u00e4r ca 50 cm per \u00e5rhundrade har [&hellip;]","_links":{"self":[{"href":"https:\/\/visithoutskar.fi\/sv\/wp-json\/wp\/v2\/pages\/48059","targetHints":{"allow":["GET"]}}],"collection":[{"href":"https:\/\/visithoutskar.fi\/sv\/wp-json\/wp\/v2\/pages"}],"about":[{"href":"https:\/\/visithoutskar.fi\/sv\/wp-json\/wp\/v2\/types\/page"}],"author":[{"embeddable":true,"href":"https:\/\/visithoutskar.fi\/sv\/wp-json\/wp\/v2\/users\/1"}],"replies":[{"embeddable":true,"href":"https:\/\/visithoutskar.fi\/sv\/wp-json\/wp\/v2\/comments?post=48059"}],"version-history":[{"count":0,"href":"https:\/\/visithoutskar.fi\/sv\/wp-json\/wp\/v2\/pages\/48059\/revisions"}],"up":[{"embeddable":true,"href":"https:\/\/visithoutskar.fi\/sv\/wp-json\/wp\/v2\/pages\/48046"}],"wp:featuredmedia":[{"embeddable":true,"href":"https:\/\/visithoutskar.fi\/sv\/wp-json\/wp\/v2\/media\/51464"}],"wp:attachment":[{"href":"https:\/\/visithoutskar.fi\/sv\/wp-json\/wp\/v2\/media?parent=48059"}],"curies":[{"name":"wp","href":"https:\/\/api.w.org\/{rel}","templated":true}]}}