{"id":48072,"date":"2019-04-16T12:39:58","date_gmt":"2019-04-16T09:39:58","guid":{"rendered":"https:\/\/visithoutskar.fi\/yhteydet\/"},"modified":"2024-05-06T11:49:30","modified_gmt":"2024-05-06T08:49:30","slug":"forbindelser","status":"publish","type":"page","link":"https:\/\/visithoutskar.fi\/sv\/forbindelser\/","title":{"rendered":"F\u00f6rbindelser"},"content":{"rendered":"<h6><strong>F\u00e4rjtidtabeller<\/strong><\/h6>\n<ul>\n<li><a href=\"https:\/\/www.finferries.fi\/sv\/paradsidan.html\" target=\"_blank\" rel=\"noopener noreferrer\">Finferries<\/a><\/li>\n<li><a href=\"http:\/\/lautta.net\/?lang=sv\" target=\"_blank\" rel=\"noopener noreferrer\">F\u00e4rja.fi<\/a><\/li>\n<li><a href=\"https:\/\/saaristolautat.fi\/\" target=\"_blank\" rel=\"noopener noreferrer\">Saaristolautat.fi<\/a><\/li>\n<li><a href=\"http:\/\/rengastie.fi\/\" target=\"_blank\" rel=\"noopener noreferrer\">Rengastie.fi<\/a><\/li>\n<li><a href=\"https:\/\/www.alandstrafiken.ax\/sv\" target=\"_blank\" rel=\"noopener noreferrer\">\u00c5landstrafiken<\/a><\/li>\n<li><a href=\"http:\/\/saaristonrengastie.fi\/sv\/content\/ruttbeskrivning\" target=\"_blank\" rel=\"noopener noreferrer\">Sk\u00e4rg\u00e5rdens Ringv\u00e4g<\/a><\/li>\n<\/ul>\n<p>VAIJERF\u00c4RJORNAS PAUSER<br \/>\n<em>Nedann\u00e4mnda f\u00e4rjor h\u00e5ller dagligen fyra lagstadgande 20-minuters pauser:<\/em><br \/>\nKIVIMO, MOSSALA ja SAVERKEIT<\/p>\n<p><strong>Pauserna h\u00e5lls kl.<\/strong><br \/>\n09.10 \u2013 09.30<br \/>\n11.40 \u2013 12.00<br \/>\n17.10 \u2013 17.30<br \/>\n20.10 \u2013 20.30 (Mossala och Saverkeit, 20.30-20.50 Kivimo)<\/p>\n<p>Ta dessa i beaktande d\u00e5 du planerar din resa vad g\u00e4ller de st\u00f6rre f\u00e4rjorna (<em>Stella, Falco, Antonia<\/em>) s\u00e5 att du inte f\u00f6rsenar dig p.g.a. pauserna.<\/p>\n<h6><strong>Busstidtabeller<\/strong><\/h6>\n<p><a href=\"https:\/\/tlo.fi\/skargardsbuss\/\" target=\"_blank\" rel=\"noopener noreferrer\">Saaristobussi<\/a><\/p>\n","protected":false},"excerpt":{"rendered":"<p>F\u00e4rjtidtabeller Finferries F\u00e4rja.fi Saaristolautat.fi Rengastie.fi \u00c5landstrafiken Sk\u00e4rg\u00e5rdens Ringv\u00e4g VAIJERF\u00c4RJORNAS PAUSER Nedann\u00e4mnda f\u00e4rjor h\u00e5ller dagligen fyra lagstadgande 20-minuters pauser: KIVIMO, MOSSALA ja SAVERKEIT Pauserna h\u00e5lls kl. 09.10 \u2013 09.30 11.40 \u2013 [&hellip;]<\/p>\n","protected":false},"author":1,"featured_media":51814,"parent":0,"menu_order":77,"comment_status":"closed","ping_status":"closed","template":"","meta":{"_uag_custom_page_level_css":"","site-sidebar-layout":"default","site-content-layout":"default","ast-site-content-layout":"default","site-content-style":"default","site-sidebar-style":"default","ast-global-header-display":"","ast-banner-title-visibility":"","ast-main-header-display":"","ast-hfb-above-header-display":"","ast-hfb-below-header-display":"","ast-hfb-mobile-header-display":"","site-post-title":"","ast-breadcrumbs-content":"","ast-featured-img":"","footer-sml-layout":"","ast-disable-related-posts":"","theme-transparent-header-meta":"default","adv-header-id-meta":"","stick-header-meta":"default","header-above-stick-meta":"","header-main-stick-meta":"","header-below-stick-meta":"","astra-migrate-meta-layouts":"set","ast-page-background-enabled":"default","ast-page-background-meta":{"desktop":{"background-color":"","background-image":"","background-repeat":"repeat","background-position":"center center","background-size":"auto","background-attachment":"scroll","background-type":"","background-media":"","overlay-type":"","overlay-color":"","overlay-opacity":"","overlay-gradient":""},"tablet":{"background-color":"","background-image":"","background-repeat":"repeat","background-position":"center center","background-size":"auto","background-attachment":"scroll","background-type":"","background-media":"","overlay-type":"","overlay-color":"","overlay-opacity":"","overlay-gradient":""},"mobile":{"background-color":"","background-image":"","background-repeat":"repeat","background-position":"center center","background-size":"auto","background-attachment":"scroll","background-type":"","background-media":"","overlay-type":"","overlay-color":"","overlay-opacity":"","overlay-gradient":""}},"ast-content-background-meta":{"desktop":{"background-color":"var(--ast-global-color-5)","background-image":"","background-repeat":"repeat","background-position":"center center","background-size":"auto","background-attachment":"scroll","background-type":"","background-media":"","overlay-type":"","overlay-color":"","overlay-opacity":"","overlay-gradient":""},"tablet":{"background-color":"var(--ast-global-color-5)","background-image":"","background-repeat":"repeat","background-position":"center center","background-size":"auto","background-attachment":"scroll","background-type":"","background-media":"","overlay-type":"","overlay-color":"","overlay-opacity":"","overlay-gradient":""},"mobile":{"background-color":"var(--ast-global-color-5)","background-image":"","background-repeat":"repeat","background-position":"center center","background-size":"auto","background-attachment":"scroll","background-type":"","background-media":"","overlay-type":"","overlay-color":"","overlay-opacity":"","overlay-gradient":""}},"footnotes":""},"class_list":["post-48072","page","type-page","status-publish","has-post-thumbnail","hentry"],"uagb_featured_image_src":{"full":["https:\/\/visithoutskar.fi\/wp-content\/uploads\/2021\/06\/Lautta.jpg",1344,582,false],"thumbnail":["https:\/\/visithoutskar.fi\/wp-content\/uploads\/2021\/06\/Lautta-150x150.jpg",150,150,true],"medium":["https:\/\/visithoutskar.fi\/wp-content\/uploads\/2021\/06\/Lautta-300x130.jpg",300,130,true],"medium_large":["https:\/\/visithoutskar.fi\/wp-content\/uploads\/2021\/06\/Lautta-768x333.jpg",768,333,true],"large":["https:\/\/visithoutskar.fi\/wp-content\/uploads\/2021\/06\/Lautta-1024x443.jpg",1024,443,true],"gs-tiny":["https:\/\/visithoutskar.fi\/wp-content\/uploads\/2021\/06\/Lautta.jpg",50,22,false],"xl":["https:\/\/visithoutskar.fi\/wp-content\/uploads\/2021\/06\/Lautta.jpg",1344,582,false],"xxl":["https:\/\/visithoutskar.fi\/wp-content\/uploads\/2021\/06\/Lautta.jpg",1344,582,false],"xxxl":["https:\/\/visithoutskar.fi\/wp-content\/uploads\/2021\/06\/Lautta.jpg",1344,582,false],"xxxxl":["https:\/\/visithoutskar.fi\/wp-content\/uploads\/2021\/06\/Lautta.jpg",1344,582,false],"xxxxxl":["https:\/\/visithoutskar.fi\/wp-content\/uploads\/2021\/06\/Lautta.jpg",1344,582,false],"1536x1536":["https:\/\/visithoutskar.fi\/wp-content\/uploads\/2021\/06\/Lautta.jpg",1344,582,false],"2048x2048":["https:\/\/visithoutskar.fi\/wp-content\/uploads\/2021\/06\/Lautta.jpg",1344,582,false]},"uagb_author_info":{"display_name":"admin","author_link":"https:\/\/visithoutskar.fi\/sv\/author\/frank\/"},"uagb_comment_info":0,"uagb_excerpt":"F\u00e4rjtidtabeller Finferries F\u00e4rja.fi Saaristolautat.fi Rengastie.fi \u00c5landstrafiken Sk\u00e4rg\u00e5rdens Ringv\u00e4g VAIJERF\u00c4RJORNAS PAUSER Nedann\u00e4mnda f\u00e4rjor h\u00e5ller dagligen fyra lagstadgande 20-minuters pauser: KIVIMO, MOSSALA ja SAVERKEIT Pauserna h\u00e5lls kl. 09.10 \u2013 09.30 11.40 \u2013 [&hellip;]","_links":{"self":[{"href":"https:\/\/visithoutskar.fi\/sv\/wp-json\/wp\/v2\/pages\/48072","targetHints":{"allow":["GET"]}}],"collection":[{"href":"https:\/\/visithoutskar.fi\/sv\/wp-json\/wp\/v2\/pages"}],"about":[{"href":"https:\/\/visithoutskar.fi\/sv\/wp-json\/wp\/v2\/types\/page"}],"author":[{"embeddable":true,"href":"https:\/\/visithoutskar.fi\/sv\/wp-json\/wp\/v2\/users\/1"}],"replies":[{"embeddable":true,"href":"https:\/\/visithoutskar.fi\/sv\/wp-json\/wp\/v2\/comments?post=48072"}],"version-history":[{"count":0,"href":"https:\/\/visithoutskar.fi\/sv\/wp-json\/wp\/v2\/pages\/48072\/revisions"}],"wp:featuredmedia":[{"embeddable":true,"href":"https:\/\/visithoutskar.fi\/sv\/wp-json\/wp\/v2\/media\/51814"}],"wp:attachment":[{"href":"https:\/\/visithoutskar.fi\/sv\/wp-json\/wp\/v2\/media?parent=48072"}],"curies":[{"name":"wp","href":"https:\/\/api.w.org\/{rel}","templated":true}]}}