{"id":48087,"date":"2019-05-21T12:52:04","date_gmt":"2019-05-21T09:52:04","guid":{"rendered":"https:\/\/visithoutskar.fi\/?page_id=48087"},"modified":"2021-05-14T23:04:45","modified_gmt":"2021-05-14T20:04:45","slug":"forsamlingen","status":"publish","type":"page","link":"https:\/\/visithoutskar.fi\/sv\/forsamlingen\/","title":{"rendered":"F\u00f6rsamlingen"},"content":{"rendered":"<h2>Houtsk\u00e4rs kapellf\u00f6rsamling<\/h2>\n<div>\n<div>Houtsk\u00e4rs kapellf\u00f6rsamling \u00e4r verksam \u00e5ret om med gudstj\u00e4nster, f\u00f6rr\u00e4ttningar och annan<\/div>\n<div>f\u00f6rsamlingsverksamhet. I regel firar vi gudstj\u00e4nster kl. 11 varje s\u00f6ndag, f\u00f6rutom andra helgen i m\u00e5naden d\u00e5 ingen gudstj\u00e4nst h\u00e5lls.<\/div>\n<\/div>\n<div><\/div>\n<h2>\u00d6ppeth\u00e5llning<\/h2>\n<div>Sommartid 1.5-30.9 \u00e4r kyrkan \u00f6ppen alla dagar kl. 9-21 och vintertid 1.10-30.4 kl. 9-18. Du \u00e4r hj\u00e4rtligt v\u00e4lkommen att titta in. S\u00e4tt dig g\u00e4rna en stund i b\u00e4nken och k\u00e4nn n\u00e4rvaron av det heliga. Det finns ocks\u00e5 ett bord med f\u00f6rb\u00f6nsstenar d\u00e4r du kan be.<\/div>\n<div><\/div>\n<h3>Evenemang<\/h3>\n<p>P\u00e5 grund av den r\u00e5dande corona-pandemin ordnas v\u00e4ldigt f\u00e5 evenemang f\u00f6r tillf\u00e4llet.<\/p>\n<h3>F\u00f6rsamlingslyktan<\/h3>\n<p>Houtsk\u00e4rs kapellf\u00f6rsamlings egen, fyra g\u00e5nger per \u00e5r utkommande, omtyckta tidskrift F\u00f6rsamlingslyktan finns nu ocks\u00e5 p\u00e5 n\u00e4tet. \u00c5rg\u00e5ngarna 2019 och 2020 samt \u00e5rets tidningar kan du l\u00e4sa <a href=\"https:\/\/www.vastabolandsforsamling.fi\/houtskar-kapellforsamling\/forsamlingslyktan\" target=\"_blank\" rel=\"noopener\">h\u00e4r<\/a>.<\/p>\n<h3><span style=\"color: inherit; font-family: Helvetica; font-size: 1.33333rem; background-color: transparent;\">P\u00e5 n\u00e4tet hittar du oss h\u00e4r:<\/span><\/h3>\n<p><a href=\"https:\/\/www.vastabolandsforsamling.fi\/houtskar-kapellforsamling\" target=\"_blank\" rel=\"noopener noreferrer\">https:\/\/www.vastabolandsforsamling.fi\/houtskar-kapellforsamling<\/a><\/p>\n<p>Facebook <a href=\"https:\/\/www.facebook.com\/vasfor\/\" target=\"_blank\" rel=\"noopener noreferrer\">@vasfor<\/a><\/p>\n<p>Instagram <a href=\"https:\/\/www.instagram.com\/vastabolandsforsamling\/\" target=\"_blank\" rel=\"noopener noreferrer\">@vastabolandsforsamling<\/a><\/p>\n","protected":false},"excerpt":{"rendered":"<p>Houtsk\u00e4rs kapellf\u00f6rsamling Houtsk\u00e4rs kapellf\u00f6rsamling \u00e4r verksam \u00e5ret om med gudstj\u00e4nster, f\u00f6rr\u00e4ttningar och annan f\u00f6rsamlingsverksamhet. I regel firar vi gudstj\u00e4nster kl. 11 varje s\u00f6ndag, f\u00f6rutom andra helgen i m\u00e5naden d\u00e5 ingen [&hellip;]<\/p>\n","protected":false},"author":1,"featured_media":51435,"parent":0,"menu_order":0,"comment_status":"closed","ping_status":"closed","template":"","meta":{"_uag_custom_page_level_css":"","site-sidebar-layout":"default","site-content-layout":"default","ast-site-content-layout":"default","site-content-style":"default","site-sidebar-style":"default","ast-global-header-display":"","ast-banner-title-visibility":"","ast-main-header-display":"","ast-hfb-above-header-display":"","ast-hfb-below-header-display":"","ast-hfb-mobile-header-display":"","site-post-title":"","ast-breadcrumbs-content":"","ast-featured-img":"","footer-sml-layout":"","ast-disable-related-posts":"","theme-transparent-header-meta":"default","adv-header-id-meta":"","stick-header-meta":"default","header-above-stick-meta":"","header-main-stick-meta":"","header-below-stick-meta":"","astra-migrate-meta-layouts":"default","ast-page-background-enabled":"default","ast-page-background-meta":{"desktop":{"background-color":"","background-image":"","background-repeat":"repeat","background-position":"center center","background-size":"auto","background-attachment":"scroll","background-type":"","background-media":"","overlay-type":"","overlay-color":"","overlay-opacity":"","overlay-gradient":""},"tablet":{"background-color":"","background-image":"","background-repeat":"repeat","background-position":"center center","background-size":"auto","background-attachment":"scroll","background-type":"","background-media":"","overlay-type":"","overlay-color":"","overlay-opacity":"","overlay-gradient":""},"mobile":{"background-color":"","background-image":"","background-repeat":"repeat","background-position":"center center","background-size":"auto","background-attachment":"scroll","background-type":"","background-media":"","overlay-type":"","overlay-color":"","overlay-opacity":"","overlay-gradient":""}},"ast-content-background-meta":{"desktop":{"background-color":"var(--ast-global-color-5)","background-image":"","background-repeat":"repeat","background-position":"center center","background-size":"auto","background-attachment":"scroll","background-type":"","background-media":"","overlay-type":"","overlay-color":"","overlay-opacity":"","overlay-gradient":""},"tablet":{"background-color":"var(--ast-global-color-5)","background-image":"","background-repeat":"repeat","background-position":"center center","background-size":"auto","background-attachment":"scroll","background-type":"","background-media":"","overlay-type":"","overlay-color":"","overlay-opacity":"","overlay-gradient":""},"mobile":{"background-color":"var(--ast-global-color-5)","background-image":"","background-repeat":"repeat","background-position":"center center","background-size":"auto","background-attachment":"scroll","background-type":"","background-media":"","overlay-type":"","overlay-color":"","overlay-opacity":"","overlay-gradient":""}},"footnotes":""},"class_list":["post-48087","page","type-page","status-publish","has-post-thumbnail","hentry"],"uagb_featured_image_src":{"full":["https:\/\/visithoutskar.fi\/wp-content\/uploads\/2021\/06\/forsamlingen2-2.jpg",1330,654,false],"thumbnail":["https:\/\/visithoutskar.fi\/wp-content\/uploads\/2021\/06\/forsamlingen2-2-150x150.jpg",150,150,true],"medium":["https:\/\/visithoutskar.fi\/wp-content\/uploads\/2021\/06\/forsamlingen2-2-300x148.jpg",300,148,true],"medium_large":["https:\/\/visithoutskar.fi\/wp-content\/uploads\/2021\/06\/forsamlingen2-2-768x378.jpg",768,378,true],"large":["https:\/\/visithoutskar.fi\/wp-content\/uploads\/2021\/06\/forsamlingen2-2-1024x504.jpg",1024,504,true],"gs-tiny":["https:\/\/visithoutskar.fi\/wp-content\/uploads\/2021\/06\/forsamlingen2-2.jpg",50,25,false],"xl":["https:\/\/visithoutskar.fi\/wp-content\/uploads\/2021\/06\/forsamlingen2-2.jpg",1330,654,false],"xxl":["https:\/\/visithoutskar.fi\/wp-content\/uploads\/2021\/06\/forsamlingen2-2.jpg",1330,654,false],"xxxl":["https:\/\/visithoutskar.fi\/wp-content\/uploads\/2021\/06\/forsamlingen2-2.jpg",1330,654,false],"xxxxl":["https:\/\/visithoutskar.fi\/wp-content\/uploads\/2021\/06\/forsamlingen2-2.jpg",1330,654,false],"xxxxxl":["https:\/\/visithoutskar.fi\/wp-content\/uploads\/2021\/06\/forsamlingen2-2.jpg",1330,654,false],"1536x1536":["https:\/\/visithoutskar.fi\/wp-content\/uploads\/2021\/06\/forsamlingen2-2.jpg",1330,654,false],"2048x2048":["https:\/\/visithoutskar.fi\/wp-content\/uploads\/2021\/06\/forsamlingen2-2.jpg",1330,654,false]},"uagb_author_info":{"display_name":"admin","author_link":"https:\/\/visithoutskar.fi\/sv\/author\/frank\/"},"uagb_comment_info":0,"uagb_excerpt":"Houtsk\u00e4rs kapellf\u00f6rsamling Houtsk\u00e4rs kapellf\u00f6rsamling \u00e4r verksam \u00e5ret om med gudstj\u00e4nster, f\u00f6rr\u00e4ttningar och annan f\u00f6rsamlingsverksamhet. I regel firar vi gudstj\u00e4nster kl. 11 varje s\u00f6ndag, f\u00f6rutom andra helgen i m\u00e5naden d\u00e5 ingen [&hellip;]","_links":{"self":[{"href":"https:\/\/visithoutskar.fi\/sv\/wp-json\/wp\/v2\/pages\/48087","targetHints":{"allow":["GET"]}}],"collection":[{"href":"https:\/\/visithoutskar.fi\/sv\/wp-json\/wp\/v2\/pages"}],"about":[{"href":"https:\/\/visithoutskar.fi\/sv\/wp-json\/wp\/v2\/types\/page"}],"author":[{"embeddable":true,"href":"https:\/\/visithoutskar.fi\/sv\/wp-json\/wp\/v2\/users\/1"}],"replies":[{"embeddable":true,"href":"https:\/\/visithoutskar.fi\/sv\/wp-json\/wp\/v2\/comments?post=48087"}],"version-history":[{"count":0,"href":"https:\/\/visithoutskar.fi\/sv\/wp-json\/wp\/v2\/pages\/48087\/revisions"}],"wp:featuredmedia":[{"embeddable":true,"href":"https:\/\/visithoutskar.fi\/sv\/wp-json\/wp\/v2\/media\/51435"}],"wp:attachment":[{"href":"https:\/\/visithoutskar.fi\/sv\/wp-json\/wp\/v2\/media?parent=48087"}],"curies":[{"name":"wp","href":"https:\/\/api.w.org\/{rel}","templated":true}]}}