{"id":48103,"date":"2019-05-21T13:13:23","date_gmt":"2019-05-21T10:13:23","guid":{"rendered":"https:\/\/visithoutskar.fi\/?page_id=48103"},"modified":"2024-08-06T14:41:58","modified_gmt":"2024-08-06T11:41:58","slug":"bibliotek","status":"publish","type":"page","link":"https:\/\/visithoutskar.fi\/sv\/kommunala-tjanster\/bibliotek\/","title":{"rendered":"Houtsk\u00e4rs bibliotek"},"content":{"rendered":"<h2>Bibliotekets \u00f6ppeth\u00e5llning<\/h2>\n<p>D\u00f6rren \u00e4r \u00f6ppen p\u00e5 m\u00e5ndagar kl. 14-19 och ons-tor kl. 10-15, d\u00e5 \u00e4ven bibliotekspersonal \u00e4r p\u00e5 plats.<\/p>\n<p>Biblioteket \u00e4r mer\u00f6ppet alla dagar kl. 08-21.<\/p>\n<p>L\u00e5neb\u00f6cker kan ocks\u00e5 \u00e5terl\u00e4mnas i bokreturneringsl\u00e5dan som finns p\u00e5 trappan vid ing\u00e5ngen till biblioteket.<\/p>\n<h3>Tj\u00e4nster<\/h3>\n<ul class=\"service-list\">\n<li><strong>TR\u00c5DL\u00d6ST N\u00c4TVERK<\/strong><\/li>\n<li><strong>DATORER<\/strong><\/li>\n<li><strong>SKANNER<\/strong><\/li>\n<li><strong>KOPIERINGSMASKIN<\/strong>\n<ul class=\"service-list\">\n<li>A4 0,20\u20ac , A3 0,40\u20ac<\/li>\n<\/ul>\n<\/li>\n<\/ul>\n<div class=\"et_pb_module et_pb_text et_pb_text_2 et_pb_bg_layout_light et_pb_text_align_left\">\n<div class=\"et_pb_text_inner\">\n<h3 style=\"margin-bottom: .0001pt;\"><span style=\"font-size: 14.0pt; color: #00000a;\">Houtsk\u00e4r omr\u00e5deskontor <\/span><\/h3>\n<p>N\u00e4sbyv\u00e4gen 214<br \/>\n21760<br \/>\nHoutsk\u00e4r<\/p>\n<\/div>\n<\/div>\n<div class=\"et_pb_module et_pb_text et_pb_text_3 et_pb_bg_layout_light et_pb_text_align_left\">\n<div class=\"et_pb_text_inner\">Tel: +358 40 488 5794<\/div>\n<\/div>\n<div class=\"et_pb_module et_pb_text et_pb_text_4 et_pb_bg_layout_light et_pb_text_align_left\">\n<div><\/div>\n<div class=\"et_pb_text_inner\">E-post: biblioteket.houtskar [at] pargas.fi<\/div>\n<\/div>\n<div class=\"et_pb_module et_pb_text et_pb_text_5 et_pb_bg_layout_light et_pb_text_align_left\">\n<div><\/div>\n<div class=\"et_pb_text_inner\">Hemsida:\u00a0<a href=\"https:\/\/blanka.finna.fi\/OrganisationInfo?lng=sv#85095\" target=\"_blank\" rel=\"noopener noreferrer\">https:\/\/blanka.finna.fi\/<\/a><\/div>\n<\/div>\n","protected":false},"excerpt":{"rendered":"<p>Bibliotekets \u00f6ppeth\u00e5llning D\u00f6rren \u00e4r \u00f6ppen p\u00e5 m\u00e5ndagar kl. 14-19 och ons-tor kl. 10-15, d\u00e5 \u00e4ven bibliotekspersonal \u00e4r p\u00e5 plats. Biblioteket \u00e4r mer\u00f6ppet alla dagar kl. 08-21. L\u00e5neb\u00f6cker kan ocks\u00e5 \u00e5terl\u00e4mnas [&hellip;]<\/p>\n","protected":false},"author":1,"featured_media":51225,"parent":48092,"menu_order":0,"comment_status":"closed","ping_status":"closed","template":"","meta":{"_uag_custom_page_level_css":"","site-sidebar-layout":"default","site-content-layout":"default","ast-site-content-layout":"default","site-content-style":"default","site-sidebar-style":"default","ast-global-header-display":"","ast-banner-title-visibility":"","ast-main-header-display":"","ast-hfb-above-header-display":"","ast-hfb-below-header-display":"","ast-hfb-mobile-header-display":"","site-post-title":"","ast-breadcrumbs-content":"","ast-featured-img":"","footer-sml-layout":"","ast-disable-related-posts":"","theme-transparent-header-meta":"default","adv-header-id-meta":"","stick-header-meta":"default","header-above-stick-meta":"","header-main-stick-meta":"","header-below-stick-meta":"","astra-migrate-meta-layouts":"set","ast-page-background-enabled":"default","ast-page-background-meta":{"desktop":{"background-color":"","background-image":"","background-repeat":"repeat","background-position":"center center","background-size":"auto","background-attachment":"scroll","background-type":"","background-media":"","overlay-type":"","overlay-color":"","overlay-opacity":"","overlay-gradient":""},"tablet":{"background-color":"","background-image":"","background-repeat":"repeat","background-position":"center center","background-size":"auto","background-attachment":"scroll","background-type":"","background-media":"","overlay-type":"","overlay-color":"","overlay-opacity":"","overlay-gradient":""},"mobile":{"background-color":"","background-image":"","background-repeat":"repeat","background-position":"center center","background-size":"auto","background-attachment":"scroll","background-type":"","background-media":"","overlay-type":"","overlay-color":"","overlay-opacity":"","overlay-gradient":""}},"ast-content-background-meta":{"desktop":{"background-color":"var(--ast-global-color-5)","background-image":"","background-repeat":"repeat","background-position":"center center","background-size":"auto","background-attachment":"scroll","background-type":"","background-media":"","overlay-type":"","overlay-color":"","overlay-opacity":"","overlay-gradient":""},"tablet":{"background-color":"var(--ast-global-color-5)","background-image":"","background-repeat":"repeat","background-position":"center center","background-size":"auto","background-attachment":"scroll","background-type":"","background-media":"","overlay-type":"","overlay-color":"","overlay-opacity":"","overlay-gradient":""},"mobile":{"background-color":"var(--ast-global-color-5)","background-image":"","background-repeat":"repeat","background-position":"center center","background-size":"auto","background-attachment":"scroll","background-type":"","background-media":"","overlay-type":"","overlay-color":"","overlay-opacity":"","overlay-gradient":""}},"footnotes":""},"class_list":["post-48103","page","type-page","status-publish","has-post-thumbnail","hentry"],"uagb_featured_image_src":{"full":["https:\/\/visithoutskar.fi\/wp-content\/uploads\/2021\/05\/Houtskars-bibliotek-och-bibliotekarie-Katja-Lundstom.jpg",1457,820,false],"thumbnail":["https:\/\/visithoutskar.fi\/wp-content\/uploads\/2021\/05\/Houtskars-bibliotek-och-bibliotekarie-Katja-Lundstom-150x150.jpg",150,150,true],"medium":["https:\/\/visithoutskar.fi\/wp-content\/uploads\/2021\/05\/Houtskars-bibliotek-och-bibliotekarie-Katja-Lundstom-300x169.jpg",300,169,true],"medium_large":["https:\/\/visithoutskar.fi\/wp-content\/uploads\/2021\/05\/Houtskars-bibliotek-och-bibliotekarie-Katja-Lundstom-768x432.jpg",768,432,true],"large":["https:\/\/visithoutskar.fi\/wp-content\/uploads\/2021\/05\/Houtskars-bibliotek-och-bibliotekarie-Katja-Lundstom-1024x576.jpg",1024,576,true],"gs-tiny":["https:\/\/visithoutskar.fi\/wp-content\/uploads\/2021\/05\/Houtskars-bibliotek-och-bibliotekarie-Katja-Lundstom.jpg",50,28,false],"xl":["https:\/\/visithoutskar.fi\/wp-content\/uploads\/2021\/05\/Houtskars-bibliotek-och-bibliotekarie-Katja-Lundstom.jpg",1457,820,false],"xxl":["https:\/\/visithoutskar.fi\/wp-content\/uploads\/2021\/05\/Houtskars-bibliotek-och-bibliotekarie-Katja-Lundstom.jpg",1457,820,false],"xxxl":["https:\/\/visithoutskar.fi\/wp-content\/uploads\/2021\/05\/Houtskars-bibliotek-och-bibliotekarie-Katja-Lundstom.jpg",1457,820,false],"xxxxl":["https:\/\/visithoutskar.fi\/wp-content\/uploads\/2021\/05\/Houtskars-bibliotek-och-bibliotekarie-Katja-Lundstom.jpg",1457,820,false],"xxxxxl":["https:\/\/visithoutskar.fi\/wp-content\/uploads\/2021\/05\/Houtskars-bibliotek-och-bibliotekarie-Katja-Lundstom.jpg",1457,820,false],"1536x1536":["https:\/\/visithoutskar.fi\/wp-content\/uploads\/2021\/05\/Houtskars-bibliotek-och-bibliotekarie-Katja-Lundstom.jpg",1457,820,false],"2048x2048":["https:\/\/visithoutskar.fi\/wp-content\/uploads\/2021\/05\/Houtskars-bibliotek-och-bibliotekarie-Katja-Lundstom.jpg",1457,820,false]},"uagb_author_info":{"display_name":"admin","author_link":"https:\/\/visithoutskar.fi\/sv\/author\/frank\/"},"uagb_comment_info":0,"uagb_excerpt":"Bibliotekets \u00f6ppeth\u00e5llning D\u00f6rren \u00e4r \u00f6ppen p\u00e5 m\u00e5ndagar kl. 14-19 och ons-tor kl. 10-15, d\u00e5 \u00e4ven bibliotekspersonal \u00e4r p\u00e5 plats. Biblioteket \u00e4r mer\u00f6ppet alla dagar kl. 08-21. L\u00e5neb\u00f6cker kan ocks\u00e5 \u00e5terl\u00e4mnas [&hellip;]","_links":{"self":[{"href":"https:\/\/visithoutskar.fi\/sv\/wp-json\/wp\/v2\/pages\/48103","targetHints":{"allow":["GET"]}}],"collection":[{"href":"https:\/\/visithoutskar.fi\/sv\/wp-json\/wp\/v2\/pages"}],"about":[{"href":"https:\/\/visithoutskar.fi\/sv\/wp-json\/wp\/v2\/types\/page"}],"author":[{"embeddable":true,"href":"https:\/\/visithoutskar.fi\/sv\/wp-json\/wp\/v2\/users\/1"}],"replies":[{"embeddable":true,"href":"https:\/\/visithoutskar.fi\/sv\/wp-json\/wp\/v2\/comments?post=48103"}],"version-history":[{"count":0,"href":"https:\/\/visithoutskar.fi\/sv\/wp-json\/wp\/v2\/pages\/48103\/revisions"}],"up":[{"embeddable":true,"href":"https:\/\/visithoutskar.fi\/sv\/wp-json\/wp\/v2\/pages\/48092"}],"wp:featuredmedia":[{"embeddable":true,"href":"https:\/\/visithoutskar.fi\/sv\/wp-json\/wp\/v2\/media\/51225"}],"wp:attachment":[{"href":"https:\/\/visithoutskar.fi\/sv\/wp-json\/wp\/v2\/media?parent=48103"}],"curies":[{"name":"wp","href":"https:\/\/api.w.org\/{rel}","templated":true}]}}