{"id":48106,"date":"2019-05-21T13:16:49","date_gmt":"2019-05-21T10:16:49","guid":{"rendered":"https:\/\/visithoutskar.fi\/?page_id=48106"},"modified":"2019-11-21T09:52:23","modified_gmt":"2019-11-21T07:52:23","slug":"skola","status":"publish","type":"page","link":"https:\/\/visithoutskar.fi\/sv\/kommunala-tjanster\/skola\/","title":{"rendered":"Skola"},"content":{"rendered":"<p>Tr\u00e4sk skola ligger i byn Tr\u00e4sk, mitt i Houtsk\u00e4r, ca 2 km fr\u00e5n kyrkbyn N\u00e4sby. I \u00e5r har skolan 21 elever. Skolan omfattar \u00e5rskurserna 1-6 och eleverna arbetar i sammansatta klasser men indelade i olika sammans\u00e4ttningar beroende p\u00e5 \u00e4mne. F\u00f6rskolan verkar i dagis men eftis h\u00e5lls p\u00e5 skolan.  Eleverna tar sig till skolan med bl.a. skolbuss, taxi och f\u00e4rja.<\/p>\n","protected":false},"excerpt":{"rendered":"<p>Tr\u00e4sk skola ligger i byn Tr\u00e4sk, mitt i Houtsk\u00e4r, ca 2 km fr\u00e5n kyrkbyn N\u00e4sby. I \u00e5r har skolan 21 elever. Skolan omfattar \u00e5rskurserna 1-6 och eleverna arbetar i sammansatta [&hellip;]<\/p>\n","protected":false},"author":1,"featured_media":51236,"parent":48092,"menu_order":0,"comment_status":"closed","ping_status":"closed","template":"","meta":{"_uag_custom_page_level_css":"","site-sidebar-layout":"default","site-content-layout":"default","ast-site-content-layout":"default","site-content-style":"default","site-sidebar-style":"default","ast-global-header-display":"","ast-banner-title-visibility":"","ast-main-header-display":"","ast-hfb-above-header-display":"","ast-hfb-below-header-display":"","ast-hfb-mobile-header-display":"","site-post-title":"","ast-breadcrumbs-content":"","ast-featured-img":"","footer-sml-layout":"","ast-disable-related-posts":"","theme-transparent-header-meta":"default","adv-header-id-meta":"","stick-header-meta":"default","header-above-stick-meta":"","header-main-stick-meta":"","header-below-stick-meta":"","astra-migrate-meta-layouts":"default","ast-page-background-enabled":"default","ast-page-background-meta":{"desktop":{"background-color":"","background-image":"","background-repeat":"repeat","background-position":"center center","background-size":"auto","background-attachment":"scroll","background-type":"","background-media":"","overlay-type":"","overlay-color":"","overlay-opacity":"","overlay-gradient":""},"tablet":{"background-color":"","background-image":"","background-repeat":"repeat","background-position":"center center","background-size":"auto","background-attachment":"scroll","background-type":"","background-media":"","overlay-type":"","overlay-color":"","overlay-opacity":"","overlay-gradient":""},"mobile":{"background-color":"","background-image":"","background-repeat":"repeat","background-position":"center center","background-size":"auto","background-attachment":"scroll","background-type":"","background-media":"","overlay-type":"","overlay-color":"","overlay-opacity":"","overlay-gradient":""}},"ast-content-background-meta":{"desktop":{"background-color":"var(--ast-global-color-5)","background-image":"","background-repeat":"repeat","background-position":"center center","background-size":"auto","background-attachment":"scroll","background-type":"","background-media":"","overlay-type":"","overlay-color":"","overlay-opacity":"","overlay-gradient":""},"tablet":{"background-color":"var(--ast-global-color-5)","background-image":"","background-repeat":"repeat","background-position":"center center","background-size":"auto","background-attachment":"scroll","background-type":"","background-media":"","overlay-type":"","overlay-color":"","overlay-opacity":"","overlay-gradient":""},"mobile":{"background-color":"var(--ast-global-color-5)","background-image":"","background-repeat":"repeat","background-position":"center center","background-size":"auto","background-attachment":"scroll","background-type":"","background-media":"","overlay-type":"","overlay-color":"","overlay-opacity":"","overlay-gradient":""}},"footnotes":""},"class_list":["post-48106","page","type-page","status-publish","has-post-thumbnail","hentry"],"uagb_featured_image_src":{"full":["https:\/\/visithoutskar.fi\/wp-content\/uploads\/2021\/05\/Trask-skola-31.jpg",1349,757,false],"thumbnail":["https:\/\/visithoutskar.fi\/wp-content\/uploads\/2021\/05\/Trask-skola-31-150x150.jpg",150,150,true],"medium":["https:\/\/visithoutskar.fi\/wp-content\/uploads\/2021\/05\/Trask-skola-31-300x168.jpg",300,168,true],"medium_large":["https:\/\/visithoutskar.fi\/wp-content\/uploads\/2021\/05\/Trask-skola-31-768x431.jpg",768,431,true],"large":["https:\/\/visithoutskar.fi\/wp-content\/uploads\/2021\/05\/Trask-skola-31-1024x575.jpg",1024,575,true],"gs-tiny":["https:\/\/visithoutskar.fi\/wp-content\/uploads\/2021\/05\/Trask-skola-31.jpg",50,28,false],"xl":["https:\/\/visithoutskar.fi\/wp-content\/uploads\/2021\/05\/Trask-skola-31.jpg",1349,757,false],"xxl":["https:\/\/visithoutskar.fi\/wp-content\/uploads\/2021\/05\/Trask-skola-31.jpg",1349,757,false],"xxxl":["https:\/\/visithoutskar.fi\/wp-content\/uploads\/2021\/05\/Trask-skola-31.jpg",1349,757,false],"xxxxl":["https:\/\/visithoutskar.fi\/wp-content\/uploads\/2021\/05\/Trask-skola-31.jpg",1349,757,false],"xxxxxl":["https:\/\/visithoutskar.fi\/wp-content\/uploads\/2021\/05\/Trask-skola-31.jpg",1349,757,false],"1536x1536":["https:\/\/visithoutskar.fi\/wp-content\/uploads\/2021\/05\/Trask-skola-31.jpg",1349,757,false],"2048x2048":["https:\/\/visithoutskar.fi\/wp-content\/uploads\/2021\/05\/Trask-skola-31.jpg",1349,757,false]},"uagb_author_info":{"display_name":"admin","author_link":"https:\/\/visithoutskar.fi\/sv\/author\/frank\/"},"uagb_comment_info":0,"uagb_excerpt":"Tr\u00e4sk skola ligger i byn Tr\u00e4sk, mitt i Houtsk\u00e4r, ca 2 km fr\u00e5n kyrkbyn N\u00e4sby. I \u00e5r har skolan 21 elever. Skolan omfattar \u00e5rskurserna 1-6 och eleverna arbetar i sammansatta [&hellip;]","_links":{"self":[{"href":"https:\/\/visithoutskar.fi\/sv\/wp-json\/wp\/v2\/pages\/48106","targetHints":{"allow":["GET"]}}],"collection":[{"href":"https:\/\/visithoutskar.fi\/sv\/wp-json\/wp\/v2\/pages"}],"about":[{"href":"https:\/\/visithoutskar.fi\/sv\/wp-json\/wp\/v2\/types\/page"}],"author":[{"embeddable":true,"href":"https:\/\/visithoutskar.fi\/sv\/wp-json\/wp\/v2\/users\/1"}],"replies":[{"embeddable":true,"href":"https:\/\/visithoutskar.fi\/sv\/wp-json\/wp\/v2\/comments?post=48106"}],"version-history":[{"count":0,"href":"https:\/\/visithoutskar.fi\/sv\/wp-json\/wp\/v2\/pages\/48106\/revisions"}],"up":[{"embeddable":true,"href":"https:\/\/visithoutskar.fi\/sv\/wp-json\/wp\/v2\/pages\/48092"}],"wp:featuredmedia":[{"embeddable":true,"href":"https:\/\/visithoutskar.fi\/sv\/wp-json\/wp\/v2\/media\/51236"}],"wp:attachment":[{"href":"https:\/\/visithoutskar.fi\/sv\/wp-json\/wp\/v2\/media?parent=48106"}],"curies":[{"name":"wp","href":"https:\/\/api.w.org\/{rel}","templated":true}]}}