{"id":48108,"date":"2019-05-21T13:17:31","date_gmt":"2019-05-21T10:17:31","guid":{"rendered":"https:\/\/visithoutskar.fi\/?page_id=48108"},"modified":"2021-06-29T11:10:05","modified_gmt":"2021-06-29T08:10:05","slug":"daghem","status":"publish","type":"page","link":"https:\/\/visithoutskar.fi\/sv\/kommunala-tjanster\/daghem\/","title":{"rendered":"Daghem"},"content":{"rendered":"<p>Houtsk\u00e4r daghem och f\u00f6rskola ligger i N\u00e4sby. Vi erbjuder m\u00e5ngsidig sm\u00e5barnspedagogik f\u00f6r barn i \u00e5ldern 0-7 \u00e5r. En stor del av v\u00e5r verksamhet sker utomhus. Den rymliga g\u00e5rden utg\u00f6r en viktig l\u00e4rmilj\u00f6. Barn och vuxna bjuds in till m\u00e5ngsidiga lekar och uppt\u00e4ckande bland b\u00e4rbuskar, frukttr\u00e4d, kojor, pulkabackar, odlingsl\u00e5dor, gungor och sandh\u00f6gar.<\/p>\n<p><strong>H\u00e5llbar livistil med barnen i fokus<\/strong><\/p>\n<p>V\u00e5r pedagogiska verksamhet sker i sm\u00e5grupper med utg\u00e5ngspunkt i barnens intressen och behov. Vi v\u00e4rnar om en h\u00e5llbar livsstil med goda levnadsvanor med n\u00e4ra kontakt till naturen.<\/p>\n<p><strong><a href=\"https:\/\/www.facebook.com\/houtskar.daghem\/?ref=py_c\" target=\"_blank\" rel=\"noopener\">Info om daghemmet<\/a><\/strong><\/p>\n","protected":false},"excerpt":{"rendered":"<p>Houtsk\u00e4r daghem och f\u00f6rskola ligger i N\u00e4sby. Vi erbjuder m\u00e5ngsidig sm\u00e5barnspedagogik f\u00f6r barn i \u00e5ldern 0-7 \u00e5r. En stor del av v\u00e5r verksamhet sker utomhus. Den rymliga g\u00e5rden utg\u00f6r en [&hellip;]<\/p>\n","protected":false},"author":1,"featured_media":51277,"parent":48092,"menu_order":0,"comment_status":"closed","ping_status":"closed","template":"","meta":{"_uag_custom_page_level_css":"","site-sidebar-layout":"default","site-content-layout":"default","ast-site-content-layout":"default","site-content-style":"default","site-sidebar-style":"default","ast-global-header-display":"","ast-banner-title-visibility":"","ast-main-header-display":"","ast-hfb-above-header-display":"","ast-hfb-below-header-display":"","ast-hfb-mobile-header-display":"","site-post-title":"","ast-breadcrumbs-content":"","ast-featured-img":"","footer-sml-layout":"","ast-disable-related-posts":"","theme-transparent-header-meta":"default","adv-header-id-meta":"","stick-header-meta":"default","header-above-stick-meta":"","header-main-stick-meta":"","header-below-stick-meta":"","astra-migrate-meta-layouts":"default","ast-page-background-enabled":"default","ast-page-background-meta":{"desktop":{"background-color":"","background-image":"","background-repeat":"repeat","background-position":"center center","background-size":"auto","background-attachment":"scroll","background-type":"","background-media":"","overlay-type":"","overlay-color":"","overlay-opacity":"","overlay-gradient":""},"tablet":{"background-color":"","background-image":"","background-repeat":"repeat","background-position":"center center","background-size":"auto","background-attachment":"scroll","background-type":"","background-media":"","overlay-type":"","overlay-color":"","overlay-opacity":"","overlay-gradient":""},"mobile":{"background-color":"","background-image":"","background-repeat":"repeat","background-position":"center center","background-size":"auto","background-attachment":"scroll","background-type":"","background-media":"","overlay-type":"","overlay-color":"","overlay-opacity":"","overlay-gradient":""}},"ast-content-background-meta":{"desktop":{"background-color":"var(--ast-global-color-5)","background-image":"","background-repeat":"repeat","background-position":"center center","background-size":"auto","background-attachment":"scroll","background-type":"","background-media":"","overlay-type":"","overlay-color":"","overlay-opacity":"","overlay-gradient":""},"tablet":{"background-color":"var(--ast-global-color-5)","background-image":"","background-repeat":"repeat","background-position":"center center","background-size":"auto","background-attachment":"scroll","background-type":"","background-media":"","overlay-type":"","overlay-color":"","overlay-opacity":"","overlay-gradient":""},"mobile":{"background-color":"var(--ast-global-color-5)","background-image":"","background-repeat":"repeat","background-position":"center center","background-size":"auto","background-attachment":"scroll","background-type":"","background-media":"","overlay-type":"","overlay-color":"","overlay-opacity":"","overlay-gradient":""}},"footnotes":""},"class_list":["post-48108","page","type-page","status-publish","has-post-thumbnail","hentry"],"uagb_featured_image_src":{"full":["https:\/\/visithoutskar.fi\/wp-content\/uploads\/2021\/06\/daghem_jpg1.jpg",1469,601,false],"thumbnail":["https:\/\/visithoutskar.fi\/wp-content\/uploads\/2021\/06\/daghem_jpg1-150x150.jpg",150,150,true],"medium":["https:\/\/visithoutskar.fi\/wp-content\/uploads\/2021\/06\/daghem_jpg1-300x123.jpg",300,123,true],"medium_large":["https:\/\/visithoutskar.fi\/wp-content\/uploads\/2021\/06\/daghem_jpg1-768x314.jpg",768,314,true],"large":["https:\/\/visithoutskar.fi\/wp-content\/uploads\/2021\/06\/daghem_jpg1-1024x419.jpg",1024,419,true],"gs-tiny":["https:\/\/visithoutskar.fi\/wp-content\/uploads\/2021\/06\/daghem_jpg1.jpg",50,20,false],"xl":["https:\/\/visithoutskar.fi\/wp-content\/uploads\/2021\/06\/daghem_jpg1.jpg",1469,601,false],"xxl":["https:\/\/visithoutskar.fi\/wp-content\/uploads\/2021\/06\/daghem_jpg1.jpg",1469,601,false],"xxxl":["https:\/\/visithoutskar.fi\/wp-content\/uploads\/2021\/06\/daghem_jpg1.jpg",1469,601,false],"xxxxl":["https:\/\/visithoutskar.fi\/wp-content\/uploads\/2021\/06\/daghem_jpg1.jpg",1469,601,false],"xxxxxl":["https:\/\/visithoutskar.fi\/wp-content\/uploads\/2021\/06\/daghem_jpg1.jpg",1469,601,false],"1536x1536":["https:\/\/visithoutskar.fi\/wp-content\/uploads\/2021\/06\/daghem_jpg1.jpg",1469,601,false],"2048x2048":["https:\/\/visithoutskar.fi\/wp-content\/uploads\/2021\/06\/daghem_jpg1.jpg",1469,601,false]},"uagb_author_info":{"display_name":"admin","author_link":"https:\/\/visithoutskar.fi\/sv\/author\/frank\/"},"uagb_comment_info":0,"uagb_excerpt":"Houtsk\u00e4r daghem och f\u00f6rskola ligger i N\u00e4sby. Vi erbjuder m\u00e5ngsidig sm\u00e5barnspedagogik f\u00f6r barn i \u00e5ldern 0-7 \u00e5r. En stor del av v\u00e5r verksamhet sker utomhus. Den rymliga g\u00e5rden utg\u00f6r en [&hellip;]","_links":{"self":[{"href":"https:\/\/visithoutskar.fi\/sv\/wp-json\/wp\/v2\/pages\/48108","targetHints":{"allow":["GET"]}}],"collection":[{"href":"https:\/\/visithoutskar.fi\/sv\/wp-json\/wp\/v2\/pages"}],"about":[{"href":"https:\/\/visithoutskar.fi\/sv\/wp-json\/wp\/v2\/types\/page"}],"author":[{"embeddable":true,"href":"https:\/\/visithoutskar.fi\/sv\/wp-json\/wp\/v2\/users\/1"}],"replies":[{"embeddable":true,"href":"https:\/\/visithoutskar.fi\/sv\/wp-json\/wp\/v2\/comments?post=48108"}],"version-history":[{"count":0,"href":"https:\/\/visithoutskar.fi\/sv\/wp-json\/wp\/v2\/pages\/48108\/revisions"}],"up":[{"embeddable":true,"href":"https:\/\/visithoutskar.fi\/sv\/wp-json\/wp\/v2\/pages\/48092"}],"wp:featuredmedia":[{"embeddable":true,"href":"https:\/\/visithoutskar.fi\/sv\/wp-json\/wp\/v2\/media\/51277"}],"wp:attachment":[{"href":"https:\/\/visithoutskar.fi\/sv\/wp-json\/wp\/v2\/media?parent=48108"}],"curies":[{"name":"wp","href":"https:\/\/api.w.org\/{rel}","templated":true}]}}