{"id":48111,"date":"2019-04-16T12:32:06","date_gmt":"2019-04-16T09:32:06","guid":{"rendered":"https:\/\/visithoutskar.fi\/kommunala-tjanster\/terveydenhuolto\/"},"modified":"2019-11-21T01:39:31","modified_gmt":"2019-11-20T23:39:31","slug":"halsovard","status":"publish","type":"page","link":"https:\/\/visithoutskar.fi\/sv\/kommunala-tjanster\/halsovard\/","title":{"rendered":"H\u00e4lsov\u00e5rd"},"content":{"rendered":"<h2>Houtsk\u00e4rs H\u00e4lsostation<\/h2>\n<p>Riggosv\u00e4gen 2 A<br \/>\n21760 Houtsk\u00e4r<br \/>\nGPS-adress: N 60\u200e\u200e\u00b013&#8217;10.8, E 21\u00b022&#8217;25.3<br \/>\n<strong>Tfn 0400 117 120<\/strong><\/p>\n<h3>L\u00e4karmottagning<\/h3>\n<p>Telefon f\u00f6r tidsbokning <strong>0400 117 120<\/strong> (vardagar kl. 9-11)<\/p>\n<h5>Sjuksk\u00f6tarmottagning<\/h5>\n<p>Telefontid vardagar kl. 9-11, tfn <strong>0400 117 120<\/strong> eller via webben<\/p>\n<p><strong>Jourmottagning p\u00e5<\/strong> Pargas h\u00e4lsostation vardagar kl. 8-16.<br \/>\nTelefonkontakt \u00f6nskv\u00e4rd, <strong>tfn 02 4545 220.<\/strong><br \/>\nBes\u00f6ksadress: Vapparv\u00e4gen 15, ca 500m norr om Sk\u00e4rg\u00e5rdsv\u00e4gens rondell.<br \/>\nGPS-adress: 60\u00b018.62&#8217;N 22\u00b017.52E<\/p>\n<p>\u00d6vriga tider p\u00e5 \u00c5UCS T2-sjukhus, Keramikfabriksgatan 1, \u00c5bo.<br \/>\nTelefonkontakt \u00f6nskv\u00e4rd <strong>tfn 02 313 8800.<\/strong><\/p>\n<p><a class=\"navigo-link\" style=\"color: #10a8b6; outline: none; font-family: &#039;Source Sans Pro&#039;, Arial, Helvetica, sans-serif; font-size: 15.6px;\" href=\"https:\/\/defi.fi\/?lang=sv\" target=\"_blank\" rel=\"noopener noreferrer\">Visa defibrillatorer i n\u00e4rheten<\/a><strong><br \/>\n<\/strong><\/p>\n<header>\n<h3>L\u00e4karb\u00e5t<\/h3>\n<\/header>\n<p>Sk\u00e4rg\u00e5rdsdoktorns unika l\u00e4karb\u00e5t verkar p\u00e5 ett mycket utbrett omr\u00e5de i Sk\u00e4rg\u00e5rdshavet. Den snabbg\u00e5ende Sailfish -b\u00e5ten \u00e4r ett m\u00e5ngsidigt poliklinikv\u00e4rdigt utryckningsfordon som inrymmer ett snabbdiagnostik laboratorium samt en v\u00e4ldigt gedigen l\u00e4kemedels- samt st\u00f6dutrustning. De i Finland utbildade l\u00e4karna som ansvarar f\u00f6r tj\u00e4nsten besitter gedigen klinikerfarenhet.<\/p>\n<p><strong><a href=\"https:\/\/www.saaristolaakarit.fi\/laakarivene\" target=\"_blank\" rel=\"noopener noreferrer\">Mer information om l\u00e4karb\u00e5ten (p\u00e5 finska)<\/a><\/strong><\/p>\n<h3>F\u00e4stingbussen<\/h3>\n<p>Tack vare Sk\u00e4rg\u00e5rdsl\u00e4karnas ursprungliga f\u00e4stingbuss f\u00e5r du smidigt och f\u00f6rm\u00e5nligt f\u00f6rutom f\u00e4stingvaccering \u00e4ven \u00f6vriga vaccineringar utan tidsbokning. Det l\u00f6nar sig att ta f\u00e4stingvaccinationen redan under tidig v\u00e5r s\u00e5 att motgiftet hinner utvecklas f\u00f6re f\u00e4stingss\u00e4songens inleds.<\/p>\n<p><a href=\"https:\/\/www.saaristolaakarit.fi\/aikataulut\" target=\"_blank\" rel=\"noopener noreferrer\"><strong>F\u00e4stingbussens tidtabell 2019 (p\u00e5 finska)<\/strong><\/a><\/p>\n","protected":false},"excerpt":{"rendered":"<p>Houtsk\u00e4rs H\u00e4lsostation Riggosv\u00e4gen 2 A 21760 Houtsk\u00e4r GPS-adress: N 60\u200e\u200e\u00b013&#8217;10.8, E 21\u00b022&#8217;25.3 Tfn 0400 117 120 L\u00e4karmottagning Telefon f\u00f6r tidsbokning 0400 117 120 (vardagar kl. 9-11) Sjuksk\u00f6tarmottagning Telefontid vardagar kl. [&hellip;]<\/p>\n","protected":false},"author":1,"featured_media":51607,"parent":48092,"menu_order":0,"comment_status":"closed","ping_status":"closed","template":"","meta":{"_uag_custom_page_level_css":"","site-sidebar-layout":"default","site-content-layout":"default","ast-site-content-layout":"default","site-content-style":"default","site-sidebar-style":"default","ast-global-header-display":"","ast-banner-title-visibility":"","ast-main-header-display":"","ast-hfb-above-header-display":"","ast-hfb-below-header-display":"","ast-hfb-mobile-header-display":"","site-post-title":"","ast-breadcrumbs-content":"","ast-featured-img":"","footer-sml-layout":"","ast-disable-related-posts":"","theme-transparent-header-meta":"default","adv-header-id-meta":"","stick-header-meta":"default","header-above-stick-meta":"","header-main-stick-meta":"","header-below-stick-meta":"","astra-migrate-meta-layouts":"default","ast-page-background-enabled":"default","ast-page-background-meta":{"desktop":{"background-color":"","background-image":"","background-repeat":"repeat","background-position":"center center","background-size":"auto","background-attachment":"scroll","background-type":"","background-media":"","overlay-type":"","overlay-color":"","overlay-opacity":"","overlay-gradient":""},"tablet":{"background-color":"","background-image":"","background-repeat":"repeat","background-position":"center center","background-size":"auto","background-attachment":"scroll","background-type":"","background-media":"","overlay-type":"","overlay-color":"","overlay-opacity":"","overlay-gradient":""},"mobile":{"background-color":"","background-image":"","background-repeat":"repeat","background-position":"center center","background-size":"auto","background-attachment":"scroll","background-type":"","background-media":"","overlay-type":"","overlay-color":"","overlay-opacity":"","overlay-gradient":""}},"ast-content-background-meta":{"desktop":{"background-color":"var(--ast-global-color-5)","background-image":"","background-repeat":"repeat","background-position":"center center","background-size":"auto","background-attachment":"scroll","background-type":"","background-media":"","overlay-type":"","overlay-color":"","overlay-opacity":"","overlay-gradient":""},"tablet":{"background-color":"var(--ast-global-color-5)","background-image":"","background-repeat":"repeat","background-position":"center center","background-size":"auto","background-attachment":"scroll","background-type":"","background-media":"","overlay-type":"","overlay-color":"","overlay-opacity":"","overlay-gradient":""},"mobile":{"background-color":"var(--ast-global-color-5)","background-image":"","background-repeat":"repeat","background-position":"center center","background-size":"auto","background-attachment":"scroll","background-type":"","background-media":"","overlay-type":"","overlay-color":"","overlay-opacity":"","overlay-gradient":""}},"footnotes":""},"class_list":["post-48111","page","type-page","status-publish","has-post-thumbnail","hentry"],"uagb_featured_image_src":{"full":["https:\/\/visithoutskar.fi\/wp-content\/uploads\/2021\/06\/fridhem1.jpg",1300,652,false],"thumbnail":["https:\/\/visithoutskar.fi\/wp-content\/uploads\/2021\/06\/fridhem1-150x150.jpg",150,150,true],"medium":["https:\/\/visithoutskar.fi\/wp-content\/uploads\/2021\/06\/fridhem1-300x150.jpg",300,150,true],"medium_large":["https:\/\/visithoutskar.fi\/wp-content\/uploads\/2021\/06\/fridhem1-768x385.jpg",768,385,true],"large":["https:\/\/visithoutskar.fi\/wp-content\/uploads\/2021\/06\/fridhem1-1024x514.jpg",1024,514,true],"gs-tiny":["https:\/\/visithoutskar.fi\/wp-content\/uploads\/2021\/06\/fridhem1.jpg",50,25,false],"xl":["https:\/\/visithoutskar.fi\/wp-content\/uploads\/2021\/06\/fridhem1.jpg",1300,652,false],"xxl":["https:\/\/visithoutskar.fi\/wp-content\/uploads\/2021\/06\/fridhem1.jpg",1300,652,false],"xxxl":["https:\/\/visithoutskar.fi\/wp-content\/uploads\/2021\/06\/fridhem1.jpg",1300,652,false],"xxxxl":["https:\/\/visithoutskar.fi\/wp-content\/uploads\/2021\/06\/fridhem1.jpg",1300,652,false],"xxxxxl":["https:\/\/visithoutskar.fi\/wp-content\/uploads\/2021\/06\/fridhem1.jpg",1300,652,false],"1536x1536":["https:\/\/visithoutskar.fi\/wp-content\/uploads\/2021\/06\/fridhem1.jpg",1300,652,false],"2048x2048":["https:\/\/visithoutskar.fi\/wp-content\/uploads\/2021\/06\/fridhem1.jpg",1300,652,false]},"uagb_author_info":{"display_name":"admin","author_link":"https:\/\/visithoutskar.fi\/sv\/author\/frank\/"},"uagb_comment_info":0,"uagb_excerpt":"Houtsk\u00e4rs H\u00e4lsostation Riggosv\u00e4gen 2 A 21760 Houtsk\u00e4r GPS-adress: N 60\u200e\u200e\u00b013&#8217;10.8, E 21\u00b022&#8217;25.3 Tfn 0400 117 120 L\u00e4karmottagning Telefon f\u00f6r tidsbokning 0400 117 120 (vardagar kl. 9-11) Sjuksk\u00f6tarmottagning Telefontid vardagar kl. [&hellip;]","_links":{"self":[{"href":"https:\/\/visithoutskar.fi\/sv\/wp-json\/wp\/v2\/pages\/48111","targetHints":{"allow":["GET"]}}],"collection":[{"href":"https:\/\/visithoutskar.fi\/sv\/wp-json\/wp\/v2\/pages"}],"about":[{"href":"https:\/\/visithoutskar.fi\/sv\/wp-json\/wp\/v2\/types\/page"}],"author":[{"embeddable":true,"href":"https:\/\/visithoutskar.fi\/sv\/wp-json\/wp\/v2\/users\/1"}],"replies":[{"embeddable":true,"href":"https:\/\/visithoutskar.fi\/sv\/wp-json\/wp\/v2\/comments?post=48111"}],"version-history":[{"count":0,"href":"https:\/\/visithoutskar.fi\/sv\/wp-json\/wp\/v2\/pages\/48111\/revisions"}],"up":[{"embeddable":true,"href":"https:\/\/visithoutskar.fi\/sv\/wp-json\/wp\/v2\/pages\/48092"}],"wp:featuredmedia":[{"embeddable":true,"href":"https:\/\/visithoutskar.fi\/sv\/wp-json\/wp\/v2\/media\/51607"}],"wp:attachment":[{"href":"https:\/\/visithoutskar.fi\/sv\/wp-json\/wp\/v2\/media?parent=48111"}],"curies":[{"name":"wp","href":"https:\/\/api.w.org\/{rel}","templated":true}]}}