{"id":48123,"date":"2019-03-06T13:48:23","date_gmt":"2019-03-06T11:48:23","guid":{"rendered":"https:\/\/visithoutskar.fi\/nae-koe\/"},"modified":"2020-03-11T12:09:41","modified_gmt":"2020-03-11T10:09:41","slug":"se-upplev","status":"publish","type":"page","link":"https:\/\/visithoutskar.fi\/sv\/se-upplev\/","title":{"rendered":"Se &#038; Upplev"},"content":{"rendered":"\n<div class=\"wp-block-columns is-layout-flex wp-container-core-columns-is-layout-28f84493 wp-block-columns-is-layout-flex\">\n<div class=\"wp-block-column is-layout-flow wp-block-column-is-layout-flow\">\n<p class=\"has-drop-cap\">Det finns mycket du kan g\u00f6ra i Houtsk\u00e4r under sommaren. Nytt f\u00f6r i \u00e5r \u00e4r alla fina busskurer som du kan hitta l\u00e4ngs med v\u00e4gen. Varf\u00f6r inte ta en selfie framf\u00f6r varje kur och skicka hem till dina kompisar? Vi erbjuder ocks\u00e5 unika sk\u00e4rg\u00e5rdsupplevelser med f\u00f6rbindelseb\u00e5t till olika \u00f6ar \u2013 helt gratis! Kolla in sidan&nbsp;om <a href=\"https:\/\/visithoutskar.fi\/sv\/se-upplev\/orundtur\/\">\u00f6-luffning<\/a>!<\/p>\n\n\n\n<p>Om du bes\u00f6ker museiomr\u00e5det, passa d\u00e5 p\u00e5 att ocks\u00e5 ta en promenad runt St Andreas kulturstig, som b\u00f6rjar vid kyrkan och g\u00e5r ner l\u00e4ngs St Andreas pr\u00e4stg\u00e5rd, f\u00f6rsamlingshemmet, den gamla avr\u00e4ttningsplatsen och upp igen mot kommunalg\u00e5rden, nuvarande omr\u00e5deskontoret, f\u00f6r att sluta vid sockenstugan. Stigen \u00e4r utm\u00e4rkt med 10 informationsskyltar p\u00e5 tre spr\u00e5k.<\/p>\n\n\n\n<p>Den som vill ha en mer aktiv semester kan hyra cykel p\u00e5 tre olika platser (<a href=\"https:\/\/visithoutskar.fi\/wp-content\/uploads\/2019\/05\/carfield.pdf\" target=\"_blank\" rel=\"noreferrer noopener\">Carfield<\/a>,&nbsp;<a href=\"http:\/\/www.skagen.fi\/index.html\" target=\"_blank\" rel=\"noreferrer noopener\">N\u00e4sby G\u00e4sthamn\/Skagen<\/a>,&nbsp;<a href=\"https:\/\/www.skargardsskolan.fi\/\" target=\"_blank\" rel=\"noreferrer noopener\">Sk\u00e4rg\u00e5rdsskolan<\/a>&nbsp;&amp;&nbsp;<a href=\"https:\/\/www.hotelhyppeis.fi\/\" target=\"_blank\" rel=\"noreferrer noopener\">Hyppeis V\u00e4rdshus<\/a>,&nbsp;<a href=\"http:\/\/mossala-island-resort.com\/fi\/polkupyoeraevuokraus\/\" target=\"_blank\" rel=\"noreferrer noopener\">Mossala Island Resort<\/a>. ) ta egen boll med och bes\u00f6ka miniarenan bredvid skolan i Tr\u00e4sk, tr\u00e4na p\u00e5 motionsbanan som slingrar sig in i skogen n\u00e4r man passerat skolan mot Tr\u00e4sk v\u00e4gsk\u00e4l, hyra kajaker och b\u00e5tar i olika storlekar eller kanske spela minigolf invid turistinfon?<\/p>\n\n\n\n<p>Minigolf gillar \u00e4ven barnen, liksom att leka i de stora kl\u00e4tterst\u00e4llningarna invid Tr\u00e4sk skola, kl\u00e4ttra p\u00e5 v\u00e4ggen till miniarenan, bekanta sig med <a href=\"http:\/\/expedition.foss.fi\/\" target=\"_blank\" rel=\"noreferrer noopener\">G\u00e4ddan och G\u00e4nget<\/a> nere i g\u00e4sthamnen, d\u00e4r man ocks\u00e5 kan l\u00e5na en h\u00e5v f\u00f6r vattenlekar. Om man vill meta f\u00e5r man l\u00e5na metsp\u00f6 fr\u00e5n turistinfon. Vill man fiska p\u00e5 annat s\u00e4tt m\u00e5ste man k\u00e4nna till best\u00e4mmelserna ang\u00e5ende fiskekort, som finns beskrivna i <a href=\"https:\/\/issuu.com\/straxkommunikation\/docs\/pargas_broschyr_2019_fi\/66\" target=\"_blank\" rel=\"noopener\">broschyren<\/a> \u201dV\u00e4lkommen till sk\u00e4rg\u00e5rden\u201d.<\/p>\n\n\n\n<p>Man kan ocks\u00e5 bara ta det lugnt och str\u00f6va i naturen, uppt\u00e4cka nya v\u00e4xter och vilda djur p\u00e5 n\u00e4ra h\u00e5ll, plocka b\u00e4r och svamp, betrakta f\u00e5glar b\u00e5de till land och till sj\u00f6ss eller kanske ta ett dopp vidsimstranden i Vitteludd. Det finns ocks\u00e5 m\u00f6jlighet att hyra bastu p\u00e5 iaf tre olika platser <strong>(Hyppeis, Mossala, N\u00e4sby, Sk\u00e4rg\u00e5rdsskolan)<\/strong>.<\/p>\n<\/div>\n\n\n\n<div class=\"wp-block-column is-layout-flow wp-block-column-is-layout-flow\">\n<p><a href=\"https:\/\/visithoutskar.fi\/sv\/se-upplev\/allmogebatar\/\">Allmogeb\u00e5tar och allmogeseglingar<\/a><\/p>\n\n\n\n<p><a href=\"https:\/\/visithoutskar.fi\/sv\/se-upplev\/bjorko-butiksmuseum-och-mormors-allmogestuga\/\">Bj\u00f6rk\u00f6 Butiksmuseum &amp; Mormors Allmogestuga<\/a><\/p>\n\n\n\n<p><a href=\"https:\/\/visithoutskar.fi\/sv\/se-upplev\/bonga-busskurer\/\">Bonga busskurer<\/a><\/p>\n\n\n\n<p><a href=\"https:\/\/visithoutskar.fi\/sv\/se-upplev\/borgberg-utkikstorn\/\">Borgberg utkikstorn<\/a><\/p>\n\n\n\n<p><a href=\"https:\/\/visithoutskar.fi\/sv\/se-upplev\/bathusen\/\">B\u00e5thusen<\/a><\/p>\n\n\n\n<p><a href=\"https:\/\/visithoutskar.fi\/sv\/se-upplev\/geocaching\/\">Geocaching <\/a><\/p>\n\n\n\n<p><a href=\"https:\/\/visithoutskar.fi\/sv\/se-upplev\/houtskars-trakyrka\/\">Houtsk\u00e4rs tr\u00e4kyrka<\/a><\/p>\n\n\n\n<p><a href=\"https:\/\/visithoutskar.fi\/sv\/se-upplev\/midsommarstanger-och-midsommarfirande\/\">Midsommarst\u00e4nger och midsommarfirande<\/a><\/p>\n\n\n\n<p><a href=\"https:\/\/visithoutskar.fi\/sv\/se-upplev\/skargardsmuseet\/\">Sk\u00e4rg\u00e5rdsmuseet<\/a><\/p>\n\n\n\n<p><a href=\"https:\/\/visithoutskar.fi\/sv\/se-upplev\/orundtur\/\">\u00d6rundtur<\/a><\/p>\n<\/div>\n<\/div>\n","protected":false},"excerpt":{"rendered":"<p>Det finns mycket du kan g\u00f6ra i Houtsk\u00e4r under sommaren. Nytt f\u00f6r i \u00e5r \u00e4r alla fina busskurer som du kan hitta l\u00e4ngs med v\u00e4gen. Varf\u00f6r inte ta en selfie [&hellip;]<\/p>\n","protected":false},"author":1,"featured_media":51382,"parent":0,"menu_order":1,"comment_status":"closed","ping_status":"closed","template":"","meta":{"_uag_custom_page_level_css":"","site-sidebar-layout":"default","site-content-layout":"default","ast-site-content-layout":"default","site-content-style":"default","site-sidebar-style":"default","ast-global-header-display":"","ast-banner-title-visibility":"","ast-main-header-display":"","ast-hfb-above-header-display":"","ast-hfb-below-header-display":"","ast-hfb-mobile-header-display":"","site-post-title":"","ast-breadcrumbs-content":"","ast-featured-img":"","footer-sml-layout":"","ast-disable-related-posts":"","theme-transparent-header-meta":"default","adv-header-id-meta":"","stick-header-meta":"default","header-above-stick-meta":"","header-main-stick-meta":"","header-below-stick-meta":"","astra-migrate-meta-layouts":"default","ast-page-background-enabled":"default","ast-page-background-meta":{"desktop":{"background-color":"","background-image":"","background-repeat":"repeat","background-position":"center center","background-size":"auto","background-attachment":"scroll","background-type":"","background-media":"","overlay-type":"","overlay-color":"","overlay-opacity":"","overlay-gradient":""},"tablet":{"background-color":"","background-image":"","background-repeat":"repeat","background-position":"center center","background-size":"auto","background-attachment":"scroll","background-type":"","background-media":"","overlay-type":"","overlay-color":"","overlay-opacity":"","overlay-gradient":""},"mobile":{"background-color":"","background-image":"","background-repeat":"repeat","background-position":"center center","background-size":"auto","background-attachment":"scroll","background-type":"","background-media":"","overlay-type":"","overlay-color":"","overlay-opacity":"","overlay-gradient":""}},"ast-content-background-meta":{"desktop":{"background-color":"var(--ast-global-color-5)","background-image":"","background-repeat":"repeat","background-position":"center center","background-size":"auto","background-attachment":"scroll","background-type":"","background-media":"","overlay-type":"","overlay-color":"","overlay-opacity":"","overlay-gradient":""},"tablet":{"background-color":"var(--ast-global-color-5)","background-image":"","background-repeat":"repeat","background-position":"center center","background-size":"auto","background-attachment":"scroll","background-type":"","background-media":"","overlay-type":"","overlay-color":"","overlay-opacity":"","overlay-gradient":""},"mobile":{"background-color":"var(--ast-global-color-5)","background-image":"","background-repeat":"repeat","background-position":"center center","background-size":"auto","background-attachment":"scroll","background-type":"","background-media":"","overlay-type":"","overlay-color":"","overlay-opacity":"","overlay-gradient":""}},"footnotes":""},"class_list":["post-48123","page","type-page","status-publish","has-post-thumbnail","hentry"],"uagb_featured_image_src":{"full":["https:\/\/visithoutskar.fi\/wp-content\/uploads\/2021\/06\/naekoe2.jpg",1556,652,false],"thumbnail":["https:\/\/visithoutskar.fi\/wp-content\/uploads\/2021\/06\/naekoe2-150x150.jpg",150,150,true],"medium":["https:\/\/visithoutskar.fi\/wp-content\/uploads\/2021\/06\/naekoe2-300x126.jpg",300,126,true],"medium_large":["https:\/\/visithoutskar.fi\/wp-content\/uploads\/2021\/06\/naekoe2-768x322.jpg",768,322,true],"large":["https:\/\/visithoutskar.fi\/wp-content\/uploads\/2021\/06\/naekoe2-1024x429.jpg",1024,429,true],"gs-tiny":["https:\/\/visithoutskar.fi\/wp-content\/uploads\/2021\/06\/naekoe2.jpg",50,21,false],"xl":["https:\/\/visithoutskar.fi\/wp-content\/uploads\/2021\/06\/naekoe2.jpg",1556,652,false],"xxl":["https:\/\/visithoutskar.fi\/wp-content\/uploads\/2021\/06\/naekoe2.jpg",1556,652,false],"xxxl":["https:\/\/visithoutskar.fi\/wp-content\/uploads\/2021\/06\/naekoe2.jpg",1556,652,false],"xxxxl":["https:\/\/visithoutskar.fi\/wp-content\/uploads\/2021\/06\/naekoe2.jpg",1556,652,false],"xxxxxl":["https:\/\/visithoutskar.fi\/wp-content\/uploads\/2021\/06\/naekoe2.jpg",1556,652,false],"1536x1536":["https:\/\/visithoutskar.fi\/wp-content\/uploads\/2021\/06\/naekoe2-1536x644.jpg",1536,644,true],"2048x2048":["https:\/\/visithoutskar.fi\/wp-content\/uploads\/2021\/06\/naekoe2.jpg",1556,652,false]},"uagb_author_info":{"display_name":"admin","author_link":"https:\/\/visithoutskar.fi\/sv\/author\/frank\/"},"uagb_comment_info":0,"uagb_excerpt":"Det finns mycket du kan g\u00f6ra i Houtsk\u00e4r under sommaren. Nytt f\u00f6r i \u00e5r \u00e4r alla fina busskurer som du kan hitta l\u00e4ngs med v\u00e4gen. Varf\u00f6r inte ta en selfie [&hellip;]","_links":{"self":[{"href":"https:\/\/visithoutskar.fi\/sv\/wp-json\/wp\/v2\/pages\/48123","targetHints":{"allow":["GET"]}}],"collection":[{"href":"https:\/\/visithoutskar.fi\/sv\/wp-json\/wp\/v2\/pages"}],"about":[{"href":"https:\/\/visithoutskar.fi\/sv\/wp-json\/wp\/v2\/types\/page"}],"author":[{"embeddable":true,"href":"https:\/\/visithoutskar.fi\/sv\/wp-json\/wp\/v2\/users\/1"}],"replies":[{"embeddable":true,"href":"https:\/\/visithoutskar.fi\/sv\/wp-json\/wp\/v2\/comments?post=48123"}],"version-history":[{"count":0,"href":"https:\/\/visithoutskar.fi\/sv\/wp-json\/wp\/v2\/pages\/48123\/revisions"}],"wp:featuredmedia":[{"embeddable":true,"href":"https:\/\/visithoutskar.fi\/sv\/wp-json\/wp\/v2\/media\/51382"}],"wp:attachment":[{"href":"https:\/\/visithoutskar.fi\/sv\/wp-json\/wp\/v2\/media?parent=48123"}],"curies":[{"name":"wp","href":"https:\/\/api.w.org\/{rel}","templated":true}]}}