{"id":48127,"date":"2019-03-28T11:21:20","date_gmt":"2019-03-28T09:21:20","guid":{"rendered":"https:\/\/visithoutskar.fi\/se-upplev\/bjorkon-kylakauppamuseo-ja-mummon-mokki\/"},"modified":"2024-05-06T10:37:00","modified_gmt":"2024-05-06T07:37:00","slug":"bjorko-butiksmuseum-och-mormors-allmogestuga","status":"publish","type":"page","link":"https:\/\/visithoutskar.fi\/sv\/se-upplev\/bjorko-butiksmuseum-och-mormors-allmogestuga\/","title":{"rendered":"Butiksmuseum och Mormors Allmogestuga"},"content":{"rendered":"<p><strong>Bj\u00f6rk\u00f6 Butiksmuseum<\/strong><\/p>\n<p>\u00c5r 1915 startade sm\u00e5brukaren Albert Blomqvist bybutiken, som senare \u00f6vertogs av dottern Mildred Bergman, som drev den fram till 1976. Butiken, som numera \u00e4r museum, byggdes 1954, men i byggnaden finns ocks\u00e5 delar av den ursprungliga butiken fr\u00e5n 1915. Varorna, fr\u00e4mst fr\u00e5n 1940- och 1950-talen, som varit sparade p\u00e5 vindar och i uthus, finns nu i mus\u00e9et.<\/p>\n<p><strong>\u201dMormors Allmogestuga\u201d<\/strong><\/p>\n<p>I huset bredvid finns &#8221;Mormors stuga&#8221; fylld av m\u00f6bler, arbetsredskap, textilier, vykort och allmogef\u00f6rem\u00e5l fr\u00e5n 1800-talet och 1900-talets b\u00f6rjan. I \u00e5r finns det \u00e4ven en presentaff\u00e4r d\u00e4r man kan k\u00f6pa diverse hemgjorda saker, pepparkvarna och k\u00f6ksknivar.<\/p>\n<p>Ett litet lopptorg och en viss f\u00f6rs\u00e4ljning av de gamla f\u00f6rem\u00e5len \u00e4r m\u00f6jlig. <em>Butiksmus\u00e9et och Mormorsstugan har \u00f6ppet fr\u00e5n midsommar och till b\u00f6rjan av augusti enligt \u00f6verenskommelse. V\u00e4lkommen!<\/em><\/p>\n<p><a href=\"https:\/\/visithoutskar.fi\/wp-content\/uploads\/2021\/06\/Mummonmokki_kollaasi.jpg\"><img decoding=\"async\" class=\"wp-image-51537 size-large aligncenter\" src=\"https:\/\/visithoutskar.fi\/wp-content\/uploads\/2021\/06\/Mummonmokki_kollaasi-1024x448.jpg\" alt=\"\" width=\"1024\" height=\"448\" srcset=\"https:\/\/visithoutskar.fi\/wp-content\/uploads\/2021\/06\/Mummonmokki_kollaasi-1024x448.jpg 1024w, https:\/\/visithoutskar.fi\/wp-content\/uploads\/2021\/06\/Mummonmokki_kollaasi-300x131.jpg 300w, https:\/\/visithoutskar.fi\/wp-content\/uploads\/2021\/06\/Mummonmokki_kollaasi-768x336.jpg 768w, https:\/\/visithoutskar.fi\/wp-content\/uploads\/2021\/06\/Mummonmokki_kollaasi.jpg 1518w\" sizes=\"(max-width: 1024px) 100vw, 1024px\" \/><\/a><\/p>\n<p><strong><em>Intr\u00e4de: 4 \u20ac, barn under 12 \u00e5r gratis<\/em><\/strong><\/p>\n<p><strong><em>Kontaktuppgifter<\/em>:<\/strong><br \/>\nSebastian 045 112 5093<br \/>\nFB: Bj\u00f6rk\u00f6 Butiksmuseum<br \/>\nIG: haandelsmanshoutskar<\/p>\n","protected":false},"excerpt":{"rendered":"<p>Bj\u00f6rk\u00f6 Butiksmuseum \u00c5r 1915 startade sm\u00e5brukaren Albert Blomqvist bybutiken, som senare \u00f6vertogs av dottern Mildred Bergman, som drev den fram till 1976. Butiken, som numera \u00e4r museum, byggdes 1954, men [&hellip;]<\/p>\n","protected":false},"author":1,"featured_media":51328,"parent":48123,"menu_order":0,"comment_status":"closed","ping_status":"closed","template":"","meta":{"_uag_custom_page_level_css":"","site-sidebar-layout":"default","site-content-layout":"default","ast-site-content-layout":"default","site-content-style":"default","site-sidebar-style":"default","ast-global-header-display":"","ast-banner-title-visibility":"","ast-main-header-display":"","ast-hfb-above-header-display":"","ast-hfb-below-header-display":"","ast-hfb-mobile-header-display":"","site-post-title":"","ast-breadcrumbs-content":"","ast-featured-img":"","footer-sml-layout":"","ast-disable-related-posts":"","theme-transparent-header-meta":"default","adv-header-id-meta":"","stick-header-meta":"default","header-above-stick-meta":"","header-main-stick-meta":"","header-below-stick-meta":"","astra-migrate-meta-layouts":"set","ast-page-background-enabled":"default","ast-page-background-meta":{"desktop":{"background-color":"","background-image":"","background-repeat":"repeat","background-position":"center center","background-size":"auto","background-attachment":"scroll","background-type":"","background-media":"","overlay-type":"","overlay-color":"","overlay-opacity":"","overlay-gradient":""},"tablet":{"background-color":"","background-image":"","background-repeat":"repeat","background-position":"center center","background-size":"auto","background-attachment":"scroll","background-type":"","background-media":"","overlay-type":"","overlay-color":"","overlay-opacity":"","overlay-gradient":""},"mobile":{"background-color":"","background-image":"","background-repeat":"repeat","background-position":"center center","background-size":"auto","background-attachment":"scroll","background-type":"","background-media":"","overlay-type":"","overlay-color":"","overlay-opacity":"","overlay-gradient":""}},"ast-content-background-meta":{"desktop":{"background-color":"var(--ast-global-color-5)","background-image":"","background-repeat":"repeat","background-position":"center center","background-size":"auto","background-attachment":"scroll","background-type":"","background-media":"","overlay-type":"","overlay-color":"","overlay-opacity":"","overlay-gradient":""},"tablet":{"background-color":"var(--ast-global-color-5)","background-image":"","background-repeat":"repeat","background-position":"center center","background-size":"auto","background-attachment":"scroll","background-type":"","background-media":"","overlay-type":"","overlay-color":"","overlay-opacity":"","overlay-gradient":""},"mobile":{"background-color":"var(--ast-global-color-5)","background-image":"","background-repeat":"repeat","background-position":"center center","background-size":"auto","background-attachment":"scroll","background-type":"","background-media":"","overlay-type":"","overlay-color":"","overlay-opacity":"","overlay-gradient":""}},"footnotes":""},"class_list":["post-48127","page","type-page","status-publish","has-post-thumbnail","hentry"],"uagb_featured_image_src":{"full":["https:\/\/visithoutskar.fi\/wp-content\/uploads\/2021\/06\/Bjorko-Butiksmuseum-1.jpg",1228,562,false],"thumbnail":["https:\/\/visithoutskar.fi\/wp-content\/uploads\/2021\/06\/Bjorko-Butiksmuseum-1-150x150.jpg",150,150,true],"medium":["https:\/\/visithoutskar.fi\/wp-content\/uploads\/2021\/06\/Bjorko-Butiksmuseum-1-300x137.jpg",300,137,true],"medium_large":["https:\/\/visithoutskar.fi\/wp-content\/uploads\/2021\/06\/Bjorko-Butiksmuseum-1-768x351.jpg",768,351,true],"large":["https:\/\/visithoutskar.fi\/wp-content\/uploads\/2021\/06\/Bjorko-Butiksmuseum-1-1024x469.jpg",1024,469,true],"gs-tiny":["https:\/\/visithoutskar.fi\/wp-content\/uploads\/2021\/06\/Bjorko-Butiksmuseum-1.jpg",50,23,false],"xl":["https:\/\/visithoutskar.fi\/wp-content\/uploads\/2021\/06\/Bjorko-Butiksmuseum-1.jpg",1228,562,false],"xxl":["https:\/\/visithoutskar.fi\/wp-content\/uploads\/2021\/06\/Bjorko-Butiksmuseum-1.jpg",1228,562,false],"xxxl":["https:\/\/visithoutskar.fi\/wp-content\/uploads\/2021\/06\/Bjorko-Butiksmuseum-1.jpg",1228,562,false],"xxxxl":["https:\/\/visithoutskar.fi\/wp-content\/uploads\/2021\/06\/Bjorko-Butiksmuseum-1.jpg",1228,562,false],"xxxxxl":["https:\/\/visithoutskar.fi\/wp-content\/uploads\/2021\/06\/Bjorko-Butiksmuseum-1.jpg",1228,562,false],"1536x1536":["https:\/\/visithoutskar.fi\/wp-content\/uploads\/2021\/06\/Bjorko-Butiksmuseum-1.jpg",1228,562,false],"2048x2048":["https:\/\/visithoutskar.fi\/wp-content\/uploads\/2021\/06\/Bjorko-Butiksmuseum-1.jpg",1228,562,false]},"uagb_author_info":{"display_name":"admin","author_link":"https:\/\/visithoutskar.fi\/sv\/author\/frank\/"},"uagb_comment_info":0,"uagb_excerpt":"Bj\u00f6rk\u00f6 Butiksmuseum \u00c5r 1915 startade sm\u00e5brukaren Albert Blomqvist bybutiken, som senare \u00f6vertogs av dottern Mildred Bergman, som drev den fram till 1976. Butiken, som numera \u00e4r museum, byggdes 1954, men [&hellip;]","_links":{"self":[{"href":"https:\/\/visithoutskar.fi\/sv\/wp-json\/wp\/v2\/pages\/48127","targetHints":{"allow":["GET"]}}],"collection":[{"href":"https:\/\/visithoutskar.fi\/sv\/wp-json\/wp\/v2\/pages"}],"about":[{"href":"https:\/\/visithoutskar.fi\/sv\/wp-json\/wp\/v2\/types\/page"}],"author":[{"embeddable":true,"href":"https:\/\/visithoutskar.fi\/sv\/wp-json\/wp\/v2\/users\/1"}],"replies":[{"embeddable":true,"href":"https:\/\/visithoutskar.fi\/sv\/wp-json\/wp\/v2\/comments?post=48127"}],"version-history":[{"count":0,"href":"https:\/\/visithoutskar.fi\/sv\/wp-json\/wp\/v2\/pages\/48127\/revisions"}],"up":[{"embeddable":true,"href":"https:\/\/visithoutskar.fi\/sv\/wp-json\/wp\/v2\/pages\/48123"}],"wp:featuredmedia":[{"embeddable":true,"href":"https:\/\/visithoutskar.fi\/sv\/wp-json\/wp\/v2\/media\/51328"}],"wp:attachment":[{"href":"https:\/\/visithoutskar.fi\/sv\/wp-json\/wp\/v2\/media?parent=48127"}],"curies":[{"name":"wp","href":"https:\/\/api.w.org\/{rel}","templated":true}]}}