{"id":48131,"date":"2019-03-28T11:17:36","date_gmt":"2019-03-28T09:17:36","guid":{"rendered":"https:\/\/visithoutskar.fi\/se-upplev\/bongaa-bussipysakkeja\/"},"modified":"2021-07-08T13:03:14","modified_gmt":"2021-07-08T10:03:14","slug":"bonga-busskurer","status":"publish","type":"page","link":"https:\/\/visithoutskar.fi\/sv\/se-upplev\/bonga-busskurer\/","title":{"rendered":"Bonga busskurer"},"content":{"rendered":"<p>I Houtsk\u00e4r ser inte busskurerna ut som p\u00e5 annat h\u00e5ll i Pargas stad. Nej, h\u00e4r kan du hitta f\u00e4rggranna busskurer med olika dekorationer. En del \u00e4r inspirerade av byns egna djur, t.ex. m\u00e5sen, bromsen eller katten \u2013 andra \u00e4r dekorerade p\u00e5 annat s\u00e4tt.<\/p>\n<p><a href=\"https:\/\/visithoutskar.fi\/wp-content\/uploads\/2021\/07\/busskurer_kollaasi3.jpg\"><img decoding=\"async\" class=\"wp-image-51935 size-full aligncenter\" src=\"https:\/\/visithoutskar.fi\/wp-content\/uploads\/2021\/07\/busskurer_kollaasi3.jpg\" alt=\"\" width=\"945\" height=\"224\" srcset=\"https:\/\/visithoutskar.fi\/wp-content\/uploads\/2021\/07\/busskurer_kollaasi3.jpg 945w, https:\/\/visithoutskar.fi\/wp-content\/uploads\/2021\/07\/busskurer_kollaasi3-300x71.jpg 300w, https:\/\/visithoutskar.fi\/wp-content\/uploads\/2021\/07\/busskurer_kollaasi3-768x182.jpg 768w\" sizes=\"(max-width: 945px) 100vw, 945px\" \/><\/a><\/p>\n<p>Vilken bys busskur \u00e4r smyckad med r\u00f6da b\u00e5thus och midsommarst\u00e5ng? Vilken har en m\u00e5s p\u00e5 sidan? Vilken \u00e4r bl\u00e5 och vilken gr\u00f6n? Uppt\u00e4ck dem alla \u2013 med bil eller varf\u00f6r inte p\u00e5 cykelryggen? Om du inte har egen cykel kan du <a href=\"https:\/\/www.carfield.fi\/\" target=\"_blank\" rel=\"noopener\">hyra en<\/a>.<\/p>\n","protected":false},"excerpt":{"rendered":"<p>I Houtsk\u00e4r ser inte busskurerna ut som p\u00e5 annat h\u00e5ll i Pargas stad. Nej, h\u00e4r kan du hitta f\u00e4rggranna busskurer med olika dekorationer. En del \u00e4r inspirerade av byns egna [&hellip;]<\/p>\n","protected":false},"author":1,"featured_media":47027,"parent":48123,"menu_order":0,"comment_status":"closed","ping_status":"closed","template":"","meta":{"_uag_custom_page_level_css":"","site-sidebar-layout":"default","site-content-layout":"default","ast-site-content-layout":"default","site-content-style":"default","site-sidebar-style":"default","ast-global-header-display":"","ast-banner-title-visibility":"","ast-main-header-display":"","ast-hfb-above-header-display":"","ast-hfb-below-header-display":"","ast-hfb-mobile-header-display":"","site-post-title":"","ast-breadcrumbs-content":"","ast-featured-img":"","footer-sml-layout":"","ast-disable-related-posts":"","theme-transparent-header-meta":"default","adv-header-id-meta":"","stick-header-meta":"default","header-above-stick-meta":"","header-main-stick-meta":"","header-below-stick-meta":"","astra-migrate-meta-layouts":"default","ast-page-background-enabled":"default","ast-page-background-meta":{"desktop":{"background-color":"","background-image":"","background-repeat":"repeat","background-position":"center center","background-size":"auto","background-attachment":"scroll","background-type":"","background-media":"","overlay-type":"","overlay-color":"","overlay-opacity":"","overlay-gradient":""},"tablet":{"background-color":"","background-image":"","background-repeat":"repeat","background-position":"center center","background-size":"auto","background-attachment":"scroll","background-type":"","background-media":"","overlay-type":"","overlay-color":"","overlay-opacity":"","overlay-gradient":""},"mobile":{"background-color":"","background-image":"","background-repeat":"repeat","background-position":"center center","background-size":"auto","background-attachment":"scroll","background-type":"","background-media":"","overlay-type":"","overlay-color":"","overlay-opacity":"","overlay-gradient":""}},"ast-content-background-meta":{"desktop":{"background-color":"var(--ast-global-color-5)","background-image":"","background-repeat":"repeat","background-position":"center center","background-size":"auto","background-attachment":"scroll","background-type":"","background-media":"","overlay-type":"","overlay-color":"","overlay-opacity":"","overlay-gradient":""},"tablet":{"background-color":"var(--ast-global-color-5)","background-image":"","background-repeat":"repeat","background-position":"center center","background-size":"auto","background-attachment":"scroll","background-type":"","background-media":"","overlay-type":"","overlay-color":"","overlay-opacity":"","overlay-gradient":""},"mobile":{"background-color":"var(--ast-global-color-5)","background-image":"","background-repeat":"repeat","background-position":"center center","background-size":"auto","background-attachment":"scroll","background-type":"","background-media":"","overlay-type":"","overlay-color":"","overlay-opacity":"","overlay-gradient":""}},"footnotes":""},"class_list":["post-48131","page","type-page","status-publish","has-post-thumbnail","hentry"],"uagb_featured_image_src":{"full":["https:\/\/visithoutskar.fi\/wp-content\/uploads\/2019\/04\/bongaa-bussipysakkeja-kivimo.jpg",1373,773,false],"thumbnail":["https:\/\/visithoutskar.fi\/wp-content\/uploads\/2019\/04\/bongaa-bussipysakkeja-kivimo-150x150.jpg",150,150,true],"medium":["https:\/\/visithoutskar.fi\/wp-content\/uploads\/2019\/04\/bongaa-bussipysakkeja-kivimo-300x169.jpg",300,169,true],"medium_large":["https:\/\/visithoutskar.fi\/wp-content\/uploads\/2019\/04\/bongaa-bussipysakkeja-kivimo-768x432.jpg",768,432,true],"large":["https:\/\/visithoutskar.fi\/wp-content\/uploads\/2019\/04\/bongaa-bussipysakkeja-kivimo-1024x577.jpg",1024,577,true],"gs-tiny":["https:\/\/visithoutskar.fi\/wp-content\/uploads\/2019\/04\/bongaa-bussipysakkeja-kivimo.jpg",50,28,false],"xl":["https:\/\/visithoutskar.fi\/wp-content\/uploads\/2019\/04\/bongaa-bussipysakkeja-kivimo.jpg",1373,773,false],"xxl":["https:\/\/visithoutskar.fi\/wp-content\/uploads\/2019\/04\/bongaa-bussipysakkeja-kivimo.jpg",1373,773,false],"xxxl":["https:\/\/visithoutskar.fi\/wp-content\/uploads\/2019\/04\/bongaa-bussipysakkeja-kivimo.jpg",1373,773,false],"xxxxl":["https:\/\/visithoutskar.fi\/wp-content\/uploads\/2019\/04\/bongaa-bussipysakkeja-kivimo.jpg",1373,773,false],"xxxxxl":["https:\/\/visithoutskar.fi\/wp-content\/uploads\/2019\/04\/bongaa-bussipysakkeja-kivimo.jpg",1373,773,false],"1536x1536":["https:\/\/visithoutskar.fi\/wp-content\/uploads\/2019\/04\/bongaa-bussipysakkeja-kivimo.jpg",1373,773,false],"2048x2048":["https:\/\/visithoutskar.fi\/wp-content\/uploads\/2019\/04\/bongaa-bussipysakkeja-kivimo.jpg",1373,773,false]},"uagb_author_info":{"display_name":"admin","author_link":"https:\/\/visithoutskar.fi\/sv\/author\/frank\/"},"uagb_comment_info":0,"uagb_excerpt":"I Houtsk\u00e4r ser inte busskurerna ut som p\u00e5 annat h\u00e5ll i Pargas stad. Nej, h\u00e4r kan du hitta f\u00e4rggranna busskurer med olika dekorationer. En del \u00e4r inspirerade av byns egna [&hellip;]","_links":{"self":[{"href":"https:\/\/visithoutskar.fi\/sv\/wp-json\/wp\/v2\/pages\/48131","targetHints":{"allow":["GET"]}}],"collection":[{"href":"https:\/\/visithoutskar.fi\/sv\/wp-json\/wp\/v2\/pages"}],"about":[{"href":"https:\/\/visithoutskar.fi\/sv\/wp-json\/wp\/v2\/types\/page"}],"author":[{"embeddable":true,"href":"https:\/\/visithoutskar.fi\/sv\/wp-json\/wp\/v2\/users\/1"}],"replies":[{"embeddable":true,"href":"https:\/\/visithoutskar.fi\/sv\/wp-json\/wp\/v2\/comments?post=48131"}],"version-history":[{"count":0,"href":"https:\/\/visithoutskar.fi\/sv\/wp-json\/wp\/v2\/pages\/48131\/revisions"}],"up":[{"embeddable":true,"href":"https:\/\/visithoutskar.fi\/sv\/wp-json\/wp\/v2\/pages\/48123"}],"wp:featuredmedia":[{"embeddable":true,"href":"https:\/\/visithoutskar.fi\/sv\/wp-json\/wp\/v2\/media\/47027"}],"wp:attachment":[{"href":"https:\/\/visithoutskar.fi\/sv\/wp-json\/wp\/v2\/media?parent=48131"}],"curies":[{"name":"wp","href":"https:\/\/api.w.org\/{rel}","templated":true}]}}