{"id":48135,"date":"2019-03-27T09:26:39","date_gmt":"2019-03-27T07:26:39","guid":{"rendered":"https:\/\/visithoutskar.fi\/se-upplev\/borgbergin-nakoalatorni\/"},"modified":"2024-05-06T10:47:40","modified_gmt":"2024-05-06T07:47:40","slug":"borgberg-utkikstorn","status":"publish","type":"page","link":"https:\/\/visithoutskar.fi\/sv\/se-upplev\/borgberg-utkikstorn\/","title":{"rendered":"Borgberg utkikstorn"},"content":{"rendered":"<h6><strong>Utsikt \u00e4nda till \u00c5land<\/strong><\/h6>\n<p>I v\u00e4stra delen av Houtsk\u00e4r, i Jervis, finns ett h\u00f6gt berg med utm\u00e4rkt utsikt \u00f6ver Houtsk\u00e4r med omnejd. \u00c5r 1993 byggde man ett utkikstorn p\u00e5 berget och vid god sikt ser man \u00e4nda till \u00c5land. Utkikstornet \u00e4r \u00e4ven omtyckt av f\u00e5gelsk\u00e5dare, som h\u00e4rifr\u00e5n brukar f\u00f6lja med flyttf\u00e5gelstr\u00f6mmarna om v\u00e5rarna och h\u00f6starna.<\/p>\n<p><a href=\"https:\/\/visithoutskar.fi\/wp-content\/uploads\/2021\/06\/Borgberg_kollaasi1.jpg\"><img decoding=\"async\" class=\" wp-image-51563 aligncenter\" src=\"https:\/\/visithoutskar.fi\/wp-content\/uploads\/2021\/06\/Borgberg_kollaasi1-1024x444.jpg\" alt=\"\" width=\"793\" height=\"344\" srcset=\"https:\/\/visithoutskar.fi\/wp-content\/uploads\/2021\/06\/Borgberg_kollaasi1-1024x444.jpg 1024w, https:\/\/visithoutskar.fi\/wp-content\/uploads\/2021\/06\/Borgberg_kollaasi1-300x130.jpg 300w, https:\/\/visithoutskar.fi\/wp-content\/uploads\/2021\/06\/Borgberg_kollaasi1-768x333.jpg 768w, https:\/\/visithoutskar.fi\/wp-content\/uploads\/2021\/06\/Borgberg_kollaasi1-1536x666.jpg 1536w, https:\/\/visithoutskar.fi\/wp-content\/uploads\/2021\/06\/Borgberg_kollaasi1-2048x888.jpg 2048w\" sizes=\"(max-width: 793px) 100vw, 793px\" \/><\/a><\/p>\n<p>Om du kommer med f\u00e4rjan till Kittuis hittar du Borg-berg genom att k\u00f6ra ca 9 km rakt fram p\u00e5 Houtsk\u00e4rs- v\u00e4gen till Tr\u00e4sk. I v\u00e4gkorsningen i Tr\u00e4sk sv\u00e4nger du till v\u00e4nster mot Hyppeis och forts\u00e4tter ca 3,5 km tills du hittar en liten svart Borgberg-skylt p\u00e5 h\u00f6gra sidan. Det finns en parkeringsplats ca 50 m f\u00f6re skylten p\u00e5 b\u00e5da sidorna i en backe. Om du kommer fr\u00e5n Mossala-h\u00e5llet, ska du k\u00f6ra ca 2,5 km rakt fram efter att du k\u00f6rt av Kivimo-f\u00e4rjan. D\u00e5 kommer du till en korsning som visar N\u00e4sby-\u00c5bo. Sv\u00e4ng h\u00f6ger och strax d\u00e4refter h\u00f6ger igen, mot Hyppeis. F\u00f6lj sedan anvisningarna ovan ang\u00e5ende str\u00e4ckan efter Hyppeis v\u00e4gsk\u00e4l.<\/p>\n<p><em>V\u00e4gen upp till berget \u00e4r ganska brant. Man har byggt trappor p\u00e5 de brantaste platserna, men det l\u00f6nar sig inte att f\u00f6rs\u00f6ka g\u00e5 upp, ifall man har sv\u00e5rt att ta sig fram. \u00c5r 2023 byggdes motionstrappa p\u00e5 omr\u00e5det. Nu \u00e4r det l\u00e4ttare att ta sig till toppen av berget.<\/em><\/p>\n","protected":false},"excerpt":{"rendered":"<p>Utsikt \u00e4nda till \u00c5land I v\u00e4stra delen av Houtsk\u00e4r, i Jervis, finns ett h\u00f6gt berg med utm\u00e4rkt utsikt \u00f6ver Houtsk\u00e4r med omnejd. \u00c5r 1993 byggde man ett utkikstorn p\u00e5 berget [&hellip;]<\/p>\n","protected":false},"author":1,"featured_media":51568,"parent":48123,"menu_order":0,"comment_status":"closed","ping_status":"closed","template":"","meta":{"_uag_custom_page_level_css":"","site-sidebar-layout":"default","site-content-layout":"default","ast-site-content-layout":"default","site-content-style":"default","site-sidebar-style":"default","ast-global-header-display":"","ast-banner-title-visibility":"","ast-main-header-display":"","ast-hfb-above-header-display":"","ast-hfb-below-header-display":"","ast-hfb-mobile-header-display":"","site-post-title":"","ast-breadcrumbs-content":"","ast-featured-img":"","footer-sml-layout":"","ast-disable-related-posts":"","theme-transparent-header-meta":"default","adv-header-id-meta":"","stick-header-meta":"default","header-above-stick-meta":"","header-main-stick-meta":"","header-below-stick-meta":"","astra-migrate-meta-layouts":"set","ast-page-background-enabled":"default","ast-page-background-meta":{"desktop":{"background-color":"","background-image":"","background-repeat":"repeat","background-position":"center center","background-size":"auto","background-attachment":"scroll","background-type":"","background-media":"","overlay-type":"","overlay-color":"","overlay-opacity":"","overlay-gradient":""},"tablet":{"background-color":"","background-image":"","background-repeat":"repeat","background-position":"center center","background-size":"auto","background-attachment":"scroll","background-type":"","background-media":"","overlay-type":"","overlay-color":"","overlay-opacity":"","overlay-gradient":""},"mobile":{"background-color":"","background-image":"","background-repeat":"repeat","background-position":"center center","background-size":"auto","background-attachment":"scroll","background-type":"","background-media":"","overlay-type":"","overlay-color":"","overlay-opacity":"","overlay-gradient":""}},"ast-content-background-meta":{"desktop":{"background-color":"var(--ast-global-color-5)","background-image":"","background-repeat":"repeat","background-position":"center center","background-size":"auto","background-attachment":"scroll","background-type":"","background-media":"","overlay-type":"","overlay-color":"","overlay-opacity":"","overlay-gradient":""},"tablet":{"background-color":"var(--ast-global-color-5)","background-image":"","background-repeat":"repeat","background-position":"center center","background-size":"auto","background-attachment":"scroll","background-type":"","background-media":"","overlay-type":"","overlay-color":"","overlay-opacity":"","overlay-gradient":""},"mobile":{"background-color":"var(--ast-global-color-5)","background-image":"","background-repeat":"repeat","background-position":"center center","background-size":"auto","background-attachment":"scroll","background-type":"","background-media":"","overlay-type":"","overlay-color":"","overlay-opacity":"","overlay-gradient":""}},"footnotes":""},"class_list":["post-48135","page","type-page","status-publish","has-post-thumbnail","hentry"],"uagb_featured_image_src":{"full":["https:\/\/visithoutskar.fi\/wp-content\/uploads\/2021\/06\/Borgberg-2tausta.jpg",1024,564,false],"thumbnail":["https:\/\/visithoutskar.fi\/wp-content\/uploads\/2021\/06\/Borgberg-2tausta-150x150.jpg",150,150,true],"medium":["https:\/\/visithoutskar.fi\/wp-content\/uploads\/2021\/06\/Borgberg-2tausta-300x165.jpg",300,165,true],"medium_large":["https:\/\/visithoutskar.fi\/wp-content\/uploads\/2021\/06\/Borgberg-2tausta-768x423.jpg",768,423,true],"large":["https:\/\/visithoutskar.fi\/wp-content\/uploads\/2021\/06\/Borgberg-2tausta.jpg",1024,564,false],"gs-tiny":["https:\/\/visithoutskar.fi\/wp-content\/uploads\/2021\/06\/Borgberg-2tausta.jpg",50,28,false],"xl":["https:\/\/visithoutskar.fi\/wp-content\/uploads\/2021\/06\/Borgberg-2tausta.jpg",1024,564,false],"xxl":["https:\/\/visithoutskar.fi\/wp-content\/uploads\/2021\/06\/Borgberg-2tausta.jpg",1024,564,false],"xxxl":["https:\/\/visithoutskar.fi\/wp-content\/uploads\/2021\/06\/Borgberg-2tausta.jpg",1024,564,false],"xxxxl":["https:\/\/visithoutskar.fi\/wp-content\/uploads\/2021\/06\/Borgberg-2tausta.jpg",1024,564,false],"xxxxxl":["https:\/\/visithoutskar.fi\/wp-content\/uploads\/2021\/06\/Borgberg-2tausta.jpg",1024,564,false],"1536x1536":["https:\/\/visithoutskar.fi\/wp-content\/uploads\/2021\/06\/Borgberg-2tausta.jpg",1024,564,false],"2048x2048":["https:\/\/visithoutskar.fi\/wp-content\/uploads\/2021\/06\/Borgberg-2tausta.jpg",1024,564,false]},"uagb_author_info":{"display_name":"admin","author_link":"https:\/\/visithoutskar.fi\/sv\/author\/frank\/"},"uagb_comment_info":0,"uagb_excerpt":"Utsikt \u00e4nda till \u00c5land I v\u00e4stra delen av Houtsk\u00e4r, i Jervis, finns ett h\u00f6gt berg med utm\u00e4rkt utsikt \u00f6ver Houtsk\u00e4r med omnejd. \u00c5r 1993 byggde man ett utkikstorn p\u00e5 berget [&hellip;]","_links":{"self":[{"href":"https:\/\/visithoutskar.fi\/sv\/wp-json\/wp\/v2\/pages\/48135","targetHints":{"allow":["GET"]}}],"collection":[{"href":"https:\/\/visithoutskar.fi\/sv\/wp-json\/wp\/v2\/pages"}],"about":[{"href":"https:\/\/visithoutskar.fi\/sv\/wp-json\/wp\/v2\/types\/page"}],"author":[{"embeddable":true,"href":"https:\/\/visithoutskar.fi\/sv\/wp-json\/wp\/v2\/users\/1"}],"replies":[{"embeddable":true,"href":"https:\/\/visithoutskar.fi\/sv\/wp-json\/wp\/v2\/comments?post=48135"}],"version-history":[{"count":0,"href":"https:\/\/visithoutskar.fi\/sv\/wp-json\/wp\/v2\/pages\/48135\/revisions"}],"up":[{"embeddable":true,"href":"https:\/\/visithoutskar.fi\/sv\/wp-json\/wp\/v2\/pages\/48123"}],"wp:featuredmedia":[{"embeddable":true,"href":"https:\/\/visithoutskar.fi\/sv\/wp-json\/wp\/v2\/media\/51568"}],"wp:attachment":[{"href":"https:\/\/visithoutskar.fi\/sv\/wp-json\/wp\/v2\/media?parent=48135"}],"curies":[{"name":"wp","href":"https:\/\/api.w.org\/{rel}","templated":true}]}}