{"id":48139,"date":"2019-03-27T09:20:43","date_gmt":"2019-03-27T07:20:43","guid":{"rendered":"https:\/\/visithoutskar.fi\/se-upplev\/geokatkot\/"},"modified":"2021-06-29T11:25:31","modified_gmt":"2021-06-29T08:25:31","slug":"geocaching","status":"publish","type":"page","link":"https:\/\/visithoutskar.fi\/sv\/se-upplev\/geocaching\/","title":{"rendered":"Geocaching p\u00e5 Houtsk\u00e4r"},"content":{"rendered":"<p>Det \u00e4r m\u00f6jligt att idka geocaching p\u00e5 Houtsk\u00e4r. P\u00e5 \u00f6n finns n\u00e4rmare tjugo geocacher, av vilka en del passar bra \u00e4ven f\u00f6r nyb\u00f6rjare. Geocaching \u00e4r en rolig hobby, eftersom det inte \u00e4r tidsbundet och hela familjen kan h\u00e5lla p\u00e5 med det tillsammans. Med hj\u00e4lp av geocaching kan du ocks\u00e5 bekanta dig mer med Houtsk\u00e4r, f\u00f6r i m\u00e5nga av cacherna beskrivning finns lokal information. Prova och l\u00e5t dig inspireras!<\/p>\n<p><strong>Vad \u00e4r geocaching?<\/strong><\/p>\n<p>Geocaching \u00e4r en uteaktivitet f\u00f6r hela familjen, d\u00e4r man s\u00f6ker sm\u00e5 askar, allts\u00e5 geocacher, som \u00e4r g\u00f6mda i terr\u00e4ngen eller omgivningen.<br \/>\nG\u00f6mmorna s\u00f6ks upp med hj\u00e4lp av GPS-mottagare, men det \u00e4r inget tv\u00e5ng att anv\u00e4nda en apparat. Det g\u00e5r att leta efter geocacher med bara en karta. Apparaten kan vara en skild GPS eller en helt vanlig smarttelefon.<\/p>\n<p>Koordinaterna f\u00f6r geocachen och annan n\u00f6dv\u00e4ndig information f\u00f6r att hitta cachen finns i cachebeskrivningen, som publiceras p\u00e5 n\u00e5gon av webbplatserna f\u00f6r registrerade geocachare. F\u00f6rutom instruktionerna i sig, kan beskrivningen ocks\u00e5 inneh\u00e5lla bakgrundsinformation om cachens position eller till\u00e4ggstips f\u00f6r att underl\u00e4tta s\u00f6kandet efter cachen. Geocachens koordinater finns antingen direkt utm\u00e4rkta (f\u00f6r en vanlig cache) eller s\u00e5 f\u00e5r man dem efter att ha l\u00f6st n\u00e5gon slags g\u00e5ta eller uppgift. En typisk cache best\u00e5r av en vattent\u00e4t ask, en blyertspenna och en loggbok, i vilken man kan anteckna sitt namn och datum d\u00e5 man hittade cachen. Geocacherna finns p\u00e5 allm\u00e4nna omr\u00e5den d\u00e4r alla kan r\u00f6ra sig fritt eller p\u00e5 privata omr\u00e5den, ifall mark\u00e4garen gett lov b\u00e5de att g\u00f6mma cachen och f\u00f6r folk att r\u00f6ra sig p\u00e5 omr\u00e5det.<strong><a href=\"https:\/\/visithoutskar.fi\/wp-content\/uploads\/2021\/06\/geo.jpg\"><img decoding=\"async\" class=\"wp-image-51625 alignright\" src=\"https:\/\/visithoutskar.fi\/wp-content\/uploads\/2021\/06\/geo.jpg\" alt=\"\" width=\"475\" height=\"296\" srcset=\"https:\/\/visithoutskar.fi\/wp-content\/uploads\/2021\/06\/geo.jpg 822w, https:\/\/visithoutskar.fi\/wp-content\/uploads\/2021\/06\/geo-300x187.jpg 300w, https:\/\/visithoutskar.fi\/wp-content\/uploads\/2021\/06\/geo-768x478.jpg 768w\" sizes=\"(max-width: 475px) 100vw, 475px\" \/><\/a><\/strong><\/p>\n<p><strong>Hur komma ig\u00e5ng med geocaching?<\/strong><\/p>\n<p>Det enklaste s\u00e4ttet att b\u00f6rja leta efter geocacher \u00e4r att registrera sig gratis p\u00e5 webbsidan Geocaching.com eller att ladda ner den som en app till sin smarttelefon. Appen\/sidan kr\u00e4ver inloggning, men efter det \u00e4r den ett smidigt s\u00e4tt att kartl\u00e4gga geocacherna som finns p\u00e5 omr\u00e5det d\u00e4r man \u00e4n r\u00f6r sig.<br \/>\nMed hj\u00e4lp av appens s\u00f6kfunktion kan man s\u00f6ka en lista p\u00e5 Houtsk\u00e4rs alla geocacher. Man ser cacherna ocks\u00e5 p\u00e5 kartan, s\u00e5 att man enkelt kan v\u00e4lja det mest l\u00e4mpliga m\u00e5let f\u00f6r sig. Med hj\u00e4lp av GPS-mottagaren och kartan ser man avst\u00e5ndet till cachen och om man n\u00e4rmar sig den eller g\u00e5r l\u00e4ngre bort fr\u00e5n den.<\/p>\n<p>Geocaching.com \u00e4r v\u00e4rldens st\u00f6rsta webbplats f\u00f6r geocaching. Sidan har registrerade anv\u00e4ndare fr\u00e5n hela v\u00e4rlden och \u00f6ver 2,65 miljoner cachar i \u00f6ver 200 l\u00e4nder. Genom att registrera sig gratis f\u00e5r man tillg\u00e5ng till st\u00f6rsta delen av informationen om cacherna. Dessutom finns ett premium-medlemskap till ett sk\u00e4ligt pris, vilket ger anv\u00e4ndare tillg\u00e5ng till mer avancerade s\u00f6kfunktioner samt geocacher som \u00e4r t\u00e4nkta endast f\u00f6r premium-anv\u00e4ndare.<\/p>\n<p><strong>Spelregler f\u00f6r geocaching<\/strong><\/p>\n<p>D\u00e5 man geocachar \u00e4r det bra att komma ih\u00e5g spelreglerna f\u00f6r ansvarsfull geocaching:<br \/>\n<em>&#8211; Jag f\u00f6rorsakar inte on\u00f6dig fara f\u00f6r mig sj\u00e4lv eller f\u00f6r andra geocachare.<\/em><br \/>\n<em>&#8211; Jag tar h\u00e4nsyn till allemansr\u00e4tten och -skyldigheterna.<\/em><br \/>\n<em>&#8211; Jag iakttar principen f\u00f6r skr\u00e4pfria utflykter och l\u00e4mnar s\u00e5 lite sp\u00e5r efter mig i naturen och milj\u00f6n<\/em><br \/>\n<em>som m\u00f6jligt n\u00e4r jag s\u00f6ker och g\u00f6r cacher.<\/em><br \/>\n<em>&#8211; Jag respekterar mark\u00e4garnas och inv\u00e5narnas r\u00e4ttigheter.<\/em><br \/>\n<em>&#8211; Jag ser till att geocacherna stannar kvar, jag g\u00f6mmer allts\u00e5 cachen p\u00e5 samma plats och p\u00e5<\/em><br \/>\n<em>samma s\u00e4tt som den var n\u00e4r jag hittade den, jag r\u00e4ttar till maskeringen av cachen om den \u00e4r<\/em><br \/>\n<em>alltf\u00f6r synlig eller tydligt skadad.<\/em><br \/>\n<em>&#8211; Jag kommer ocks\u00e5 ih\u00e5g att h\u00e5lla resekrypen, d.v.s. de skatter som ska flyttas fr\u00e5n en g\u00f6mma till<\/em><br \/>\n<em>en annan, i cirkulation och logga uppt\u00e4ckterna och omplaceringarna enligt anvisningarna.<\/em><\/p>\n<p><em>Till\u00e4ggsinformation p\u00e5 svenska p\u00e5 adressen: <a href=\"http:\/\/www.utinaturen.fi\/geocaching\" target=\"_blank\" rel=\"noopener\">http:\/\/www.utinaturen.fi\/geocaching<\/a><\/em><\/p>\n<p><strong>V\u00e4ck \u00e4ventyrslusten inom dig och b\u00f6rja leta efter cacher!<\/strong><\/p>\n","protected":false},"excerpt":{"rendered":"<p>Det \u00e4r m\u00f6jligt att idka geocaching p\u00e5 Houtsk\u00e4r. P\u00e5 \u00f6n finns n\u00e4rmare tjugo geocacher, av vilka en del passar bra \u00e4ven f\u00f6r nyb\u00f6rjare. Geocaching \u00e4r en rolig hobby, eftersom det [&hellip;]<\/p>\n","protected":false},"author":1,"featured_media":51624,"parent":48123,"menu_order":0,"comment_status":"closed","ping_status":"closed","template":"","meta":{"_uag_custom_page_level_css":"","site-sidebar-layout":"default","site-content-layout":"default","ast-site-content-layout":"default","site-content-style":"default","site-sidebar-style":"default","ast-global-header-display":"","ast-banner-title-visibility":"","ast-main-header-display":"","ast-hfb-above-header-display":"","ast-hfb-below-header-display":"","ast-hfb-mobile-header-display":"","site-post-title":"","ast-breadcrumbs-content":"","ast-featured-img":"","footer-sml-layout":"","ast-disable-related-posts":"","theme-transparent-header-meta":"default","adv-header-id-meta":"","stick-header-meta":"default","header-above-stick-meta":"","header-main-stick-meta":"","header-below-stick-meta":"","astra-migrate-meta-layouts":"default","ast-page-background-enabled":"default","ast-page-background-meta":{"desktop":{"background-color":"","background-image":"","background-repeat":"repeat","background-position":"center center","background-size":"auto","background-attachment":"scroll","background-type":"","background-media":"","overlay-type":"","overlay-color":"","overlay-opacity":"","overlay-gradient":""},"tablet":{"background-color":"","background-image":"","background-repeat":"repeat","background-position":"center center","background-size":"auto","background-attachment":"scroll","background-type":"","background-media":"","overlay-type":"","overlay-color":"","overlay-opacity":"","overlay-gradient":""},"mobile":{"background-color":"","background-image":"","background-repeat":"repeat","background-position":"center center","background-size":"auto","background-attachment":"scroll","background-type":"","background-media":"","overlay-type":"","overlay-color":"","overlay-opacity":"","overlay-gradient":""}},"ast-content-background-meta":{"desktop":{"background-color":"var(--ast-global-color-5)","background-image":"","background-repeat":"repeat","background-position":"center center","background-size":"auto","background-attachment":"scroll","background-type":"","background-media":"","overlay-type":"","overlay-color":"","overlay-opacity":"","overlay-gradient":""},"tablet":{"background-color":"var(--ast-global-color-5)","background-image":"","background-repeat":"repeat","background-position":"center center","background-size":"auto","background-attachment":"scroll","background-type":"","background-media":"","overlay-type":"","overlay-color":"","overlay-opacity":"","overlay-gradient":""},"mobile":{"background-color":"var(--ast-global-color-5)","background-image":"","background-repeat":"repeat","background-position":"center center","background-size":"auto","background-attachment":"scroll","background-type":"","background-media":"","overlay-type":"","overlay-color":"","overlay-opacity":"","overlay-gradient":""}},"footnotes":""},"class_list":["post-48139","page","type-page","status-publish","has-post-thumbnail","hentry"],"uagb_featured_image_src":{"full":["https:\/\/visithoutskar.fi\/wp-content\/uploads\/2021\/06\/geo2.jpg",1220,488,false],"thumbnail":["https:\/\/visithoutskar.fi\/wp-content\/uploads\/2021\/06\/geo2-150x150.jpg",150,150,true],"medium":["https:\/\/visithoutskar.fi\/wp-content\/uploads\/2021\/06\/geo2-300x120.jpg",300,120,true],"medium_large":["https:\/\/visithoutskar.fi\/wp-content\/uploads\/2021\/06\/geo2-768x307.jpg",768,307,true],"large":["https:\/\/visithoutskar.fi\/wp-content\/uploads\/2021\/06\/geo2-1024x410.jpg",1024,410,true],"gs-tiny":["https:\/\/visithoutskar.fi\/wp-content\/uploads\/2021\/06\/geo2.jpg",50,20,false],"xl":["https:\/\/visithoutskar.fi\/wp-content\/uploads\/2021\/06\/geo2.jpg",1220,488,false],"xxl":["https:\/\/visithoutskar.fi\/wp-content\/uploads\/2021\/06\/geo2.jpg",1220,488,false],"xxxl":["https:\/\/visithoutskar.fi\/wp-content\/uploads\/2021\/06\/geo2.jpg",1220,488,false],"xxxxl":["https:\/\/visithoutskar.fi\/wp-content\/uploads\/2021\/06\/geo2.jpg",1220,488,false],"xxxxxl":["https:\/\/visithoutskar.fi\/wp-content\/uploads\/2021\/06\/geo2.jpg",1220,488,false],"1536x1536":["https:\/\/visithoutskar.fi\/wp-content\/uploads\/2021\/06\/geo2.jpg",1220,488,false],"2048x2048":["https:\/\/visithoutskar.fi\/wp-content\/uploads\/2021\/06\/geo2.jpg",1220,488,false]},"uagb_author_info":{"display_name":"admin","author_link":"https:\/\/visithoutskar.fi\/sv\/author\/frank\/"},"uagb_comment_info":0,"uagb_excerpt":"Det \u00e4r m\u00f6jligt att idka geocaching p\u00e5 Houtsk\u00e4r. P\u00e5 \u00f6n finns n\u00e4rmare tjugo geocacher, av vilka en del passar bra \u00e4ven f\u00f6r nyb\u00f6rjare. Geocaching \u00e4r en rolig hobby, eftersom det [&hellip;]","_links":{"self":[{"href":"https:\/\/visithoutskar.fi\/sv\/wp-json\/wp\/v2\/pages\/48139","targetHints":{"allow":["GET"]}}],"collection":[{"href":"https:\/\/visithoutskar.fi\/sv\/wp-json\/wp\/v2\/pages"}],"about":[{"href":"https:\/\/visithoutskar.fi\/sv\/wp-json\/wp\/v2\/types\/page"}],"author":[{"embeddable":true,"href":"https:\/\/visithoutskar.fi\/sv\/wp-json\/wp\/v2\/users\/1"}],"replies":[{"embeddable":true,"href":"https:\/\/visithoutskar.fi\/sv\/wp-json\/wp\/v2\/comments?post=48139"}],"version-history":[{"count":0,"href":"https:\/\/visithoutskar.fi\/sv\/wp-json\/wp\/v2\/pages\/48139\/revisions"}],"up":[{"embeddable":true,"href":"https:\/\/visithoutskar.fi\/sv\/wp-json\/wp\/v2\/pages\/48123"}],"wp:featuredmedia":[{"embeddable":true,"href":"https:\/\/visithoutskar.fi\/sv\/wp-json\/wp\/v2\/media\/51624"}],"wp:attachment":[{"href":"https:\/\/visithoutskar.fi\/sv\/wp-json\/wp\/v2\/media?parent=48139"}],"curies":[{"name":"wp","href":"https:\/\/api.w.org\/{rel}","templated":true}]}}