{"id":48143,"date":"2019-03-27T09:44:52","date_gmt":"2019-03-27T07:44:52","guid":{"rendered":"https:\/\/visithoutskar.fi\/se-upplev\/houtskarin-puuristikirkko\/"},"modified":"2021-08-24T14:05:54","modified_gmt":"2021-08-24T11:05:54","slug":"houtskars-trakyrka","status":"publish","type":"page","link":"https:\/\/visithoutskar.fi\/sv\/se-upplev\/houtskars-trakyrka\/","title":{"rendered":"Houtsk\u00e4rs tr\u00e4kyrka"},"content":{"rendered":"<p>Houtsk\u00e4rs tr\u00e4kyrka, som till\u00e4gnats Jungfru Maria, ligger i N\u00e4sby kyrkby, som \u00e4r i mitten av \u00f6gruppen, invid den smala H\u00e5laxviken. Korskyrkan, som har j\u00e4mnl\u00e5nga korsarmar, ritades och byggdes av Erik Nilsson under \u00e5ren 1703-04.<\/p>\n<p>Den r\u00f6dmyllade kyrkan t\u00e4cks av ett valmat sp\u00e5ntak. Fr\u00e5n mittkorset reser sig en sirlig vimpelst\u00e5ng. Kyrkans altartavla fr\u00e5n 1887 \u00e4r m\u00e5lad av den v\u00e4lk\u00e4nda konstn\u00e4ren Victor Westerholm, som har r\u00f6tter i Nagu. Altartavlan heter Jesus i Getsemane och det s\u00e4gs att \u00e4ngeln har f\u00e5tt Westerholms blivande makas ansikte.<\/p>\n<p><a href=\"https:\/\/visithoutskar.fi\/wp-content\/uploads\/2021\/08\/kyrkakollaasi.jpg\"><img decoding=\"async\" class=\"alignnone size-full wp-image-52007\" src=\"https:\/\/visithoutskar.fi\/wp-content\/uploads\/2021\/08\/kyrkakollaasi.jpg\" alt=\"\" width=\"1792\" height=\"416\" srcset=\"https:\/\/visithoutskar.fi\/wp-content\/uploads\/2021\/08\/kyrkakollaasi.jpg 1792w, https:\/\/visithoutskar.fi\/wp-content\/uploads\/2021\/08\/kyrkakollaasi-300x70.jpg 300w, https:\/\/visithoutskar.fi\/wp-content\/uploads\/2021\/08\/kyrkakollaasi-1024x238.jpg 1024w, https:\/\/visithoutskar.fi\/wp-content\/uploads\/2021\/08\/kyrkakollaasi-768x178.jpg 768w, https:\/\/visithoutskar.fi\/wp-content\/uploads\/2021\/08\/kyrkakollaasi-1600x371.jpg 1600w, https:\/\/visithoutskar.fi\/wp-content\/uploads\/2021\/08\/kyrkakollaasi-1536x357.jpg 1536w\" sizes=\"(max-width: 1792px) 100vw, 1792px\" \/><\/a><\/p>\n<p>Det finns till 450 sittplatser i kyrkan. Houtsk\u00e4r kyrkby h\u00f6r till de f\u00f6rsta kyrkbyarna som grundats i \u00c5bolands sk\u00e4rg\u00e5rd. Houtsk\u00e4rs v\u00e4lbevarade, sm\u00e5skaliga sk\u00e4rg\u00e5rdskyrkomilj\u00f6 best\u00e5r av hamnen, kyrkan, begravningsplatsen med stenmuren, klockstapeln, pr\u00e4stg\u00e5rden och sockenstugan. I \u00c5bolands sk\u00e4rg\u00e5rd l\u00e5g kyrkbyarna p\u00e5 de st\u00f6rre \u00f6arna intill viktiga farleder.<\/p>\n<p>Intill kyrkog\u00e5rden finns en klockstapel, vars nedre del uppf\u00f6rdes \u00e5r 1753 (<em>E. Johansson<\/em>) och \u00f6vre del \u00e5r 1871. Pr\u00e4stg\u00e5rden fr\u00e5n 1874 tillh\u00f6r ocks\u00e5 milj\u00f6n kring kyrkan. Mellan kyrkan och pr\u00e4stg\u00e5rden ligger ett mindre odlat omr\u00e5de. Houtsk\u00e4rs Hembygdsmuseum verkar i sockenstugan fr\u00e5n \u00e5r 1885. Till museet h\u00f6r 10 olika byggnader, bl.a. en vindm\u00f6lla och en strandbod.<\/p>\n<p><em>Under sommars\u00e4songen 1.5-30.9 \u00e4r kyrkan \u00f6ppen dagligen mellan kl. 09-21 och vintertid 1.10-30.4 kan du bes\u00f6ka kyrkan kl. 09-18. Under andra tillst\u00e4llningar eller f\u00f6r grupper enligt avtal. F\u00f6rfr\u00e5gningar till kapellf\u00f6rsamlingskansliet tel. 040 312 4450. Kansliet \u00e4r \u00f6ppet p\u00e5 tisdagar kl. 09-12.<\/em><\/p>\n","protected":false},"excerpt":{"rendered":"<p>Houtsk\u00e4rs tr\u00e4kyrka, som till\u00e4gnats Jungfru Maria, ligger i N\u00e4sby kyrkby, som \u00e4r i mitten av \u00f6gruppen, invid den smala H\u00e5laxviken. Korskyrkan, som har j\u00e4mnl\u00e5nga korsarmar, ritades och byggdes av Erik [&hellip;]<\/p>\n","protected":false},"author":1,"featured_media":51449,"parent":48123,"menu_order":0,"comment_status":"closed","ping_status":"closed","template":"","meta":{"_uag_custom_page_level_css":"","site-sidebar-layout":"default","site-content-layout":"default","ast-site-content-layout":"default","site-content-style":"default","site-sidebar-style":"default","ast-global-header-display":"","ast-banner-title-visibility":"","ast-main-header-display":"","ast-hfb-above-header-display":"","ast-hfb-below-header-display":"","ast-hfb-mobile-header-display":"","site-post-title":"","ast-breadcrumbs-content":"","ast-featured-img":"","footer-sml-layout":"","ast-disable-related-posts":"","theme-transparent-header-meta":"default","adv-header-id-meta":"","stick-header-meta":"default","header-above-stick-meta":"","header-main-stick-meta":"","header-below-stick-meta":"","astra-migrate-meta-layouts":"default","ast-page-background-enabled":"default","ast-page-background-meta":{"desktop":{"background-color":"","background-image":"","background-repeat":"repeat","background-position":"center center","background-size":"auto","background-attachment":"scroll","background-type":"","background-media":"","overlay-type":"","overlay-color":"","overlay-opacity":"","overlay-gradient":""},"tablet":{"background-color":"","background-image":"","background-repeat":"repeat","background-position":"center center","background-size":"auto","background-attachment":"scroll","background-type":"","background-media":"","overlay-type":"","overlay-color":"","overlay-opacity":"","overlay-gradient":""},"mobile":{"background-color":"","background-image":"","background-repeat":"repeat","background-position":"center center","background-size":"auto","background-attachment":"scroll","background-type":"","background-media":"","overlay-type":"","overlay-color":"","overlay-opacity":"","overlay-gradient":""}},"ast-content-background-meta":{"desktop":{"background-color":"var(--ast-global-color-5)","background-image":"","background-repeat":"repeat","background-position":"center center","background-size":"auto","background-attachment":"scroll","background-type":"","background-media":"","overlay-type":"","overlay-color":"","overlay-opacity":"","overlay-gradient":""},"tablet":{"background-color":"var(--ast-global-color-5)","background-image":"","background-repeat":"repeat","background-position":"center center","background-size":"auto","background-attachment":"scroll","background-type":"","background-media":"","overlay-type":"","overlay-color":"","overlay-opacity":"","overlay-gradient":""},"mobile":{"background-color":"var(--ast-global-color-5)","background-image":"","background-repeat":"repeat","background-position":"center center","background-size":"auto","background-attachment":"scroll","background-type":"","background-media":"","overlay-type":"","overlay-color":"","overlay-opacity":"","overlay-gradient":""}},"footnotes":""},"class_list":["post-48143","page","type-page","status-publish","has-post-thumbnail","hentry"],"uagb_featured_image_src":{"full":["https:\/\/visithoutskar.fi\/wp-content\/uploads\/2021\/06\/Kyrka3.jpg",1360,634,false],"thumbnail":["https:\/\/visithoutskar.fi\/wp-content\/uploads\/2021\/06\/Kyrka3-150x150.jpg",150,150,true],"medium":["https:\/\/visithoutskar.fi\/wp-content\/uploads\/2021\/06\/Kyrka3-300x140.jpg",300,140,true],"medium_large":["https:\/\/visithoutskar.fi\/wp-content\/uploads\/2021\/06\/Kyrka3-768x358.jpg",768,358,true],"large":["https:\/\/visithoutskar.fi\/wp-content\/uploads\/2021\/06\/Kyrka3-1024x477.jpg",1024,477,true],"gs-tiny":["https:\/\/visithoutskar.fi\/wp-content\/uploads\/2021\/06\/Kyrka3.jpg",50,23,false],"xl":["https:\/\/visithoutskar.fi\/wp-content\/uploads\/2021\/06\/Kyrka3.jpg",1360,634,false],"xxl":["https:\/\/visithoutskar.fi\/wp-content\/uploads\/2021\/06\/Kyrka3.jpg",1360,634,false],"xxxl":["https:\/\/visithoutskar.fi\/wp-content\/uploads\/2021\/06\/Kyrka3.jpg",1360,634,false],"xxxxl":["https:\/\/visithoutskar.fi\/wp-content\/uploads\/2021\/06\/Kyrka3.jpg",1360,634,false],"xxxxxl":["https:\/\/visithoutskar.fi\/wp-content\/uploads\/2021\/06\/Kyrka3.jpg",1360,634,false],"1536x1536":["https:\/\/visithoutskar.fi\/wp-content\/uploads\/2021\/06\/Kyrka3.jpg",1360,634,false],"2048x2048":["https:\/\/visithoutskar.fi\/wp-content\/uploads\/2021\/06\/Kyrka3.jpg",1360,634,false]},"uagb_author_info":{"display_name":"admin","author_link":"https:\/\/visithoutskar.fi\/sv\/author\/frank\/"},"uagb_comment_info":0,"uagb_excerpt":"Houtsk\u00e4rs tr\u00e4kyrka, som till\u00e4gnats Jungfru Maria, ligger i N\u00e4sby kyrkby, som \u00e4r i mitten av \u00f6gruppen, invid den smala H\u00e5laxviken. Korskyrkan, som har j\u00e4mnl\u00e5nga korsarmar, ritades och byggdes av Erik [&hellip;]","_links":{"self":[{"href":"https:\/\/visithoutskar.fi\/sv\/wp-json\/wp\/v2\/pages\/48143","targetHints":{"allow":["GET"]}}],"collection":[{"href":"https:\/\/visithoutskar.fi\/sv\/wp-json\/wp\/v2\/pages"}],"about":[{"href":"https:\/\/visithoutskar.fi\/sv\/wp-json\/wp\/v2\/types\/page"}],"author":[{"embeddable":true,"href":"https:\/\/visithoutskar.fi\/sv\/wp-json\/wp\/v2\/users\/1"}],"replies":[{"embeddable":true,"href":"https:\/\/visithoutskar.fi\/sv\/wp-json\/wp\/v2\/comments?post=48143"}],"version-history":[{"count":0,"href":"https:\/\/visithoutskar.fi\/sv\/wp-json\/wp\/v2\/pages\/48143\/revisions"}],"up":[{"embeddable":true,"href":"https:\/\/visithoutskar.fi\/sv\/wp-json\/wp\/v2\/pages\/48123"}],"wp:featuredmedia":[{"embeddable":true,"href":"https:\/\/visithoutskar.fi\/sv\/wp-json\/wp\/v2\/media\/51449"}],"wp:attachment":[{"href":"https:\/\/visithoutskar.fi\/sv\/wp-json\/wp\/v2\/media?parent=48143"}],"curies":[{"name":"wp","href":"https:\/\/api.w.org\/{rel}","templated":true}]}}