{"id":48152,"date":"2019-03-28T15:51:23","date_gmt":"2019-03-28T13:51:23","guid":{"rendered":"https:\/\/visithoutskar.fi\/se-upplev\/juhannussalkoja-ja-juhannusviettoa\/"},"modified":"2020-04-27T14:46:28","modified_gmt":"2020-04-27T11:46:28","slug":"midsommarstanger-och-midsommarfirande","status":"publish","type":"page","link":"https:\/\/visithoutskar.fi\/sv\/se-upplev\/midsommarstanger-och-midsommarfirande\/","title":{"rendered":"Midsommarst\u00e4nger och midsommarfirande"},"content":{"rendered":"\n<div class=\"wp-block-columns is-layout-flex wp-container-core-columns-is-layout-28f84493 wp-block-columns-is-layout-flex\">\n<div class=\"wp-block-column is-layout-flow wp-block-column-is-layout-flow\" style=\"flex-basis:66.66%\">\n<p class=\"has-drop-cap\">P\u00e5 midsommaraftonen reses en midsommarst\u00e5ng i s\u00e5 gott som varje by i Houtsk\u00e4r. Midsommarst\u00e5ngen smyckas med l\u00f6v och gr\u00e4s och f\u00f6rses med symboler s\u00e5som granar, b\u00e5tar samt en snurrande &#8221;sol&#8221;. Man brukar s\u00e4ga att man \u201dkl\u00e4r\u201d st\u00e5ngen. Ingen st\u00e5ng \u00e4r den andra lik, utan varje by har sina traditioner.<\/p>\n\n\n\n<p>I Mossala finns v\u00e4rldens h\u00f6gsta midsommarst\u00e5ng. Den \u00e4r \u00f6ver 32 m h\u00f6g och restes 2013 efter att den gamla, som var i d\u00e5ligt skick, togs ned. Se bilden till h\u00f6ger! Ofta kommer bortflyttade bybor tillbaka till sin hemby p\u00e5 midsommaren, f\u00f6r att kunna bevara denna unika tradition och kl\u00e4 st\u00e5ngen tillsammans och fira midsommar.<\/p>\n\n\n\n<p>Delta g\u00e4rna i smyckningen av n\u00e5gon st\u00e5ng om du \u00e4r i Houtsk\u00e4r under midsommarhelgen! Om du inte vet hur du ska g\u00f6ra \u2013 fr\u00e5ga! Det finns m\u00e5nga som blir glada \u00e5t att f\u00e5 visa dig.<\/p>\n\n\n\n<p>Midsommarst\u00e5ngen \u00e4r inte bara en prydnad eller en sev\u00e4rdhet. M\u00e5nga bybor f\u00f6ljde<br>f\u00f6rr med vindriktningen genom att titta p\u00e5 st\u00e5ngen \u2013 och g\u00f6r det \u00e4nnu.<\/p>\n<\/div>\n\n\n\n<div class=\"wp-block-column is-layout-flow wp-block-column-is-layout-flow\" style=\"flex-basis:33.33%\">\n<figure class=\"wp-block-image size-large\"><img decoding=\"async\" width=\"768\" height=\"1024\" src=\"https:\/\/visithoutskar.fi\/wp-content\/uploads\/2019\/05\/mossala-midsommarstang-768x1024.jpg\" alt=\"Mossalan juhannusalko\" class=\"wp-image-47358\" srcset=\"https:\/\/visithoutskar.fi\/wp-content\/uploads\/2019\/05\/mossala-midsommarstang-768x1024.jpg 768w, https:\/\/visithoutskar.fi\/wp-content\/uploads\/2019\/05\/mossala-midsommarstang-225x300.jpg 225w, https:\/\/visithoutskar.fi\/wp-content\/uploads\/2019\/05\/mossala-midsommarstang-1080x1440.jpg 1080w, https:\/\/visithoutskar.fi\/wp-content\/uploads\/2019\/05\/mossala-midsommarstang.jpg 1200w\" sizes=\"(max-width: 768px) 100vw, 768px\" \/><\/figure>\n<\/div>\n<\/div>\n","protected":false},"excerpt":{"rendered":"<p>P\u00e5 midsommaraftonen reses en midsommarst\u00e5ng i s\u00e5 gott som varje by i Houtsk\u00e4r. Midsommarst\u00e5ngen smyckas med l\u00f6v och gr\u00e4s och f\u00f6rses med symboler s\u00e5som granar, b\u00e5tar samt en snurrande &#8221;sol&#8221;. [&hellip;]<\/p>\n","protected":false},"author":1,"featured_media":51216,"parent":48123,"menu_order":0,"comment_status":"closed","ping_status":"closed","template":"","meta":{"_uag_custom_page_level_css":"","site-sidebar-layout":"default","site-content-layout":"default","ast-site-content-layout":"default","site-content-style":"default","site-sidebar-style":"default","ast-global-header-display":"","ast-banner-title-visibility":"","ast-main-header-display":"","ast-hfb-above-header-display":"","ast-hfb-below-header-display":"","ast-hfb-mobile-header-display":"","site-post-title":"","ast-breadcrumbs-content":"","ast-featured-img":"","footer-sml-layout":"","ast-disable-related-posts":"","theme-transparent-header-meta":"default","adv-header-id-meta":"","stick-header-meta":"default","header-above-stick-meta":"","header-main-stick-meta":"","header-below-stick-meta":"","astra-migrate-meta-layouts":"default","ast-page-background-enabled":"default","ast-page-background-meta":{"desktop":{"background-color":"","background-image":"","background-repeat":"repeat","background-position":"center center","background-size":"auto","background-attachment":"scroll","background-type":"","background-media":"","overlay-type":"","overlay-color":"","overlay-opacity":"","overlay-gradient":""},"tablet":{"background-color":"","background-image":"","background-repeat":"repeat","background-position":"center center","background-size":"auto","background-attachment":"scroll","background-type":"","background-media":"","overlay-type":"","overlay-color":"","overlay-opacity":"","overlay-gradient":""},"mobile":{"background-color":"","background-image":"","background-repeat":"repeat","background-position":"center center","background-size":"auto","background-attachment":"scroll","background-type":"","background-media":"","overlay-type":"","overlay-color":"","overlay-opacity":"","overlay-gradient":""}},"ast-content-background-meta":{"desktop":{"background-color":"var(--ast-global-color-5)","background-image":"","background-repeat":"repeat","background-position":"center center","background-size":"auto","background-attachment":"scroll","background-type":"","background-media":"","overlay-type":"","overlay-color":"","overlay-opacity":"","overlay-gradient":""},"tablet":{"background-color":"var(--ast-global-color-5)","background-image":"","background-repeat":"repeat","background-position":"center center","background-size":"auto","background-attachment":"scroll","background-type":"","background-media":"","overlay-type":"","overlay-color":"","overlay-opacity":"","overlay-gradient":""},"mobile":{"background-color":"var(--ast-global-color-5)","background-image":"","background-repeat":"repeat","background-position":"center center","background-size":"auto","background-attachment":"scroll","background-type":"","background-media":"","overlay-type":"","overlay-color":"","overlay-opacity":"","overlay-gradient":""}},"footnotes":""},"class_list":["post-48152","page","type-page","status-publish","has-post-thumbnail","hentry"],"uagb_featured_image_src":{"full":["https:\/\/visithoutskar.fi\/wp-content\/uploads\/2021\/05\/Midsommarbrasa.jpg",1373,771,false],"thumbnail":["https:\/\/visithoutskar.fi\/wp-content\/uploads\/2021\/05\/Midsommarbrasa-150x150.jpg",150,150,true],"medium":["https:\/\/visithoutskar.fi\/wp-content\/uploads\/2021\/05\/Midsommarbrasa-300x168.jpg",300,168,true],"medium_large":["https:\/\/visithoutskar.fi\/wp-content\/uploads\/2021\/05\/Midsommarbrasa-768x431.jpg",768,431,true],"large":["https:\/\/visithoutskar.fi\/wp-content\/uploads\/2021\/05\/Midsommarbrasa-1024x575.jpg",1024,575,true],"gs-tiny":["https:\/\/visithoutskar.fi\/wp-content\/uploads\/2021\/05\/Midsommarbrasa.jpg",50,28,false],"xl":["https:\/\/visithoutskar.fi\/wp-content\/uploads\/2021\/05\/Midsommarbrasa.jpg",1373,771,false],"xxl":["https:\/\/visithoutskar.fi\/wp-content\/uploads\/2021\/05\/Midsommarbrasa.jpg",1373,771,false],"xxxl":["https:\/\/visithoutskar.fi\/wp-content\/uploads\/2021\/05\/Midsommarbrasa.jpg",1373,771,false],"xxxxl":["https:\/\/visithoutskar.fi\/wp-content\/uploads\/2021\/05\/Midsommarbrasa.jpg",1373,771,false],"xxxxxl":["https:\/\/visithoutskar.fi\/wp-content\/uploads\/2021\/05\/Midsommarbrasa.jpg",1373,771,false],"1536x1536":["https:\/\/visithoutskar.fi\/wp-content\/uploads\/2021\/05\/Midsommarbrasa.jpg",1373,771,false],"2048x2048":["https:\/\/visithoutskar.fi\/wp-content\/uploads\/2021\/05\/Midsommarbrasa.jpg",1373,771,false]},"uagb_author_info":{"display_name":"admin","author_link":"https:\/\/visithoutskar.fi\/sv\/author\/frank\/"},"uagb_comment_info":0,"uagb_excerpt":"P\u00e5 midsommaraftonen reses en midsommarst\u00e5ng i s\u00e5 gott som varje by i Houtsk\u00e4r. Midsommarst\u00e5ngen smyckas med l\u00f6v och gr\u00e4s och f\u00f6rses med symboler s\u00e5som granar, b\u00e5tar samt en snurrande &#8221;sol&#8221;. [&hellip;]","_links":{"self":[{"href":"https:\/\/visithoutskar.fi\/sv\/wp-json\/wp\/v2\/pages\/48152","targetHints":{"allow":["GET"]}}],"collection":[{"href":"https:\/\/visithoutskar.fi\/sv\/wp-json\/wp\/v2\/pages"}],"about":[{"href":"https:\/\/visithoutskar.fi\/sv\/wp-json\/wp\/v2\/types\/page"}],"author":[{"embeddable":true,"href":"https:\/\/visithoutskar.fi\/sv\/wp-json\/wp\/v2\/users\/1"}],"replies":[{"embeddable":true,"href":"https:\/\/visithoutskar.fi\/sv\/wp-json\/wp\/v2\/comments?post=48152"}],"version-history":[{"count":0,"href":"https:\/\/visithoutskar.fi\/sv\/wp-json\/wp\/v2\/pages\/48152\/revisions"}],"up":[{"embeddable":true,"href":"https:\/\/visithoutskar.fi\/sv\/wp-json\/wp\/v2\/pages\/48123"}],"wp:featuredmedia":[{"embeddable":true,"href":"https:\/\/visithoutskar.fi\/sv\/wp-json\/wp\/v2\/media\/51216"}],"wp:attachment":[{"href":"https:\/\/visithoutskar.fi\/sv\/wp-json\/wp\/v2\/media?parent=48152"}],"curies":[{"name":"wp","href":"https:\/\/api.w.org\/{rel}","templated":true}]}}