{"id":48161,"date":"2019-03-28T11:00:22","date_gmt":"2019-03-28T09:00:22","guid":{"rendered":"https:\/\/visithoutskar.fi\/se-upplev\/saaristolaismuseo\/"},"modified":"2024-05-06T11:03:47","modified_gmt":"2024-05-06T08:03:47","slug":"skargardsmuseet","status":"publish","type":"page","link":"https:\/\/visithoutskar.fi\/sv\/se-upplev\/skargardsmuseet\/","title":{"rendered":"Sk\u00e4rg\u00e5rdsmuseet"},"content":{"rendered":"<p>Houtsk\u00e4rs Sk\u00e4rg\u00e5rdsmuseum \u00e4r ett vackert och unikt museum i hj\u00e4rtat av sk\u00e4rg\u00e5rden. Vid stranden hittar du Sk\u00e4rg\u00e5rdsmuseet med olika b\u00e5ttyper, redskap f\u00f6r jakt och fiske, b\u00e5tmotorer och ett b\u00e5tbyggeri.<\/p>\n<p>Uppe i backen kan du se Hembygdsmuseet med dess samlingar av husger\u00e5d och andra f\u00f6rem\u00e5l fr\u00e5n jordbruk och hantverk i Houtsk\u00e4r. I Norrback torpet kan du bekanta dig med hur en torparfamilj levde i Houtsk\u00e4r under slutet av 1800-talet.<\/p>\n<p><a href=\"https:\/\/visithoutskar.fi\/wp-content\/uploads\/2021\/06\/Skargardsmuseum_kollaasi.jpg\"><img decoding=\"async\" class=\"wp-image-51515 size-large aligncenter\" src=\"https:\/\/visithoutskar.fi\/wp-content\/uploads\/2021\/06\/Skargardsmuseum_kollaasi-1024x194.jpg\" alt=\"\" width=\"1024\" height=\"194\" srcset=\"https:\/\/visithoutskar.fi\/wp-content\/uploads\/2021\/06\/Skargardsmuseum_kollaasi-1024x194.jpg 1024w, https:\/\/visithoutskar.fi\/wp-content\/uploads\/2021\/06\/Skargardsmuseum_kollaasi-300x57.jpg 300w, https:\/\/visithoutskar.fi\/wp-content\/uploads\/2021\/06\/Skargardsmuseum_kollaasi-768x145.jpg 768w, https:\/\/visithoutskar.fi\/wp-content\/uploads\/2021\/06\/Skargardsmuseum_kollaasi-1536x291.jpg 1536w, https:\/\/visithoutskar.fi\/wp-content\/uploads\/2021\/06\/Skargardsmuseum_kollaasi.jpg 1707w\" sizes=\"(max-width: 1024px) 100vw, 1024px\" \/><\/a><\/p>\n<h6><strong>\u00d6ppettider 25.06 &#8211; 11.08.2024<\/strong><\/h6>\n<div dir=\"auto\">tisdag &#8211; fredag\u00a0 \u00a0<strong>klo 12 &#8211; 19<\/strong><\/div>\n<div dir=\"auto\"><\/div>\n<div dir=\"auto\">l\u00f6rdag &#8211; s\u00f6ndag\u00a0 <strong>klo. 12 &#8211; 16<\/strong><\/div>\n<div dir=\"auto\"><\/div>\n<div dir=\"auto\"><em>M\u00e5ndagar st\u00e4ngt.<\/em><\/div>\n<div dir=\"auto\"><\/div>\n<div dir=\"auto\"><em>(\u00f6vriga tider enligt \u00f6verenskommelse.)<\/em><\/div>\n<div dir=\"auto\">________________________<\/div>\n<div dir=\"auto\"><\/div>\n<div dir=\"auto\"><strong>Intr\u00e4desavgift: 5 \u20ac \/ person<\/strong><\/div>\n<div dir=\"auto\"><\/div>\n<div dir=\"auto\">\n<div class=\"o9v6fnle cxmmr5t8 oygrvhab hcukyx3x c1et5uql ii04i59q\">\n<div dir=\"auto\">Gruppbokningar:<\/div>\n<div dir=\"auto\"><em>houtskultur@gmail.com<\/em><\/div>\n<div dir=\"auto\"><\/div>\n<\/div>\n<div class=\"o9v6fnle cxmmr5t8 oygrvhab hcukyx3x c1et5uql ii04i59q\">\n<div dir=\"auto\">Kontaktpersoner:<\/div>\n<div dir=\"auto\"><em>Lennart Brunnsberg 0400 723 375<\/em><\/div>\n<\/div>\n<div dir=\"auto\"><\/div>\n<div dir=\"auto\">________________________<\/div>\n<\/div>\n<p><a href=\"https:\/\/www.facebook.com\/houtskarsskargardsmuseum\/\" target=\"_blank\" rel=\"noopener noreferrer\">L\u00e4nk till Facebook -sidan<\/a><\/p>\n","protected":false},"excerpt":{"rendered":"<p>Houtsk\u00e4rs Sk\u00e4rg\u00e5rdsmuseum \u00e4r ett vackert och unikt museum i hj\u00e4rtat av sk\u00e4rg\u00e5rden. Vid stranden hittar du Sk\u00e4rg\u00e5rdsmuseet med olika b\u00e5ttyper, redskap f\u00f6r jakt och fiske, b\u00e5tmotorer och ett b\u00e5tbyggeri. Uppe [&hellip;]<\/p>\n","protected":false},"author":1,"featured_media":47035,"parent":48123,"menu_order":0,"comment_status":"closed","ping_status":"closed","template":"","meta":{"_uag_custom_page_level_css":"","site-sidebar-layout":"default","site-content-layout":"default","ast-site-content-layout":"default","site-content-style":"default","site-sidebar-style":"default","ast-global-header-display":"","ast-banner-title-visibility":"","ast-main-header-display":"","ast-hfb-above-header-display":"","ast-hfb-below-header-display":"","ast-hfb-mobile-header-display":"","site-post-title":"","ast-breadcrumbs-content":"","ast-featured-img":"","footer-sml-layout":"","ast-disable-related-posts":"","theme-transparent-header-meta":"default","adv-header-id-meta":"","stick-header-meta":"default","header-above-stick-meta":"","header-main-stick-meta":"","header-below-stick-meta":"","astra-migrate-meta-layouts":"set","ast-page-background-enabled":"default","ast-page-background-meta":{"desktop":{"background-color":"","background-image":"","background-repeat":"repeat","background-position":"center center","background-size":"auto","background-attachment":"scroll","background-type":"","background-media":"","overlay-type":"","overlay-color":"","overlay-opacity":"","overlay-gradient":""},"tablet":{"background-color":"","background-image":"","background-repeat":"repeat","background-position":"center center","background-size":"auto","background-attachment":"scroll","background-type":"","background-media":"","overlay-type":"","overlay-color":"","overlay-opacity":"","overlay-gradient":""},"mobile":{"background-color":"","background-image":"","background-repeat":"repeat","background-position":"center center","background-size":"auto","background-attachment":"scroll","background-type":"","background-media":"","overlay-type":"","overlay-color":"","overlay-opacity":"","overlay-gradient":""}},"ast-content-background-meta":{"desktop":{"background-color":"var(--ast-global-color-5)","background-image":"","background-repeat":"repeat","background-position":"center center","background-size":"auto","background-attachment":"scroll","background-type":"","background-media":"","overlay-type":"","overlay-color":"","overlay-opacity":"","overlay-gradient":""},"tablet":{"background-color":"var(--ast-global-color-5)","background-image":"","background-repeat":"repeat","background-position":"center center","background-size":"auto","background-attachment":"scroll","background-type":"","background-media":"","overlay-type":"","overlay-color":"","overlay-opacity":"","overlay-gradient":""},"mobile":{"background-color":"var(--ast-global-color-5)","background-image":"","background-repeat":"repeat","background-position":"center center","background-size":"auto","background-attachment":"scroll","background-type":"","background-media":"","overlay-type":"","overlay-color":"","overlay-opacity":"","overlay-gradient":""}},"footnotes":""},"class_list":["post-48161","page","type-page","status-publish","has-post-thumbnail","hentry"],"uagb_featured_image_src":{"full":["https:\/\/visithoutskar.fi\/wp-content\/uploads\/2019\/04\/saaristolaismuseo.jpg",2048,1152,false],"thumbnail":["https:\/\/visithoutskar.fi\/wp-content\/uploads\/2019\/04\/saaristolaismuseo-150x150.jpg",150,150,true],"medium":["https:\/\/visithoutskar.fi\/wp-content\/uploads\/2019\/04\/saaristolaismuseo-300x169.jpg",300,169,true],"medium_large":["https:\/\/visithoutskar.fi\/wp-content\/uploads\/2019\/04\/saaristolaismuseo-768x432.jpg",768,432,true],"large":["https:\/\/visithoutskar.fi\/wp-content\/uploads\/2019\/04\/saaristolaismuseo-1024x576.jpg",1024,576,true],"gs-tiny":["https:\/\/visithoutskar.fi\/wp-content\/uploads\/2019\/04\/saaristolaismuseo.jpg",50,28,false],"xl":["https:\/\/visithoutskar.fi\/wp-content\/uploads\/2019\/04\/saaristolaismuseo.jpg",1600,900,false],"xxl":["https:\/\/visithoutskar.fi\/wp-content\/uploads\/2019\/04\/saaristolaismuseo.jpg",2048,1152,false],"xxxl":["https:\/\/visithoutskar.fi\/wp-content\/uploads\/2019\/04\/saaristolaismuseo.jpg",2048,1152,false],"xxxxl":["https:\/\/visithoutskar.fi\/wp-content\/uploads\/2019\/04\/saaristolaismuseo.jpg",2048,1152,false],"xxxxxl":["https:\/\/visithoutskar.fi\/wp-content\/uploads\/2019\/04\/saaristolaismuseo.jpg",2048,1152,false],"1536x1536":["https:\/\/visithoutskar.fi\/wp-content\/uploads\/2019\/04\/saaristolaismuseo.jpg",1536,864,false],"2048x2048":["https:\/\/visithoutskar.fi\/wp-content\/uploads\/2019\/04\/saaristolaismuseo.jpg",2048,1152,false]},"uagb_author_info":{"display_name":"admin","author_link":"https:\/\/visithoutskar.fi\/sv\/author\/frank\/"},"uagb_comment_info":0,"uagb_excerpt":"Houtsk\u00e4rs Sk\u00e4rg\u00e5rdsmuseum \u00e4r ett vackert och unikt museum i hj\u00e4rtat av sk\u00e4rg\u00e5rden. Vid stranden hittar du Sk\u00e4rg\u00e5rdsmuseet med olika b\u00e5ttyper, redskap f\u00f6r jakt och fiske, b\u00e5tmotorer och ett b\u00e5tbyggeri. Uppe [&hellip;]","_links":{"self":[{"href":"https:\/\/visithoutskar.fi\/sv\/wp-json\/wp\/v2\/pages\/48161","targetHints":{"allow":["GET"]}}],"collection":[{"href":"https:\/\/visithoutskar.fi\/sv\/wp-json\/wp\/v2\/pages"}],"about":[{"href":"https:\/\/visithoutskar.fi\/sv\/wp-json\/wp\/v2\/types\/page"}],"author":[{"embeddable":true,"href":"https:\/\/visithoutskar.fi\/sv\/wp-json\/wp\/v2\/users\/1"}],"replies":[{"embeddable":true,"href":"https:\/\/visithoutskar.fi\/sv\/wp-json\/wp\/v2\/comments?post=48161"}],"version-history":[{"count":0,"href":"https:\/\/visithoutskar.fi\/sv\/wp-json\/wp\/v2\/pages\/48161\/revisions"}],"up":[{"embeddable":true,"href":"https:\/\/visithoutskar.fi\/sv\/wp-json\/wp\/v2\/pages\/48123"}],"wp:featuredmedia":[{"embeddable":true,"href":"https:\/\/visithoutskar.fi\/sv\/wp-json\/wp\/v2\/media\/47035"}],"wp:attachment":[{"href":"https:\/\/visithoutskar.fi\/sv\/wp-json\/wp\/v2\/media?parent=48161"}],"curies":[{"name":"wp","href":"https:\/\/api.w.org\/{rel}","templated":true}]}}