{"id":48165,"date":"2019-03-28T11:05:39","date_gmt":"2019-03-28T09:05:39","guid":{"rendered":"https:\/\/visithoutskar.fi\/se-upplev\/talonpoikaisveneet\/"},"modified":"2021-06-29T12:33:19","modified_gmt":"2021-06-29T09:33:19","slug":"allmogebatar","status":"publish","type":"page","link":"https:\/\/visithoutskar.fi\/sv\/se-upplev\/allmogebatar\/","title":{"rendered":"Allmogeb\u00e5tar"},"content":{"rendered":"<p>I Houtsk\u00e4r finns det gott om vackra allmogeb\u00e5tar. De flesta \u00e4r gamla b\u00e5tar som tidigare har anv\u00e4nts som bruksb\u00e5tar, men det finns \u00e4ven n\u00e5gra nybyggda.<\/p>\n<p>N\u00e4stan varje veckoslut under sommaren ordnas det allmogeseglingst\u00e4vlingar i Houtsk\u00e4r eller i trakterna omkring, dvs i Ini\u00f6, Korpo, Gustavs och N\u00e5dendal. F\u00f6reningen <em>Houtsk\u00e4rs allmogeseglare rf<\/em> (<em>HAS<\/em>) samlar allmogeb\u00e5tsintresserade och \u00e4r arrang\u00f6r f\u00f6r en \u00e5rlig segelt\u00e4vling som h\u00e5lls i samband med Houtsk\u00e4rsdagarna.<\/p>\n<p><a href=\"https:\/\/visithoutskar.fi\/wp-content\/uploads\/2021\/06\/talonpoikaisveneet_kollaasi1.jpg\"><img decoding=\"async\" class=\"wp-image-51552 size-large aligncenter\" src=\"https:\/\/visithoutskar.fi\/wp-content\/uploads\/2021\/06\/talonpoikaisveneet_kollaasi1-1024x183.jpg\" alt=\"\" width=\"1024\" height=\"183\" srcset=\"https:\/\/visithoutskar.fi\/wp-content\/uploads\/2021\/06\/talonpoikaisveneet_kollaasi1-1024x183.jpg 1024w, https:\/\/visithoutskar.fi\/wp-content\/uploads\/2021\/06\/talonpoikaisveneet_kollaasi1-300x54.jpg 300w, https:\/\/visithoutskar.fi\/wp-content\/uploads\/2021\/06\/talonpoikaisveneet_kollaasi1-768x137.jpg 768w, https:\/\/visithoutskar.fi\/wp-content\/uploads\/2021\/06\/talonpoikaisveneet_kollaasi1-1536x274.jpg 1536w, https:\/\/visithoutskar.fi\/wp-content\/uploads\/2021\/06\/talonpoikaisveneet_kollaasi1.jpg 1816w\" sizes=\"(max-width: 1024px) 100vw, 1024px\" \/><\/a><\/p>\n<p>Den genom tiderna \u00e4ldsta \u00e5rliga kappseglingen i Finland \u00e4r kappseglingen f\u00f6r allmogeb\u00e5tar i Bolof-sund vid Kittuis i juli, som har arrangerats varje \u00e5r sen 1910-talet, \u00e4ven under krigs\u00e5ren. Man brukar avsluta s\u00e4songen med en kappsegling i Mossala under forneldsveckoslutet i slutet av augusti, den s.k. Storn\u00e4sseglingen, ordnad av Houtsk\u00e4rs B\u00e5tklubb rf (<em>HBK<\/em>).<\/p>\n<p>Det \u00e4r en m\u00e4ktig upplevelse att se hur de vackra b\u00e5tarna kryssar genom vinden. Missa inte detta unika tillf\u00e4lle om du \u00e4r i Houtsk\u00e4r under en allmogesegling!<\/p>\n<p><strong><a href=\"http:\/\/www.houtskarsallmogeseglare.net\/index.html\" target=\"_blank\" rel=\"noopener\">Houtsk\u00e4rs allmogeseglare rf<\/a><\/strong><\/p>\n","protected":false},"excerpt":{"rendered":"<p>I Houtsk\u00e4r finns det gott om vackra allmogeb\u00e5tar. De flesta \u00e4r gamla b\u00e5tar som tidigare har anv\u00e4nts som bruksb\u00e5tar, men det finns \u00e4ven n\u00e5gra nybyggda. N\u00e4stan varje veckoslut under sommaren [&hellip;]<\/p>\n","protected":false},"author":1,"featured_media":51201,"parent":48123,"menu_order":0,"comment_status":"closed","ping_status":"closed","template":"","meta":{"_uag_custom_page_level_css":"","site-sidebar-layout":"default","site-content-layout":"default","ast-site-content-layout":"default","site-content-style":"default","site-sidebar-style":"default","ast-global-header-display":"","ast-banner-title-visibility":"","ast-main-header-display":"","ast-hfb-above-header-display":"","ast-hfb-below-header-display":"","ast-hfb-mobile-header-display":"","site-post-title":"","ast-breadcrumbs-content":"","ast-featured-img":"","footer-sml-layout":"","ast-disable-related-posts":"","theme-transparent-header-meta":"default","adv-header-id-meta":"","stick-header-meta":"default","header-above-stick-meta":"","header-main-stick-meta":"","header-below-stick-meta":"","astra-migrate-meta-layouts":"default","ast-page-background-enabled":"default","ast-page-background-meta":{"desktop":{"background-color":"","background-image":"","background-repeat":"repeat","background-position":"center center","background-size":"auto","background-attachment":"scroll","background-type":"","background-media":"","overlay-type":"","overlay-color":"","overlay-opacity":"","overlay-gradient":""},"tablet":{"background-color":"","background-image":"","background-repeat":"repeat","background-position":"center center","background-size":"auto","background-attachment":"scroll","background-type":"","background-media":"","overlay-type":"","overlay-color":"","overlay-opacity":"","overlay-gradient":""},"mobile":{"background-color":"","background-image":"","background-repeat":"repeat","background-position":"center center","background-size":"auto","background-attachment":"scroll","background-type":"","background-media":"","overlay-type":"","overlay-color":"","overlay-opacity":"","overlay-gradient":""}},"ast-content-background-meta":{"desktop":{"background-color":"var(--ast-global-color-5)","background-image":"","background-repeat":"repeat","background-position":"center center","background-size":"auto","background-attachment":"scroll","background-type":"","background-media":"","overlay-type":"","overlay-color":"","overlay-opacity":"","overlay-gradient":""},"tablet":{"background-color":"var(--ast-global-color-5)","background-image":"","background-repeat":"repeat","background-position":"center center","background-size":"auto","background-attachment":"scroll","background-type":"","background-media":"","overlay-type":"","overlay-color":"","overlay-opacity":"","overlay-gradient":""},"mobile":{"background-color":"var(--ast-global-color-5)","background-image":"","background-repeat":"repeat","background-position":"center center","background-size":"auto","background-attachment":"scroll","background-type":"","background-media":"","overlay-type":"","overlay-color":"","overlay-opacity":"","overlay-gradient":""}},"footnotes":""},"class_list":["post-48165","page","type-page","status-publish","has-post-thumbnail","hentry"],"uagb_featured_image_src":{"full":["https:\/\/visithoutskar.fi\/wp-content\/uploads\/2021\/05\/talonpoikaisveneet2.jpg",1107,567,false],"thumbnail":["https:\/\/visithoutskar.fi\/wp-content\/uploads\/2021\/05\/talonpoikaisveneet2-150x150.jpg",150,150,true],"medium":["https:\/\/visithoutskar.fi\/wp-content\/uploads\/2021\/05\/talonpoikaisveneet2-300x154.jpg",300,154,true],"medium_large":["https:\/\/visithoutskar.fi\/wp-content\/uploads\/2021\/05\/talonpoikaisveneet2-768x393.jpg",768,393,true],"large":["https:\/\/visithoutskar.fi\/wp-content\/uploads\/2021\/05\/talonpoikaisveneet2-1024x524.jpg",1024,524,true],"gs-tiny":["https:\/\/visithoutskar.fi\/wp-content\/uploads\/2021\/05\/talonpoikaisveneet2.jpg",50,26,false],"xl":["https:\/\/visithoutskar.fi\/wp-content\/uploads\/2021\/05\/talonpoikaisveneet2.jpg",1107,567,false],"xxl":["https:\/\/visithoutskar.fi\/wp-content\/uploads\/2021\/05\/talonpoikaisveneet2.jpg",1107,567,false],"xxxl":["https:\/\/visithoutskar.fi\/wp-content\/uploads\/2021\/05\/talonpoikaisveneet2.jpg",1107,567,false],"xxxxl":["https:\/\/visithoutskar.fi\/wp-content\/uploads\/2021\/05\/talonpoikaisveneet2.jpg",1107,567,false],"xxxxxl":["https:\/\/visithoutskar.fi\/wp-content\/uploads\/2021\/05\/talonpoikaisveneet2.jpg",1107,567,false],"1536x1536":["https:\/\/visithoutskar.fi\/wp-content\/uploads\/2021\/05\/talonpoikaisveneet2.jpg",1107,567,false],"2048x2048":["https:\/\/visithoutskar.fi\/wp-content\/uploads\/2021\/05\/talonpoikaisveneet2.jpg",1107,567,false]},"uagb_author_info":{"display_name":"admin","author_link":"https:\/\/visithoutskar.fi\/sv\/author\/frank\/"},"uagb_comment_info":0,"uagb_excerpt":"I Houtsk\u00e4r finns det gott om vackra allmogeb\u00e5tar. De flesta \u00e4r gamla b\u00e5tar som tidigare har anv\u00e4nts som bruksb\u00e5tar, men det finns \u00e4ven n\u00e5gra nybyggda. N\u00e4stan varje veckoslut under sommaren [&hellip;]","_links":{"self":[{"href":"https:\/\/visithoutskar.fi\/sv\/wp-json\/wp\/v2\/pages\/48165","targetHints":{"allow":["GET"]}}],"collection":[{"href":"https:\/\/visithoutskar.fi\/sv\/wp-json\/wp\/v2\/pages"}],"about":[{"href":"https:\/\/visithoutskar.fi\/sv\/wp-json\/wp\/v2\/types\/page"}],"author":[{"embeddable":true,"href":"https:\/\/visithoutskar.fi\/sv\/wp-json\/wp\/v2\/users\/1"}],"replies":[{"embeddable":true,"href":"https:\/\/visithoutskar.fi\/sv\/wp-json\/wp\/v2\/comments?post=48165"}],"version-history":[{"count":0,"href":"https:\/\/visithoutskar.fi\/sv\/wp-json\/wp\/v2\/pages\/48165\/revisions"}],"up":[{"embeddable":true,"href":"https:\/\/visithoutskar.fi\/sv\/wp-json\/wp\/v2\/pages\/48123"}],"wp:featuredmedia":[{"embeddable":true,"href":"https:\/\/visithoutskar.fi\/sv\/wp-json\/wp\/v2\/media\/51201"}],"wp:attachment":[{"href":"https:\/\/visithoutskar.fi\/sv\/wp-json\/wp\/v2\/media?parent=48165"}],"curies":[{"name":"wp","href":"https:\/\/api.w.org\/{rel}","templated":true}]}}