{"id":48178,"date":"2019-04-16T11:41:36","date_gmt":"2019-04-16T08:41:36","guid":{"rendered":"https:\/\/visithoutskar.fi\/tyo-asuminen\/"},"modified":"2021-06-24T14:06:46","modified_gmt":"2021-06-24T11:06:46","slug":"jobb-boende","status":"publish","type":"page","link":"https:\/\/visithoutskar.fi\/sv\/jobb-boende\/","title":{"rendered":"Jobb &#038; Boende"},"content":{"rendered":"<p><strong>Arbete<\/strong><\/p>\n<p><a href=\"https:\/\/www.pargas.fi\/sv\/web\/pargas\/lediga-jobb\" target=\"_blank\" rel=\"noopener\">P\u00e5 Pargas sidan hittar du lediga jobb<\/a><\/p>\n<p><strong>Tomter<\/strong><\/p>\n<p><a href=\"https:\/\/www.pargas.fi\/web\/inflyttare\/boende\/tomter\/sv_SE\/nasbyhoutskar\/\" target=\"_blank\" rel=\"noopener noreferrer\">Egnahemstomter, N\u00e4sby<\/a><\/p>\n<p><strong>Hyresbostader<\/strong><\/p>\n<p><a href=\"https:\/\/arkihem.fi\/?lang=sv\" target=\"_blank\" rel=\"noopener noreferrer\">V\u00e4st\u00e5bolands Hyreshus Ab<\/a><\/p>\n<p>__________________________________<\/p>\n","protected":false},"excerpt":{"rendered":"<p>Arbete P\u00e5 Pargas sidan hittar du lediga jobb Tomter Egnahemstomter, N\u00e4sby Hyresbostader V\u00e4st\u00e5bolands Hyreshus Ab __________________________________<\/p>\n","protected":false},"author":1,"featured_media":51396,"parent":0,"menu_order":2,"comment_status":"closed","ping_status":"closed","template":"","meta":{"_uag_custom_page_level_css":"","site-sidebar-layout":"default","site-content-layout":"default","ast-site-content-layout":"default","site-content-style":"default","site-sidebar-style":"default","ast-global-header-display":"","ast-banner-title-visibility":"","ast-main-header-display":"","ast-hfb-above-header-display":"","ast-hfb-below-header-display":"","ast-hfb-mobile-header-display":"","site-post-title":"","ast-breadcrumbs-content":"","ast-featured-img":"","footer-sml-layout":"","ast-disable-related-posts":"","theme-transparent-header-meta":"default","adv-header-id-meta":"","stick-header-meta":"default","header-above-stick-meta":"","header-main-stick-meta":"","header-below-stick-meta":"","astra-migrate-meta-layouts":"default","ast-page-background-enabled":"default","ast-page-background-meta":{"desktop":{"background-color":"","background-image":"","background-repeat":"repeat","background-position":"center center","background-size":"auto","background-attachment":"scroll","background-type":"","background-media":"","overlay-type":"","overlay-color":"","overlay-opacity":"","overlay-gradient":""},"tablet":{"background-color":"","background-image":"","background-repeat":"repeat","background-position":"center center","background-size":"auto","background-attachment":"scroll","background-type":"","background-media":"","overlay-type":"","overlay-color":"","overlay-opacity":"","overlay-gradient":""},"mobile":{"background-color":"","background-image":"","background-repeat":"repeat","background-position":"center center","background-size":"auto","background-attachment":"scroll","background-type":"","background-media":"","overlay-type":"","overlay-color":"","overlay-opacity":"","overlay-gradient":""}},"ast-content-background-meta":{"desktop":{"background-color":"var(--ast-global-color-5)","background-image":"","background-repeat":"repeat","background-position":"center center","background-size":"auto","background-attachment":"scroll","background-type":"","background-media":"","overlay-type":"","overlay-color":"","overlay-opacity":"","overlay-gradient":""},"tablet":{"background-color":"var(--ast-global-color-5)","background-image":"","background-repeat":"repeat","background-position":"center center","background-size":"auto","background-attachment":"scroll","background-type":"","background-media":"","overlay-type":"","overlay-color":"","overlay-opacity":"","overlay-gradient":""},"mobile":{"background-color":"var(--ast-global-color-5)","background-image":"","background-repeat":"repeat","background-position":"center center","background-size":"auto","background-attachment":"scroll","background-type":"","background-media":"","overlay-type":"","overlay-color":"","overlay-opacity":"","overlay-gradient":""}},"footnotes":""},"class_list":["post-48178","page","type-page","status-publish","has-post-thumbnail","hentry"],"uagb_featured_image_src":{"full":["https:\/\/visithoutskar.fi\/wp-content\/uploads\/2021\/06\/houtskari_fiske.jpg",1330,554,false],"thumbnail":["https:\/\/visithoutskar.fi\/wp-content\/uploads\/2021\/06\/houtskari_fiske-150x150.jpg",150,150,true],"medium":["https:\/\/visithoutskar.fi\/wp-content\/uploads\/2021\/06\/houtskari_fiske-300x125.jpg",300,125,true],"medium_large":["https:\/\/visithoutskar.fi\/wp-content\/uploads\/2021\/06\/houtskari_fiske-768x320.jpg",768,320,true],"large":["https:\/\/visithoutskar.fi\/wp-content\/uploads\/2021\/06\/houtskari_fiske-1024x427.jpg",1024,427,true],"gs-tiny":["https:\/\/visithoutskar.fi\/wp-content\/uploads\/2021\/06\/houtskari_fiske.jpg",50,21,false],"xl":["https:\/\/visithoutskar.fi\/wp-content\/uploads\/2021\/06\/houtskari_fiske.jpg",1330,554,false],"xxl":["https:\/\/visithoutskar.fi\/wp-content\/uploads\/2021\/06\/houtskari_fiske.jpg",1330,554,false],"xxxl":["https:\/\/visithoutskar.fi\/wp-content\/uploads\/2021\/06\/houtskari_fiske.jpg",1330,554,false],"xxxxl":["https:\/\/visithoutskar.fi\/wp-content\/uploads\/2021\/06\/houtskari_fiske.jpg",1330,554,false],"xxxxxl":["https:\/\/visithoutskar.fi\/wp-content\/uploads\/2021\/06\/houtskari_fiske.jpg",1330,554,false],"1536x1536":["https:\/\/visithoutskar.fi\/wp-content\/uploads\/2021\/06\/houtskari_fiske.jpg",1330,554,false],"2048x2048":["https:\/\/visithoutskar.fi\/wp-content\/uploads\/2021\/06\/houtskari_fiske.jpg",1330,554,false]},"uagb_author_info":{"display_name":"admin","author_link":"https:\/\/visithoutskar.fi\/sv\/author\/frank\/"},"uagb_comment_info":0,"uagb_excerpt":"Arbete P\u00e5 Pargas sidan hittar du lediga jobb Tomter Egnahemstomter, N\u00e4sby Hyresbostader V\u00e4st\u00e5bolands Hyreshus Ab __________________________________","_links":{"self":[{"href":"https:\/\/visithoutskar.fi\/sv\/wp-json\/wp\/v2\/pages\/48178","targetHints":{"allow":["GET"]}}],"collection":[{"href":"https:\/\/visithoutskar.fi\/sv\/wp-json\/wp\/v2\/pages"}],"about":[{"href":"https:\/\/visithoutskar.fi\/sv\/wp-json\/wp\/v2\/types\/page"}],"author":[{"embeddable":true,"href":"https:\/\/visithoutskar.fi\/sv\/wp-json\/wp\/v2\/users\/1"}],"replies":[{"embeddable":true,"href":"https:\/\/visithoutskar.fi\/sv\/wp-json\/wp\/v2\/comments?post=48178"}],"version-history":[{"count":0,"href":"https:\/\/visithoutskar.fi\/sv\/wp-json\/wp\/v2\/pages\/48178\/revisions"}],"wp:featuredmedia":[{"embeddable":true,"href":"https:\/\/visithoutskar.fi\/sv\/wp-json\/wp\/v2\/media\/51396"}],"wp:attachment":[{"href":"https:\/\/visithoutskar.fi\/sv\/wp-json\/wp\/v2\/media?parent=48178"}],"curies":[{"name":"wp","href":"https:\/\/api.w.org\/{rel}","templated":true}]}}