{"id":48195,"date":"2019-05-13T11:33:43","date_gmt":"2019-05-13T08:33:43","guid":{"rendered":"https:\/\/visithoutskar.fi\/fritid\/liikunta-ja-urheilu\/"},"modified":"2021-08-24T13:45:23","modified_gmt":"2021-08-24T10:45:23","slug":"motion-idrott","status":"publish","type":"page","link":"https:\/\/visithoutskar.fi\/sv\/fritid\/motion-idrott\/","title":{"rendered":"Motion &#038; Idrott"},"content":{"rendered":"<p><strong>Houtsk\u00e4rs Idrottsf\u00f6rening<\/strong><\/p>\n<p><a href=\"https:\/\/www.facebook.com\/HIFFEN\/\" target=\"_blank\" rel=\"noopener noreferrer\">https:\/\/www.facebook.com\/HIFFEN\/<\/a><\/p>\n<p><strong>Motionsbana<\/strong><\/p>\n<p>Motionsbanan och naturstigens utg\u00e5nspunkt hittar du vid Tr\u00e4sk skola. <em>Houtsk\u00e4rv\u00e4gen 258.<\/em><\/p>\n<p><strong>Miniareena<a href=\"https:\/\/visithoutskar.fi\/wp-content\/uploads\/2021\/06\/Gymmet.jpg\"><img decoding=\"async\" class=\"size-medium wp-image-51819 alignright\" src=\"https:\/\/visithoutskar.fi\/wp-content\/uploads\/2021\/06\/Gymmet-225x300.jpg\" alt=\"\" width=\"225\" height=\"300\" srcset=\"https:\/\/visithoutskar.fi\/wp-content\/uploads\/2021\/06\/Gymmet-225x300.jpg 225w, https:\/\/visithoutskar.fi\/wp-content\/uploads\/2021\/06\/Gymmet.jpg 360w\" sizes=\"(max-width: 225px) 100vw, 225px\" \/><\/a><\/strong><\/p>\n<p>P\u00e5 Miniareenan kan du tr\u00e4na lagsport. <em>Houtsk\u00e4rv\u00e4gen 258.<\/em><\/p>\n<p><strong>Idrottshall &amp; Gym<\/strong><\/p>\n<p>Gymmet hittar du vid Tr\u00e4sk skola. <em>Houtsk\u00e4rv\u00e4gen 258. tel. 040 488 5781<\/em><\/p>\n<p><strong>Idrottsplan<\/strong><\/p>\n\n\n<p>Houtsk\u00e4rs idrottsplan hittar du vid N\u00e4sby, i korsningen av \u00c4ngesv\u00e4gen och Saverkeitv\u00e4gen brevid helikopterplattan.<\/p>\n\n\n\n<p>___________________<\/p>\n\n\n\n<p><strong>Vandringsleder, naturstigar och motionsbanor<\/strong><\/p>\n\n\n\n<figure class=\"wp-block-image size-large\"><a href=\"https:\/\/visithoutskar.fi\/wp-content\/uploads\/2021\/08\/idrotskollaasi.jpg\"><img decoding=\"async\" width=\"1024\" height=\"205\" src=\"https:\/\/visithoutskar.fi\/wp-content\/uploads\/2021\/08\/idrotskollaasi-1024x205.jpg\" alt=\"\" class=\"wp-image-51976\" srcset=\"https:\/\/visithoutskar.fi\/wp-content\/uploads\/2021\/08\/idrotskollaasi-1024x205.jpg 1024w, https:\/\/visithoutskar.fi\/wp-content\/uploads\/2021\/08\/idrotskollaasi-300x60.jpg 300w, https:\/\/visithoutskar.fi\/wp-content\/uploads\/2021\/08\/idrotskollaasi-768x153.jpg 768w, https:\/\/visithoutskar.fi\/wp-content\/uploads\/2021\/08\/idrotskollaasi-1600x320.jpg 1600w, https:\/\/visithoutskar.fi\/wp-content\/uploads\/2021\/08\/idrotskollaasi-1536x307.jpg 1536w, https:\/\/visithoutskar.fi\/wp-content\/uploads\/2021\/08\/idrotskollaasi.jpg 1752w\" sizes=\"(max-width: 1024px) 100vw, 1024px\" \/><\/a><\/figure>\n\n\n\n<p><strong>1. Kulturstigen<\/strong><\/p>\n\n\n\n<p>&#8211; En ca 2 km l\u00e5ng l\u00e4ttframkomlig stig i N\u00e4sby centrum med 10 informa-tionstavlor p\u00e5 tre spr\u00e5k om lokalhistoria<\/p>\n\n\n\n<p><strong>2. Meditationsstigen<\/strong><\/p>\n\n\n\n<p>&#8211; En tv\u00e5delad vandringsstig som b\u00f6rjar vid kyrkomuren och g\u00e5r l\u00e4ngs med stranden och kommer upp endera vid pr\u00e4stg\u00e5rden (<em>r\u00f6da stigen, ca 0,5 km<\/em>) eller vid Vitteludd (<em>r\u00f6da + bl\u00e5a stigen, ca 1,5 km<\/em>) och forts\u00e4tter tillbaks till kyrkan<\/p>\n\n\n\n<p>&#8211; Inuti i kyrkan finns det info om stigen och dess syfte p\u00e5 tre spr\u00e5k<\/p>\n\n\n\n<p><strong>3. Mossala vandringsled<\/strong><\/p>\n\n\n\n<p>&#8211; En skogsstig som \u00e4r under uppbyggnad och ska g\u00e5 \u00f6ver hela Mossala udde<\/p>\n\n\n\n<p>&#8211; Start fr\u00e5n Mossala Island Resorts reception, <em>mer info 050 347 7658<\/em><\/p>\n\n\n\n<p><strong>4. N\u00e5t\u00f6 naturstig<\/strong><\/p>\n\n\n\n<p>&#8211; En ca 2,5 km l\u00e5ng stig \u00f6ver ur\u00e5ldriga berg med brons\u00e5ldersgravar och vindpinade tallar ute p\u00e5 \u00f6n N\u00e5t\u00f6 bredvid Skiftet mot \u00c5land<\/p>\n\n\n\n<p>&#8211; Till N\u00e5t\u00f6 kommer du med egen b\u00e5t eller genom att ta f\u00f6rbindelseb\u00e5ten Karolina eller Satava fr\u00e5n Roslax (<em>OBS! M\u00e5ste bokas dagen f\u00f6re<\/em>!)<\/p>\n\n\n\n<p><em>&#8211; Mer info av Lilian Lundell p\u00e5 Sammels G\u00e5rdsturism, 040 565 6084<\/em><\/p>\n\n\n\n<p><strong>5. Tr\u00e4sk motionsbana<\/strong><\/p>\n\n\n\n<p>&#8211; Tv\u00e5 motionsslingor i skogen ovanf\u00f6r Tr\u00e4sk skola, b\u00e5da ca 1,5 km l\u00e5nga<\/p>\n","protected":false},"excerpt":{"rendered":"<p>Houtsk\u00e4rs Idrottsf\u00f6rening https:\/\/www.facebook.com\/HIFFEN\/ Motionsbana Motionsbanan och naturstigens utg\u00e5nspunkt hittar du vid Tr\u00e4sk skola. Houtsk\u00e4rv\u00e4gen 258. Miniareena P\u00e5 Miniareenan kan du tr\u00e4na lagsport. Houtsk\u00e4rv\u00e4gen 258. Idrottshall &amp; Gym Gymmet hittar du [&hellip;]<\/p>\n","protected":false},"author":1,"featured_media":52003,"parent":48184,"menu_order":0,"comment_status":"closed","ping_status":"closed","template":"","meta":{"_uag_custom_page_level_css":"","site-sidebar-layout":"default","site-content-layout":"default","ast-site-content-layout":"default","site-content-style":"default","site-sidebar-style":"default","ast-global-header-display":"","ast-banner-title-visibility":"","ast-main-header-display":"","ast-hfb-above-header-display":"","ast-hfb-below-header-display":"","ast-hfb-mobile-header-display":"","site-post-title":"","ast-breadcrumbs-content":"","ast-featured-img":"","footer-sml-layout":"","ast-disable-related-posts":"","theme-transparent-header-meta":"default","adv-header-id-meta":"","stick-header-meta":"default","header-above-stick-meta":"","header-main-stick-meta":"","header-below-stick-meta":"","astra-migrate-meta-layouts":"default","ast-page-background-enabled":"default","ast-page-background-meta":{"desktop":{"background-color":"","background-image":"","background-repeat":"repeat","background-position":"center center","background-size":"auto","background-attachment":"scroll","background-type":"","background-media":"","overlay-type":"","overlay-color":"","overlay-opacity":"","overlay-gradient":""},"tablet":{"background-color":"","background-image":"","background-repeat":"repeat","background-position":"center center","background-size":"auto","background-attachment":"scroll","background-type":"","background-media":"","overlay-type":"","overlay-color":"","overlay-opacity":"","overlay-gradient":""},"mobile":{"background-color":"","background-image":"","background-repeat":"repeat","background-position":"center center","background-size":"auto","background-attachment":"scroll","background-type":"","background-media":"","overlay-type":"","overlay-color":"","overlay-opacity":"","overlay-gradient":""}},"ast-content-background-meta":{"desktop":{"background-color":"var(--ast-global-color-5)","background-image":"","background-repeat":"repeat","background-position":"center center","background-size":"auto","background-attachment":"scroll","background-type":"","background-media":"","overlay-type":"","overlay-color":"","overlay-opacity":"","overlay-gradient":""},"tablet":{"background-color":"var(--ast-global-color-5)","background-image":"","background-repeat":"repeat","background-position":"center center","background-size":"auto","background-attachment":"scroll","background-type":"","background-media":"","overlay-type":"","overlay-color":"","overlay-opacity":"","overlay-gradient":""},"mobile":{"background-color":"var(--ast-global-color-5)","background-image":"","background-repeat":"repeat","background-position":"center center","background-size":"auto","background-attachment":"scroll","background-type":"","background-media":"","overlay-type":"","overlay-color":"","overlay-opacity":"","overlay-gradient":""}},"footnotes":""},"class_list":["post-48195","page","type-page","status-publish","has-post-thumbnail","hentry"],"uagb_featured_image_src":{"full":["https:\/\/visithoutskar.fi\/wp-content\/uploads\/2021\/08\/Mossala-fotbollsplan2-scaled.jpg",2560,956,false],"thumbnail":["https:\/\/visithoutskar.fi\/wp-content\/uploads\/2021\/08\/Mossala-fotbollsplan2-150x150.jpg",150,150,true],"medium":["https:\/\/visithoutskar.fi\/wp-content\/uploads\/2021\/08\/Mossala-fotbollsplan2-300x112.jpg",300,112,true],"medium_large":["https:\/\/visithoutskar.fi\/wp-content\/uploads\/2021\/08\/Mossala-fotbollsplan2-768x287.jpg",768,287,true],"large":["https:\/\/visithoutskar.fi\/wp-content\/uploads\/2021\/08\/Mossala-fotbollsplan2-1024x382.jpg",1024,382,true],"gs-tiny":["https:\/\/visithoutskar.fi\/wp-content\/uploads\/2021\/08\/Mossala-fotbollsplan2-scaled.jpg",50,19,false],"xl":["https:\/\/visithoutskar.fi\/wp-content\/uploads\/2021\/08\/Mossala-fotbollsplan2-1600x598.jpg",1600,598,true],"xxl":["https:\/\/visithoutskar.fi\/wp-content\/uploads\/2021\/08\/Mossala-fotbollsplan2-2200x822.jpg",2200,822,true],"xxxl":["https:\/\/visithoutskar.fi\/wp-content\/uploads\/2021\/08\/Mossala-fotbollsplan2-2800x1046.jpg",2800,1046,true],"xxxxl":["https:\/\/visithoutskar.fi\/wp-content\/uploads\/2021\/08\/Mossala-fotbollsplan2-scaled.jpg",2560,956,false],"xxxxxl":["https:\/\/visithoutskar.fi\/wp-content\/uploads\/2021\/08\/Mossala-fotbollsplan2-scaled.jpg",2560,956,false],"1536x1536":["https:\/\/visithoutskar.fi\/wp-content\/uploads\/2021\/08\/Mossala-fotbollsplan2-1536x574.jpg",1536,574,true],"2048x2048":["https:\/\/visithoutskar.fi\/wp-content\/uploads\/2021\/08\/Mossala-fotbollsplan2-2048x765.jpg",2048,765,true]},"uagb_author_info":{"display_name":"admin","author_link":"https:\/\/visithoutskar.fi\/sv\/author\/frank\/"},"uagb_comment_info":0,"uagb_excerpt":"Houtsk\u00e4rs Idrottsf\u00f6rening https:\/\/www.facebook.com\/HIFFEN\/ Motionsbana Motionsbanan och naturstigens utg\u00e5nspunkt hittar du vid Tr\u00e4sk skola. Houtsk\u00e4rv\u00e4gen 258. Miniareena P\u00e5 Miniareenan kan du tr\u00e4na lagsport. Houtsk\u00e4rv\u00e4gen 258. Idrottshall &amp; Gym Gymmet hittar du [&hellip;]","_links":{"self":[{"href":"https:\/\/visithoutskar.fi\/sv\/wp-json\/wp\/v2\/pages\/48195","targetHints":{"allow":["GET"]}}],"collection":[{"href":"https:\/\/visithoutskar.fi\/sv\/wp-json\/wp\/v2\/pages"}],"about":[{"href":"https:\/\/visithoutskar.fi\/sv\/wp-json\/wp\/v2\/types\/page"}],"author":[{"embeddable":true,"href":"https:\/\/visithoutskar.fi\/sv\/wp-json\/wp\/v2\/users\/1"}],"replies":[{"embeddable":true,"href":"https:\/\/visithoutskar.fi\/sv\/wp-json\/wp\/v2\/comments?post=48195"}],"version-history":[{"count":0,"href":"https:\/\/visithoutskar.fi\/sv\/wp-json\/wp\/v2\/pages\/48195\/revisions"}],"up":[{"embeddable":true,"href":"https:\/\/visithoutskar.fi\/sv\/wp-json\/wp\/v2\/pages\/48184"}],"wp:featuredmedia":[{"embeddable":true,"href":"https:\/\/visithoutskar.fi\/sv\/wp-json\/wp\/v2\/media\/52003"}],"wp:attachment":[{"href":"https:\/\/visithoutskar.fi\/sv\/wp-json\/wp\/v2\/media?parent=48195"}],"curies":[{"name":"wp","href":"https:\/\/api.w.org\/{rel}","templated":true}]}}