{"id":48201,"date":"2019-05-03T19:07:25","date_gmt":"2019-05-03T16:07:25","guid":{"rendered":"https:\/\/visithoutskar.fi\/fritid\/saariston-kombi\/"},"modified":"2019-11-21T01:40:50","modified_gmt":"2019-11-20T23:40:50","slug":"skargardens-kombi","status":"publish","type":"page","link":"https:\/\/visithoutskar.fi\/sv\/fritid\/skargardens-kombi\/","title":{"rendered":"Sk\u00e4rg\u00e5rdens Kombi"},"content":{"rendered":"<p><strong>Vi \u00e4r Medborgarinstitutet Kombi, det \u00e4r vi och v\u00e5ra fantastiska l\u00e4rare!<\/strong><\/p>\n<p>Vi drivs av vilja att erbjuda inv\u00e5narna nya kunskaper genom hela livet. Valfriheten \u00e4r v\u00e5rt trumfkort, inv\u00e5naren har f\u00f6rm\u00e5nen att kunna v\u00e4lja och vraka i v\u00e5rt breda kursutbud. Vi vill vara den som g\u00f6r det m\u00f6jligt. Det har vi gjort i \u00f6ver 70 \u00e5r och det ska vi forts\u00e4tta g\u00f6ra.<\/p>\n<p>Sk\u00e4rg\u00e5rdens Saariston Kombi ordnar kurser runt hela Pargas stadsomr\u00e5de. I Houtsk\u00e4r ordnar vi \u00e5rligen ca. 600 lektioner olika sorters kurser; b\u00e5de l\u00e5nga och korta. Till de gamla favoriterna h\u00f6r M\u00f6belrenovering, V\u00e4vning och b\u00e5tbyggeri. \u00c4ven de olika sorters gympakurserna har alltid varit lika popul\u00e4ra. Vi har ocks\u00e5 ordnat en hel del kortkurser som matkurser, hundkurser, handarbetskurser.<\/p>\n<p>Vi skickar en kurskatalog till varje hem tv\u00e5 g\u00e5nger per \u00e5r. H\u00f6stens anm\u00e4lning \u00e4r i slutet av augusti och v\u00e5rens i b\u00f6rjan av januari. Du kan \u00e4ven studera v\u00e5rt kursutbud p\u00e5 v\u00e5r <a href=\"https:\/\/kombi.pargas.fi\/startsida\/\" target=\"_blank\" rel=\"noopener noreferrer\">hemsida<\/a>. Aktuella grejer p\u00e5 g\u00e5ng hittar du p\u00e5 v\u00e5r <a href=\"http:\/\/www.facebook.com\/skargardens.kombi\" target=\"_blank\" rel=\"noopener noreferrer\">Facebook-sida<\/a>.<\/p>\n<p>Vi \u00e4r h\u00e4r f\u00f6r dig! Har du kurs\u00f6nskem\u00e5l s\u00e5 kom och h\u00e4lsa p\u00e5. Institutsekreteraren sitter fr\u00e5n m\u00e5ndag till onsdag p\u00e5 omr\u00e5deskontoret. Och vill du sj\u00e4lv bli en Kombi-l\u00e4rare s\u00e5 l\u00e5t oss veta om det.<\/p>\n<p><em>Vi vill vara b\u00e4st och det har vi som agenda varje dag, och vi g\u00f6r det med leende p\u00e5 l\u00e4pparna.<\/em><\/p>\n","protected":false},"excerpt":{"rendered":"<p>Vi \u00e4r Medborgarinstitutet Kombi, det \u00e4r vi och v\u00e5ra fantastiska l\u00e4rare! Vi drivs av vilja att erbjuda inv\u00e5narna nya kunskaper genom hela livet. Valfriheten \u00e4r v\u00e5rt trumfkort, inv\u00e5naren har f\u00f6rm\u00e5nen [&hellip;]<\/p>\n","protected":false},"author":1,"featured_media":51890,"parent":48184,"menu_order":0,"comment_status":"closed","ping_status":"closed","template":"","meta":{"_uag_custom_page_level_css":"","site-sidebar-layout":"default","site-content-layout":"default","ast-site-content-layout":"default","site-content-style":"default","site-sidebar-style":"default","ast-global-header-display":"","ast-banner-title-visibility":"","ast-main-header-display":"","ast-hfb-above-header-display":"","ast-hfb-below-header-display":"","ast-hfb-mobile-header-display":"","site-post-title":"","ast-breadcrumbs-content":"","ast-featured-img":"","footer-sml-layout":"","ast-disable-related-posts":"","theme-transparent-header-meta":"default","adv-header-id-meta":"","stick-header-meta":"default","header-above-stick-meta":"","header-main-stick-meta":"","header-below-stick-meta":"","astra-migrate-meta-layouts":"default","ast-page-background-enabled":"default","ast-page-background-meta":{"desktop":{"background-color":"","background-image":"","background-repeat":"repeat","background-position":"center center","background-size":"auto","background-attachment":"scroll","background-type":"","background-media":"","overlay-type":"","overlay-color":"","overlay-opacity":"","overlay-gradient":""},"tablet":{"background-color":"","background-image":"","background-repeat":"repeat","background-position":"center center","background-size":"auto","background-attachment":"scroll","background-type":"","background-media":"","overlay-type":"","overlay-color":"","overlay-opacity":"","overlay-gradient":""},"mobile":{"background-color":"","background-image":"","background-repeat":"repeat","background-position":"center center","background-size":"auto","background-attachment":"scroll","background-type":"","background-media":"","overlay-type":"","overlay-color":"","overlay-opacity":"","overlay-gradient":""}},"ast-content-background-meta":{"desktop":{"background-color":"var(--ast-global-color-5)","background-image":"","background-repeat":"repeat","background-position":"center center","background-size":"auto","background-attachment":"scroll","background-type":"","background-media":"","overlay-type":"","overlay-color":"","overlay-opacity":"","overlay-gradient":""},"tablet":{"background-color":"var(--ast-global-color-5)","background-image":"","background-repeat":"repeat","background-position":"center center","background-size":"auto","background-attachment":"scroll","background-type":"","background-media":"","overlay-type":"","overlay-color":"","overlay-opacity":"","overlay-gradient":""},"mobile":{"background-color":"var(--ast-global-color-5)","background-image":"","background-repeat":"repeat","background-position":"center center","background-size":"auto","background-attachment":"scroll","background-type":"","background-media":"","overlay-type":"","overlay-color":"","overlay-opacity":"","overlay-gradient":""}},"footnotes":""},"class_list":["post-48201","page","type-page","status-publish","has-post-thumbnail","hentry"],"uagb_featured_image_src":{"full":["https:\/\/visithoutskar.fi\/wp-content\/uploads\/2021\/06\/BATAR1.jpg",1304,628,false],"thumbnail":["https:\/\/visithoutskar.fi\/wp-content\/uploads\/2021\/06\/BATAR1-150x150.jpg",150,150,true],"medium":["https:\/\/visithoutskar.fi\/wp-content\/uploads\/2021\/06\/BATAR1-300x144.jpg",300,144,true],"medium_large":["https:\/\/visithoutskar.fi\/wp-content\/uploads\/2021\/06\/BATAR1-768x370.jpg",768,370,true],"large":["https:\/\/visithoutskar.fi\/wp-content\/uploads\/2021\/06\/BATAR1-1024x493.jpg",1024,493,true],"gs-tiny":["https:\/\/visithoutskar.fi\/wp-content\/uploads\/2021\/06\/BATAR1.jpg",50,24,false],"xl":["https:\/\/visithoutskar.fi\/wp-content\/uploads\/2021\/06\/BATAR1.jpg",1304,628,false],"xxl":["https:\/\/visithoutskar.fi\/wp-content\/uploads\/2021\/06\/BATAR1.jpg",1304,628,false],"xxxl":["https:\/\/visithoutskar.fi\/wp-content\/uploads\/2021\/06\/BATAR1.jpg",1304,628,false],"xxxxl":["https:\/\/visithoutskar.fi\/wp-content\/uploads\/2021\/06\/BATAR1.jpg",1304,628,false],"xxxxxl":["https:\/\/visithoutskar.fi\/wp-content\/uploads\/2021\/06\/BATAR1.jpg",1304,628,false],"1536x1536":["https:\/\/visithoutskar.fi\/wp-content\/uploads\/2021\/06\/BATAR1.jpg",1304,628,false],"2048x2048":["https:\/\/visithoutskar.fi\/wp-content\/uploads\/2021\/06\/BATAR1.jpg",1304,628,false]},"uagb_author_info":{"display_name":"admin","author_link":"https:\/\/visithoutskar.fi\/sv\/author\/frank\/"},"uagb_comment_info":0,"uagb_excerpt":"Vi \u00e4r Medborgarinstitutet Kombi, det \u00e4r vi och v\u00e5ra fantastiska l\u00e4rare! Vi drivs av vilja att erbjuda inv\u00e5narna nya kunskaper genom hela livet. Valfriheten \u00e4r v\u00e5rt trumfkort, inv\u00e5naren har f\u00f6rm\u00e5nen [&hellip;]","_links":{"self":[{"href":"https:\/\/visithoutskar.fi\/sv\/wp-json\/wp\/v2\/pages\/48201","targetHints":{"allow":["GET"]}}],"collection":[{"href":"https:\/\/visithoutskar.fi\/sv\/wp-json\/wp\/v2\/pages"}],"about":[{"href":"https:\/\/visithoutskar.fi\/sv\/wp-json\/wp\/v2\/types\/page"}],"author":[{"embeddable":true,"href":"https:\/\/visithoutskar.fi\/sv\/wp-json\/wp\/v2\/users\/1"}],"replies":[{"embeddable":true,"href":"https:\/\/visithoutskar.fi\/sv\/wp-json\/wp\/v2\/comments?post=48201"}],"version-history":[{"count":0,"href":"https:\/\/visithoutskar.fi\/sv\/wp-json\/wp\/v2\/pages\/48201\/revisions"}],"up":[{"embeddable":true,"href":"https:\/\/visithoutskar.fi\/sv\/wp-json\/wp\/v2\/pages\/48184"}],"wp:featuredmedia":[{"embeddable":true,"href":"https:\/\/visithoutskar.fi\/sv\/wp-json\/wp\/v2\/media\/51890"}],"wp:attachment":[{"href":"https:\/\/visithoutskar.fi\/sv\/wp-json\/wp\/v2\/media?parent=48201"}],"curies":[{"name":"wp","href":"https:\/\/api.w.org\/{rel}","templated":true}]}}