{"id":50244,"date":"2019-11-25T22:18:59","date_gmt":"2019-11-25T20:18:59","guid":{"rendered":"https:\/\/visithoutskar.fi\/?page_id=50244"},"modified":"2021-07-08T13:08:56","modified_gmt":"2021-07-08T10:08:56","slug":"naturen","status":"publish","type":"page","link":"https:\/\/visithoutskar.fi\/sv\/var-hembygd\/naturen\/","title":{"rendered":"Naturen"},"content":{"rendered":"\n<p>Mina snart 80 \u00e5r som sommarboare i Houtsk\u00e4r har gett mig en god inblick i f\u00f6rvandlingens landskap. P\u00e5 1950-talet var naturen \u00e4nnu formad av ett sm\u00e5skaligt jordbruk med betesdjur, men n\u00e4r kossorna f\u00f6rsvann v\u00e4xte backar och natur\u00e4ngar igen och de kr\u00e4snare blommorna kv\u00e4vdes under h\u00f6gt gr\u00e4s.<\/p>\n\n\n\n<p>Barndomens kattfot, \u00e4ngsbr\u00e4sma, gullviva och framf\u00f6r allt orkid\u00e9erna Adam och Eva blev allt s\u00e4llsyntare. Men p\u00e5 1980-talet vaknade insikten om vad man h\u00f6ll p\u00e5 att f\u00f6rlora och sedan dess har trenden att bevara vissa v\u00e4rdefulla artrika omr\u00e5den blivit allt starkare. Houtsk\u00e4r \u00e4r den enda kommundelen i \u00c5bolands sk\u00e4rg\u00e5rd, som kan visa upp \u00e4ngar och backar d\u00e4r den s\u00e4llsynta och fridlysta orkid\u00e9n fortfarande lyser r\u00f6d(Adam) och gulvit (Eva) bland gullvivorna. P\u00e5 Storlandet, Jungfrusk\u00e4r, som idag n\u00e4stan helt h\u00f6r till Nationalparken, v\u00e4xer vissa \u00e5r tusentals orkid\u00e9er p\u00e5 de restaurerade l\u00f6v\u00e4ngarna.<\/p>\n\n\n\n<div class=\"wp-block-image\"><figure class=\"aligncenter size-large\"><a href=\"https:\/\/visithoutskar.fi\/wp-content\/uploads\/2021\/07\/luonto_kollaasi4.jpg\"><img decoding=\"async\" width=\"1008\" height=\"206\" src=\"https:\/\/visithoutskar.fi\/wp-content\/uploads\/2021\/07\/luonto_kollaasi4.jpg\" alt=\"\" class=\"wp-image-51944\" srcset=\"https:\/\/visithoutskar.fi\/wp-content\/uploads\/2021\/07\/luonto_kollaasi4.jpg 1008w, https:\/\/visithoutskar.fi\/wp-content\/uploads\/2021\/07\/luonto_kollaasi4-300x61.jpg 300w, https:\/\/visithoutskar.fi\/wp-content\/uploads\/2021\/07\/luonto_kollaasi4-768x157.jpg 768w\" sizes=\"(max-width: 1008px) 100vw, 1008px\" \/><\/a><\/figure><\/div>\n\n\n\n<h3 class=\"wp-block-heading\">Flora och fauna<\/h3>\n\n\n\n<p>Artrikedomen g\u00e4ller inte bara floran, faunan \u00e4r ocks\u00e5 rik p\u00e5 \u00f6arna. Vissa arter har \u00f6kat medan andra har minskat. Hjortdjur ser man dagligen och visst kan man vara av olika \u00e5sikt om best\u00e5ndets storlek\u2026 Men vackra \u00e4r de. \u00c4lgar har alltid funnits i skogarna och harar skuttar \u00f6ver v\u00e4gen p\u00e5 ov\u00e4ntade st\u00e4llen. Den bevingade v\u00e4rlden bjuder f\u00e5gelsk\u00e5darna p\u00e5 sm\u00e5tt och stort. Sankmarkerna har sina vadare och hassel- och l\u00f6vskogen underbara s\u00e5ngf\u00e5glar, n\u00e4ktergalen t.ex. h\u00f6r man ofta under ljusa f\u00f6rsommarn\u00e4tter.<\/p>\n\n\n\n<p>Ejdern har v\u00e4ckt livlig diskussion p\u00e5 sista tiden d\u00e5 stammen har minskat orov\u00e4ckande. Men \u00e4nnu ser man \u00e5dor med ett p\u00e4rlband av ungar efter sig. Det \u00e4r fr\u00e4mst i yttersk\u00e4rg\u00e5rden som dessa p\u00e4rlband har minskat. H\u00f6gt uppe seglar den st\u00e5tliga havs\u00f6rnen som tack vare m\u00e4nniskan har \u00e5terh\u00e4mtat sig, efter att ha varit utrotningshotad p\u00e5 1980-90-talet. Den anses vara orsaken till minskningen av ejderbest\u00e5ndet, men f\u00f6rklaringen kan vara en annan, s\u00e5 det \u00e4r f\u00f6r tidigt att skuldbel\u00e4gga denna luftens h\u00e4rskare.<\/p>\n\n\n\n<p>Houtsk\u00e4r \u00e4r unikt p\u00e5 m\u00e5nga s\u00e4tt. Den stora artrikedomen \u00e4r en k\u00e4lla till gl\u00e4dje men manar ocks\u00e5 till f\u00f6rsiktighet. Undvik att trampa omkring bland s\u00e4llsynta v\u00e4xter ocks\u00e5 n\u00e4r du fotograferar. Lyssna till f\u00e5gels\u00e5ngen och naturens egna ljud och skr\u00e4m inte upp h\u00e4ckande f\u00e5glar. Vi m\u00e4nniskor \u00e4r g\u00e4ster i naturens stora rum och allt levande i detta rum f\u00f6rv\u00e4ntar sig att vi visar h\u00e4nsyn och v\u00e4rnar om friden. T\u00e4nk p\u00e5 det och njut!<\/p>\n","protected":false},"excerpt":{"rendered":"<p>Mina snart 80 \u00e5r som sommarboare i Houtsk\u00e4r har gett mig en god inblick i f\u00f6rvandlingens landskap. P\u00e5 1950-talet var naturen \u00e4nnu formad av ett sm\u00e5skaligt jordbruk med betesdjur, men [&hellip;]<\/p>\n","protected":false},"author":1,"featured_media":51472,"parent":48046,"menu_order":1,"comment_status":"closed","ping_status":"closed","template":"","meta":{"_uag_custom_page_level_css":"","site-sidebar-layout":"default","site-content-layout":"default","ast-site-content-layout":"default","site-content-style":"default","site-sidebar-style":"default","ast-global-header-display":"","ast-banner-title-visibility":"","ast-main-header-display":"","ast-hfb-above-header-display":"","ast-hfb-below-header-display":"","ast-hfb-mobile-header-display":"","site-post-title":"","ast-breadcrumbs-content":"","ast-featured-img":"","footer-sml-layout":"","ast-disable-related-posts":"","theme-transparent-header-meta":"default","adv-header-id-meta":"","stick-header-meta":"default","header-above-stick-meta":"","header-main-stick-meta":"","header-below-stick-meta":"","astra-migrate-meta-layouts":"default","ast-page-background-enabled":"default","ast-page-background-meta":{"desktop":{"background-color":"","background-image":"","background-repeat":"repeat","background-position":"center center","background-size":"auto","background-attachment":"scroll","background-type":"","background-media":"","overlay-type":"","overlay-color":"","overlay-opacity":"","overlay-gradient":""},"tablet":{"background-color":"","background-image":"","background-repeat":"repeat","background-position":"center center","background-size":"auto","background-attachment":"scroll","background-type":"","background-media":"","overlay-type":"","overlay-color":"","overlay-opacity":"","overlay-gradient":""},"mobile":{"background-color":"","background-image":"","background-repeat":"repeat","background-position":"center center","background-size":"auto","background-attachment":"scroll","background-type":"","background-media":"","overlay-type":"","overlay-color":"","overlay-opacity":"","overlay-gradient":""}},"ast-content-background-meta":{"desktop":{"background-color":"var(--ast-global-color-5)","background-image":"","background-repeat":"repeat","background-position":"center center","background-size":"auto","background-attachment":"scroll","background-type":"","background-media":"","overlay-type":"","overlay-color":"","overlay-opacity":"","overlay-gradient":""},"tablet":{"background-color":"var(--ast-global-color-5)","background-image":"","background-repeat":"repeat","background-position":"center center","background-size":"auto","background-attachment":"scroll","background-type":"","background-media":"","overlay-type":"","overlay-color":"","overlay-opacity":"","overlay-gradient":""},"mobile":{"background-color":"var(--ast-global-color-5)","background-image":"","background-repeat":"repeat","background-position":"center center","background-size":"auto","background-attachment":"scroll","background-type":"","background-media":"","overlay-type":"","overlay-color":"","overlay-opacity":"","overlay-gradient":""}},"footnotes":""},"class_list":["post-50244","page","type-page","status-publish","has-post-thumbnail","hentry"],"uagb_featured_image_src":{"full":["https:\/\/visithoutskar.fi\/wp-content\/uploads\/2021\/06\/Maismea6.jpg",1418,646,false],"thumbnail":["https:\/\/visithoutskar.fi\/wp-content\/uploads\/2021\/06\/Maismea6-150x150.jpg",150,150,true],"medium":["https:\/\/visithoutskar.fi\/wp-content\/uploads\/2021\/06\/Maismea6-300x137.jpg",300,137,true],"medium_large":["https:\/\/visithoutskar.fi\/wp-content\/uploads\/2021\/06\/Maismea6-768x350.jpg",768,350,true],"large":["https:\/\/visithoutskar.fi\/wp-content\/uploads\/2021\/06\/Maismea6-1024x467.jpg",1024,467,true],"gs-tiny":["https:\/\/visithoutskar.fi\/wp-content\/uploads\/2021\/06\/Maismea6.jpg",50,23,false],"xl":["https:\/\/visithoutskar.fi\/wp-content\/uploads\/2021\/06\/Maismea6.jpg",1418,646,false],"xxl":["https:\/\/visithoutskar.fi\/wp-content\/uploads\/2021\/06\/Maismea6.jpg",1418,646,false],"xxxl":["https:\/\/visithoutskar.fi\/wp-content\/uploads\/2021\/06\/Maismea6.jpg",1418,646,false],"xxxxl":["https:\/\/visithoutskar.fi\/wp-content\/uploads\/2021\/06\/Maismea6.jpg",1418,646,false],"xxxxxl":["https:\/\/visithoutskar.fi\/wp-content\/uploads\/2021\/06\/Maismea6.jpg",1418,646,false],"1536x1536":["https:\/\/visithoutskar.fi\/wp-content\/uploads\/2021\/06\/Maismea6.jpg",1418,646,false],"2048x2048":["https:\/\/visithoutskar.fi\/wp-content\/uploads\/2021\/06\/Maismea6.jpg",1418,646,false]},"uagb_author_info":{"display_name":"admin","author_link":"https:\/\/visithoutskar.fi\/sv\/author\/frank\/"},"uagb_comment_info":0,"uagb_excerpt":"Mina snart 80 \u00e5r som sommarboare i Houtsk\u00e4r har gett mig en god inblick i f\u00f6rvandlingens landskap. P\u00e5 1950-talet var naturen \u00e4nnu formad av ett sm\u00e5skaligt jordbruk med betesdjur, men [&hellip;]","_links":{"self":[{"href":"https:\/\/visithoutskar.fi\/sv\/wp-json\/wp\/v2\/pages\/50244","targetHints":{"allow":["GET"]}}],"collection":[{"href":"https:\/\/visithoutskar.fi\/sv\/wp-json\/wp\/v2\/pages"}],"about":[{"href":"https:\/\/visithoutskar.fi\/sv\/wp-json\/wp\/v2\/types\/page"}],"author":[{"embeddable":true,"href":"https:\/\/visithoutskar.fi\/sv\/wp-json\/wp\/v2\/users\/1"}],"replies":[{"embeddable":true,"href":"https:\/\/visithoutskar.fi\/sv\/wp-json\/wp\/v2\/comments?post=50244"}],"version-history":[{"count":0,"href":"https:\/\/visithoutskar.fi\/sv\/wp-json\/wp\/v2\/pages\/50244\/revisions"}],"up":[{"embeddable":true,"href":"https:\/\/visithoutskar.fi\/sv\/wp-json\/wp\/v2\/pages\/48046"}],"wp:featuredmedia":[{"embeddable":true,"href":"https:\/\/visithoutskar.fi\/sv\/wp-json\/wp\/v2\/media\/51472"}],"wp:attachment":[{"href":"https:\/\/visithoutskar.fi\/sv\/wp-json\/wp\/v2\/media?parent=50244"}],"curies":[{"name":"wp","href":"https:\/\/api.w.org\/{rel}","templated":true}]}}