{"id":50974,"date":"2020-07-23T15:19:29","date_gmt":"2020-07-23T12:19:29","guid":{"rendered":"https:\/\/visithoutskar.fi\/?page_id=50974"},"modified":"2022-07-12T13:33:45","modified_gmt":"2022-07-12T10:33:45","slug":"turistinformation","status":"publish","type":"page","link":"https:\/\/visithoutskar.fi\/sv\/turistinformation\/","title":{"rendered":"Turistinformation"},"content":{"rendered":"\n<h5 class=\"wp-block-heading\"><strong>Houtsk\u00e4r turistinformation<\/strong><\/h5>\n\n\n\n<p><\/p>\n\n\n\n<figure class=\"wp-block-image alignleft size-large is-resized padding-right\"><a href=\"https:\/\/visithoutskar.fi\/wp-content\/uploads\/2021\/06\/Houtskar-vykort-pa-torget.jpg\"><img decoding=\"async\" src=\"https:\/\/visithoutskar.fi\/wp-content\/uploads\/2021\/06\/Houtskar-vykort-pa-torget.jpg\" alt=\"\" class=\"wp-image-51297\" width=\"349\" height=\"392\" srcset=\"https:\/\/visithoutskar.fi\/wp-content\/uploads\/2021\/06\/Houtskar-vykort-pa-torget.jpg 854w, https:\/\/visithoutskar.fi\/wp-content\/uploads\/2021\/06\/Houtskar-vykort-pa-torget-267x300.jpg 267w, https:\/\/visithoutskar.fi\/wp-content\/uploads\/2021\/06\/Houtskar-vykort-pa-torget-768x863.jpg 768w\" sizes=\"(max-width: 349px) 100vw, 349px\" \/><\/a><\/figure>\n\n\n\n<hr class=\"wp-block-separator has-text-color has-vivid-red-color has-css-opacity has-vivid-red-background-color has-background is-style-wide\"\/>\n\n\n\n<p><strong>T<strong>uristinfo:<\/strong> <strong>28.6.2022 &#8211; 13.8.202<\/strong>2<\/strong><\/p>\n\n\n\n<p class=\"padding-right\"><em>tis- fre <\/em>\/ <strong>11 &#8211; 18<\/strong><br>l\u00f6r \/ <strong>10 &#8211; 16<\/strong><br>Tel. 040 716 4799<\/p>\n\n\n\n<p><strong>N\u00e4r Houtsk\u00e4rs egna turistinfopunkt \u00e4r st\u00e4ngd kan du kontakta Pargas stads turistinfo<\/strong><\/p>\n\n\n\n<p>Tel: <strong>0400 117 123<\/strong>, <em>\u00e4ven&nbsp;chat-tj\u00e4nst<\/em><br>visit [at] parainen.fi<\/p>\n\n\n\n<p>\u00d6ppet 13.5 &#8211; 4.9: <em>m\u00e5n \u2013 <\/em>s\u00f6n\u00a0 \/ kl. <strong>10 \u2013 19<\/strong><br><\/p>\n\n\n\n<figure class=\"wp-block-image alignright size-full is-resized padding-left\"><a href=\"https:\/\/visithoutskar.fi\/wp-content\/uploads\/2021\/08\/Turistinfons-kartautomat-pa-baksidan-av-infoburen2.jpg\"><img decoding=\"async\" src=\"https:\/\/visithoutskar.fi\/wp-content\/uploads\/2021\/08\/Turistinfons-kartautomat-pa-baksidan-av-infoburen2.jpg\" alt=\"\" class=\"wp-image-51990\" width=\"184\" height=\"245\" srcset=\"https:\/\/visithoutskar.fi\/wp-content\/uploads\/2021\/08\/Turistinfons-kartautomat-pa-baksidan-av-infoburen2.jpg 293w, https:\/\/visithoutskar.fi\/wp-content\/uploads\/2021\/08\/Turistinfons-kartautomat-pa-baksidan-av-infoburen2-225x300.jpg 225w\" sizes=\"(max-width: 184px) 100vw, 184px\" \/><\/a><\/figure>\n\n\n\n<hr class=\"wp-block-separator has-text-color has-vivid-red-color has-css-opacity has-vivid-red-background-color has-background is-style-wide\"\/>\n\n\n\n<p class=\"has-text-align-right\">Turistinfon bemannas av Eliel Ver\u00e4j\u00e4nkorva (Pro Houtsk\u00e4r). Turist-Info hittar du i restaurangen Sybarit <em>(N\u00e4sbyv\u00e4gen 189<\/em>).<br>Bakom turistinfon finns en automat med ringv\u00e4gskartor. <\/p>\n\n\n\n<p><br><\/p>\n","protected":false},"excerpt":{"rendered":"<p>Houtsk\u00e4r turistinformation Turistinfo: 28.6.2022 &#8211; 13.8.2022 tis- fre \/ 11 &#8211; 18l\u00f6r \/ 10 &#8211; 16Tel. 040 716 4799 N\u00e4r Houtsk\u00e4rs egna turistinfopunkt \u00e4r st\u00e4ngd kan du kontakta Pargas stads [&hellip;]<\/p>\n","protected":false},"author":1,"featured_media":51428,"parent":0,"menu_order":5,"comment_status":"closed","ping_status":"closed","template":"","meta":{"_uag_custom_page_level_css":"","site-sidebar-layout":"default","site-content-layout":"default","ast-site-content-layout":"default","site-content-style":"default","site-sidebar-style":"default","ast-global-header-display":"","ast-banner-title-visibility":"","ast-main-header-display":"","ast-hfb-above-header-display":"","ast-hfb-below-header-display":"","ast-hfb-mobile-header-display":"","site-post-title":"","ast-breadcrumbs-content":"","ast-featured-img":"","footer-sml-layout":"","ast-disable-related-posts":"","theme-transparent-header-meta":"default","adv-header-id-meta":"","stick-header-meta":"default","header-above-stick-meta":"","header-main-stick-meta":"","header-below-stick-meta":"","astra-migrate-meta-layouts":"default","ast-page-background-enabled":"default","ast-page-background-meta":{"desktop":{"background-color":"","background-image":"","background-repeat":"repeat","background-position":"center center","background-size":"auto","background-attachment":"scroll","background-type":"","background-media":"","overlay-type":"","overlay-color":"","overlay-opacity":"","overlay-gradient":""},"tablet":{"background-color":"","background-image":"","background-repeat":"repeat","background-position":"center center","background-size":"auto","background-attachment":"scroll","background-type":"","background-media":"","overlay-type":"","overlay-color":"","overlay-opacity":"","overlay-gradient":""},"mobile":{"background-color":"","background-image":"","background-repeat":"repeat","background-position":"center center","background-size":"auto","background-attachment":"scroll","background-type":"","background-media":"","overlay-type":"","overlay-color":"","overlay-opacity":"","overlay-gradient":""}},"ast-content-background-meta":{"desktop":{"background-color":"var(--ast-global-color-5)","background-image":"","background-repeat":"repeat","background-position":"center center","background-size":"auto","background-attachment":"scroll","background-type":"","background-media":"","overlay-type":"","overlay-color":"","overlay-opacity":"","overlay-gradient":""},"tablet":{"background-color":"var(--ast-global-color-5)","background-image":"","background-repeat":"repeat","background-position":"center center","background-size":"auto","background-attachment":"scroll","background-type":"","background-media":"","overlay-type":"","overlay-color":"","overlay-opacity":"","overlay-gradient":""},"mobile":{"background-color":"var(--ast-global-color-5)","background-image":"","background-repeat":"repeat","background-position":"center center","background-size":"auto","background-attachment":"scroll","background-type":"","background-media":"","overlay-type":"","overlay-color":"","overlay-opacity":"","overlay-gradient":""}},"footnotes":""},"class_list":["post-50974","page","type-page","status-publish","has-post-thumbnail","hentry"],"uagb_featured_image_src":{"full":["https:\/\/visithoutskar.fi\/wp-content\/uploads\/2021\/06\/matkailuneuvonta.jpg",1330,652,false],"thumbnail":["https:\/\/visithoutskar.fi\/wp-content\/uploads\/2021\/06\/matkailuneuvonta-150x150.jpg",150,150,true],"medium":["https:\/\/visithoutskar.fi\/wp-content\/uploads\/2021\/06\/matkailuneuvonta-300x147.jpg",300,147,true],"medium_large":["https:\/\/visithoutskar.fi\/wp-content\/uploads\/2021\/06\/matkailuneuvonta-768x376.jpg",768,376,true],"large":["https:\/\/visithoutskar.fi\/wp-content\/uploads\/2021\/06\/matkailuneuvonta-1024x502.jpg",1024,502,true],"gs-tiny":["https:\/\/visithoutskar.fi\/wp-content\/uploads\/2021\/06\/matkailuneuvonta.jpg",50,25,false],"xl":["https:\/\/visithoutskar.fi\/wp-content\/uploads\/2021\/06\/matkailuneuvonta.jpg",1330,652,false],"xxl":["https:\/\/visithoutskar.fi\/wp-content\/uploads\/2021\/06\/matkailuneuvonta.jpg",1330,652,false],"xxxl":["https:\/\/visithoutskar.fi\/wp-content\/uploads\/2021\/06\/matkailuneuvonta.jpg",1330,652,false],"xxxxl":["https:\/\/visithoutskar.fi\/wp-content\/uploads\/2021\/06\/matkailuneuvonta.jpg",1330,652,false],"xxxxxl":["https:\/\/visithoutskar.fi\/wp-content\/uploads\/2021\/06\/matkailuneuvonta.jpg",1330,652,false],"1536x1536":["https:\/\/visithoutskar.fi\/wp-content\/uploads\/2021\/06\/matkailuneuvonta.jpg",1330,652,false],"2048x2048":["https:\/\/visithoutskar.fi\/wp-content\/uploads\/2021\/06\/matkailuneuvonta.jpg",1330,652,false]},"uagb_author_info":{"display_name":"admin","author_link":"https:\/\/visithoutskar.fi\/sv\/author\/frank\/"},"uagb_comment_info":0,"uagb_excerpt":"Houtsk\u00e4r turistinformation Turistinfo: 28.6.2022 &#8211; 13.8.2022 tis- fre \/ 11 &#8211; 18l\u00f6r \/ 10 &#8211; 16Tel. 040 716 4799 N\u00e4r Houtsk\u00e4rs egna turistinfopunkt \u00e4r st\u00e4ngd kan du kontakta Pargas stads [&hellip;]","_links":{"self":[{"href":"https:\/\/visithoutskar.fi\/sv\/wp-json\/wp\/v2\/pages\/50974","targetHints":{"allow":["GET"]}}],"collection":[{"href":"https:\/\/visithoutskar.fi\/sv\/wp-json\/wp\/v2\/pages"}],"about":[{"href":"https:\/\/visithoutskar.fi\/sv\/wp-json\/wp\/v2\/types\/page"}],"author":[{"embeddable":true,"href":"https:\/\/visithoutskar.fi\/sv\/wp-json\/wp\/v2\/users\/1"}],"replies":[{"embeddable":true,"href":"https:\/\/visithoutskar.fi\/sv\/wp-json\/wp\/v2\/comments?post=50974"}],"version-history":[{"count":0,"href":"https:\/\/visithoutskar.fi\/sv\/wp-json\/wp\/v2\/pages\/50974\/revisions"}],"wp:featuredmedia":[{"embeddable":true,"href":"https:\/\/visithoutskar.fi\/sv\/wp-json\/wp\/v2\/media\/51428"}],"wp:attachment":[{"href":"https:\/\/visithoutskar.fi\/sv\/wp-json\/wp\/v2\/media?parent=50974"}],"curies":[{"name":"wp","href":"https:\/\/api.w.org\/{rel}","templated":true}]}}