{"id":51919,"date":"2021-07-06T21:37:06","date_gmt":"2021-07-06T18:37:06","guid":{"rendered":"https:\/\/visithoutskar.fi\/?page_id=51919"},"modified":"2021-07-06T21:37:09","modified_gmt":"2021-07-06T18:37:09","slug":"gasthamn","status":"publish","type":"page","link":"https:\/\/visithoutskar.fi\/sv\/kommunala-tjanster\/gasthamn\/","title":{"rendered":"G\u00e4sthamn"},"content":{"rendered":"\n<p>Du hittar Houtsk\u00e4rs g\u00e4sthamn i N\u00e4sby. Det finns 50 b\u00e5tplatser med full service. Ett stenkast fr\u00e5n hamnen finns det N\u00e4sbys \u00f6vriga tj\u00e4nster.<\/p>\n\n\n\n<figure class=\"wp-block-image size-large\"><a href=\"https:\/\/visithoutskar.fi\/wp-content\/uploads\/2021\/06\/venesatama_kollaasi1.jpg\"><img decoding=\"async\" width=\"1024\" height=\"185\" src=\"https:\/\/visithoutskar.fi\/wp-content\/uploads\/2021\/06\/venesatama_kollaasi1-1024x185.jpg\" alt=\"\" class=\"wp-image-51614\" srcset=\"https:\/\/visithoutskar.fi\/wp-content\/uploads\/2021\/06\/venesatama_kollaasi1-1024x185.jpg 1024w, https:\/\/visithoutskar.fi\/wp-content\/uploads\/2021\/06\/venesatama_kollaasi1-300x54.jpg 300w, https:\/\/visithoutskar.fi\/wp-content\/uploads\/2021\/06\/venesatama_kollaasi1-768x139.jpg 768w, https:\/\/visithoutskar.fi\/wp-content\/uploads\/2021\/06\/venesatama_kollaasi1-1536x277.jpg 1536w, https:\/\/visithoutskar.fi\/wp-content\/uploads\/2021\/06\/venesatama_kollaasi1.jpg 1752w\" sizes=\"(max-width: 1024px) 100vw, 1024px\" \/><\/a><\/figure>\n\n\n\n<p><strong>Latitud:<\/strong>&nbsp;N 60\u00ba 13.5<br><strong>Longitud:<\/strong>&nbsp;E 21\u00ba 22.1<\/p>\n\n\n\n<div class=\"wp-block-image\"><figure class=\"alignright size-large is-resized\"><a href=\"https:\/\/visithoutskar.fi\/wp-content\/uploads\/2021\/06\/vierassatama-na\u0308sby-1024x768-1.jpg\"><img decoding=\"async\" src=\"https:\/\/visithoutskar.fi\/wp-content\/uploads\/2021\/06\/vierassatama-na\u0308sby-1024x768-1.jpg\" alt=\"\" class=\"wp-image-51611\" width=\"318\" height=\"238\" srcset=\"https:\/\/visithoutskar.fi\/wp-content\/uploads\/2021\/06\/vierassatama-na\u0308sby-1024x768-1.jpg 1024w, https:\/\/visithoutskar.fi\/wp-content\/uploads\/2021\/06\/vierassatama-na\u0308sby-1024x768-1-300x225.jpg 300w, https:\/\/visithoutskar.fi\/wp-content\/uploads\/2021\/06\/vierassatama-na\u0308sby-1024x768-1-768x576.jpg 768w\" sizes=\"(max-width: 318px) 100vw, 318px\" \/><\/a><figcaption><strong>Kartan selitykset<\/strong><br>G: br\u00e4nslestationer<br>F: f\u00f6rbindelseb\u00e5tsbrygga<br>S: restaurang Skagen och hamnkontor<br>P: parkeringsplats<br>M: Sk\u00e4rg\u00e5rdsmuseum<\/figcaption><\/figure><\/div>\n\n\n\n<ul class=\"wp-block-list\"><li><em><a href=\"https:\/\/skagen.fi\/\/ravintola\/\" target=\"_blank\" rel=\"noopener\">Restaurang GrillCaf\u00e9 Skagen<\/a>\u00a0<\/em><\/li><li>50 b\u00e5tplatser<\/li><li>Br\u00e4nslestation bredvid hamnen<\/li><li>Dusch och wc<\/li><li>Tv\u00e4ttstuga<\/li><li>Bastu<\/li><li>Drickbart vatten och el p\u00e5 bryggan<\/li><li>Cykeluthyrning<\/li><li>Hamnbutik med kl\u00e4der och personliga sm\u00e5 saker<\/li><li>Wifi<\/li><li>Grillplats<\/li><li>Kulturstig<\/li><li>Sk\u00e4rg\u00e5rdsmuseet som n\u00e4rmsta granne<\/li><li>N\u00e4sby kyrkbys service (aff\u00e4rer, alko-best\u00e4llningsservice, Matkahuolto-pakettj\u00e4nster, frissa, bank, bensinstationer) p\u00e5 g\u00e5ngavst\u00e5nd<\/li><li>Septiktank-t\u00f6mmning, finns p\u00e5 udden (Vitteludd), p\u00e5 den s\u00f6dra sidan om viken innan man kommer till g\u00e4sthamnen.<\/li><\/ul>\n\n\n\n<p><\/p>\n","protected":false},"excerpt":{"rendered":"<p>Du hittar Houtsk\u00e4rs g\u00e4sthamn i N\u00e4sby. Det finns 50 b\u00e5tplatser med full service. Ett stenkast fr\u00e5n hamnen finns det N\u00e4sbys \u00f6vriga tj\u00e4nster. Latitud:&nbsp;N 60\u00ba 13.5Longitud:&nbsp;E 21\u00ba 22.1 Restaurang GrillCaf\u00e9 Skagen\u00a0 [&hellip;]<\/p>\n","protected":false},"author":4,"featured_media":51619,"parent":48092,"menu_order":9,"comment_status":"closed","ping_status":"closed","template":"","meta":{"_uag_custom_page_level_css":"","site-sidebar-layout":"default","site-content-layout":"default","ast-site-content-layout":"default","site-content-style":"default","site-sidebar-style":"default","ast-global-header-display":"","ast-banner-title-visibility":"","ast-main-header-display":"","ast-hfb-above-header-display":"","ast-hfb-below-header-display":"","ast-hfb-mobile-header-display":"","site-post-title":"","ast-breadcrumbs-content":"","ast-featured-img":"","footer-sml-layout":"","ast-disable-related-posts":"","theme-transparent-header-meta":"default","adv-header-id-meta":"","stick-header-meta":"default","header-above-stick-meta":"","header-main-stick-meta":"","header-below-stick-meta":"","astra-migrate-meta-layouts":"default","ast-page-background-enabled":"default","ast-page-background-meta":{"desktop":{"background-color":"","background-image":"","background-repeat":"repeat","background-position":"center center","background-size":"auto","background-attachment":"scroll","background-type":"","background-media":"","overlay-type":"","overlay-color":"","overlay-opacity":"","overlay-gradient":""},"tablet":{"background-color":"","background-image":"","background-repeat":"repeat","background-position":"center center","background-size":"auto","background-attachment":"scroll","background-type":"","background-media":"","overlay-type":"","overlay-color":"","overlay-opacity":"","overlay-gradient":""},"mobile":{"background-color":"","background-image":"","background-repeat":"repeat","background-position":"center center","background-size":"auto","background-attachment":"scroll","background-type":"","background-media":"","overlay-type":"","overlay-color":"","overlay-opacity":"","overlay-gradient":""}},"ast-content-background-meta":{"desktop":{"background-color":"var(--ast-global-color-5)","background-image":"","background-repeat":"repeat","background-position":"center center","background-size":"auto","background-attachment":"scroll","background-type":"","background-media":"","overlay-type":"","overlay-color":"","overlay-opacity":"","overlay-gradient":""},"tablet":{"background-color":"var(--ast-global-color-5)","background-image":"","background-repeat":"repeat","background-position":"center center","background-size":"auto","background-attachment":"scroll","background-type":"","background-media":"","overlay-type":"","overlay-color":"","overlay-opacity":"","overlay-gradient":""},"mobile":{"background-color":"var(--ast-global-color-5)","background-image":"","background-repeat":"repeat","background-position":"center center","background-size":"auto","background-attachment":"scroll","background-type":"","background-media":"","overlay-type":"","overlay-color":"","overlay-opacity":"","overlay-gradient":""}},"footnotes":""},"class_list":["post-51919","page","type-page","status-publish","has-post-thumbnail","hentry"],"uagb_featured_image_src":{"full":["https:\/\/visithoutskar.fi\/wp-content\/uploads\/2021\/06\/vierasvenesatama.jpg",1228,578,false],"thumbnail":["https:\/\/visithoutskar.fi\/wp-content\/uploads\/2021\/06\/vierasvenesatama-150x150.jpg",150,150,true],"medium":["https:\/\/visithoutskar.fi\/wp-content\/uploads\/2021\/06\/vierasvenesatama-300x141.jpg",300,141,true],"medium_large":["https:\/\/visithoutskar.fi\/wp-content\/uploads\/2021\/06\/vierasvenesatama-768x361.jpg",768,361,true],"large":["https:\/\/visithoutskar.fi\/wp-content\/uploads\/2021\/06\/vierasvenesatama-1024x482.jpg",1024,482,true],"gs-tiny":["https:\/\/visithoutskar.fi\/wp-content\/uploads\/2021\/06\/vierasvenesatama.jpg",50,24,false],"xl":["https:\/\/visithoutskar.fi\/wp-content\/uploads\/2021\/06\/vierasvenesatama.jpg",1228,578,false],"xxl":["https:\/\/visithoutskar.fi\/wp-content\/uploads\/2021\/06\/vierasvenesatama.jpg",1228,578,false],"xxxl":["https:\/\/visithoutskar.fi\/wp-content\/uploads\/2021\/06\/vierasvenesatama.jpg",1228,578,false],"xxxxl":["https:\/\/visithoutskar.fi\/wp-content\/uploads\/2021\/06\/vierasvenesatama.jpg",1228,578,false],"xxxxxl":["https:\/\/visithoutskar.fi\/wp-content\/uploads\/2021\/06\/vierasvenesatama.jpg",1228,578,false],"1536x1536":["https:\/\/visithoutskar.fi\/wp-content\/uploads\/2021\/06\/vierasvenesatama.jpg",1228,578,false],"2048x2048":["https:\/\/visithoutskar.fi\/wp-content\/uploads\/2021\/06\/vierasvenesatama.jpg",1228,578,false]},"uagb_author_info":{"display_name":"Joonatan Stenwall","author_link":"https:\/\/visithoutskar.fi\/sv\/author\/joon021\/"},"uagb_comment_info":0,"uagb_excerpt":"Du hittar Houtsk\u00e4rs g\u00e4sthamn i N\u00e4sby. Det finns 50 b\u00e5tplatser med full service. Ett stenkast fr\u00e5n hamnen finns det N\u00e4sbys \u00f6vriga tj\u00e4nster. Latitud:&nbsp;N 60\u00ba 13.5Longitud:&nbsp;E 21\u00ba 22.1 Restaurang GrillCaf\u00e9 Skagen\u00a0 [&hellip;]","_links":{"self":[{"href":"https:\/\/visithoutskar.fi\/sv\/wp-json\/wp\/v2\/pages\/51919","targetHints":{"allow":["GET"]}}],"collection":[{"href":"https:\/\/visithoutskar.fi\/sv\/wp-json\/wp\/v2\/pages"}],"about":[{"href":"https:\/\/visithoutskar.fi\/sv\/wp-json\/wp\/v2\/types\/page"}],"author":[{"embeddable":true,"href":"https:\/\/visithoutskar.fi\/sv\/wp-json\/wp\/v2\/users\/4"}],"replies":[{"embeddable":true,"href":"https:\/\/visithoutskar.fi\/sv\/wp-json\/wp\/v2\/comments?post=51919"}],"version-history":[{"count":0,"href":"https:\/\/visithoutskar.fi\/sv\/wp-json\/wp\/v2\/pages\/51919\/revisions"}],"up":[{"embeddable":true,"href":"https:\/\/visithoutskar.fi\/sv\/wp-json\/wp\/v2\/pages\/48092"}],"wp:featuredmedia":[{"embeddable":true,"href":"https:\/\/visithoutskar.fi\/sv\/wp-json\/wp\/v2\/media\/51619"}],"wp:attachment":[{"href":"https:\/\/visithoutskar.fi\/sv\/wp-json\/wp\/v2\/media?parent=51919"}],"curies":[{"name":"wp","href":"https:\/\/api.w.org\/{rel}","templated":true}]}}