{"id":51927,"date":"2021-07-08T10:43:24","date_gmt":"2021-07-08T07:43:24","guid":{"rendered":"https:\/\/visithoutskar.fi\/?page_id=51927"},"modified":"2021-07-08T10:43:27","modified_gmt":"2021-07-08T07:43:27","slug":"houtskars-sorteringsstation","status":"publish","type":"page","link":"https:\/\/visithoutskar.fi\/sv\/kommunala-tjanster\/houtskars-sorteringsstation\/","title":{"rendered":"Houtsk\u00e4rs sorteringsstation"},"content":{"rendered":"\n<p><strong>N\u00e4sbyv\u00e4gen 86<br>21760 HOUTSKARI<\/strong><\/p>\n\n\n\n<p>P\u00e5 Houtsk\u00e4rs sorteringsstation tar man emot avfallspartier levererade med personbil, personbilssl\u00e4p eller paketbil. St\u00f6rre avfallspartier tas emot p\u00e5 Topp\u00e5 avfallscentral i \u00c5bo och Korvenm\u00e4ki avfallscentral i Salo.<\/p>\n\n\n\n<h4 class=\"wp-block-heading\"><strong>\u00d6ppentider<\/strong><\/h4>\n\n\n\n<p>I april-oktober \u00f6ppet torsdagar kl. 15-16.45 samt den sista helgfria l\u00f6rdagen i m\u00e5naden <strong>kl. 9.45-12.45.<\/strong><\/p>\n\n\n\n<p>I november-mars \u00f6ppet den sista helgfria torsdagen i m\u00e5naden <strong>kl.\u00a015-16.45.<\/strong><\/p>\n\n\n\n<p><strong>Obs!\u00a0<\/strong>P\u00e5 grund av coronavirussituationen accepterar vi tills vidare enbart kortbetalning p\u00e5 stationen.<\/p>\n\n\n\n<h5 class=\"wp-block-heading\"><em><strong>Avvikande \u00f6ppettider \u00e5r 2021<\/strong><\/em><\/h5>\n\n\n\n<ul class=\"wp-block-list\"><li>tors 13.5\u00a0st\u00e4ngt<\/li><li>l\u00f6r 26.6 st\u00e4ngt<\/li><\/ul>\n","protected":false},"excerpt":{"rendered":"<p>N\u00e4sbyv\u00e4gen 8621760 HOUTSKARI P\u00e5 Houtsk\u00e4rs sorteringsstation tar man emot avfallspartier levererade med personbil, personbilssl\u00e4p eller paketbil. St\u00f6rre avfallspartier tas emot p\u00e5 Topp\u00e5 avfallscentral i \u00c5bo och Korvenm\u00e4ki avfallscentral i Salo. [&hellip;]<\/p>\n","protected":false},"author":4,"featured_media":51535,"parent":48092,"menu_order":2,"comment_status":"closed","ping_status":"closed","template":"","meta":{"_uag_custom_page_level_css":"","site-sidebar-layout":"default","site-content-layout":"default","ast-site-content-layout":"default","site-content-style":"default","site-sidebar-style":"default","ast-global-header-display":"","ast-banner-title-visibility":"","ast-main-header-display":"","ast-hfb-above-header-display":"","ast-hfb-below-header-display":"","ast-hfb-mobile-header-display":"","site-post-title":"","ast-breadcrumbs-content":"","ast-featured-img":"","footer-sml-layout":"","ast-disable-related-posts":"","theme-transparent-header-meta":"default","adv-header-id-meta":"","stick-header-meta":"default","header-above-stick-meta":"","header-main-stick-meta":"","header-below-stick-meta":"","astra-migrate-meta-layouts":"default","ast-page-background-enabled":"default","ast-page-background-meta":{"desktop":{"background-color":"","background-image":"","background-repeat":"repeat","background-position":"center center","background-size":"auto","background-attachment":"scroll","background-type":"","background-media":"","overlay-type":"","overlay-color":"","overlay-opacity":"","overlay-gradient":""},"tablet":{"background-color":"","background-image":"","background-repeat":"repeat","background-position":"center center","background-size":"auto","background-attachment":"scroll","background-type":"","background-media":"","overlay-type":"","overlay-color":"","overlay-opacity":"","overlay-gradient":""},"mobile":{"background-color":"","background-image":"","background-repeat":"repeat","background-position":"center center","background-size":"auto","background-attachment":"scroll","background-type":"","background-media":"","overlay-type":"","overlay-color":"","overlay-opacity":"","overlay-gradient":""}},"ast-content-background-meta":{"desktop":{"background-color":"var(--ast-global-color-5)","background-image":"","background-repeat":"repeat","background-position":"center center","background-size":"auto","background-attachment":"scroll","background-type":"","background-media":"","overlay-type":"","overlay-color":"","overlay-opacity":"","overlay-gradient":""},"tablet":{"background-color":"var(--ast-global-color-5)","background-image":"","background-repeat":"repeat","background-position":"center center","background-size":"auto","background-attachment":"scroll","background-type":"","background-media":"","overlay-type":"","overlay-color":"","overlay-opacity":"","overlay-gradient":""},"mobile":{"background-color":"var(--ast-global-color-5)","background-image":"","background-repeat":"repeat","background-position":"center center","background-size":"auto","background-attachment":"scroll","background-type":"","background-media":"","overlay-type":"","overlay-color":"","overlay-opacity":"","overlay-gradient":""}},"footnotes":""},"class_list":["post-51927","page","type-page","status-publish","has-post-thumbnail","hentry"],"uagb_featured_image_src":{"full":["https:\/\/visithoutskar.fi\/wp-content\/uploads\/2021\/06\/houstkarin-lajitteluasema_nettiin-850x320-1.jpg",850,320,false],"thumbnail":["https:\/\/visithoutskar.fi\/wp-content\/uploads\/2021\/06\/houstkarin-lajitteluasema_nettiin-850x320-1-150x150.jpg",150,150,true],"medium":["https:\/\/visithoutskar.fi\/wp-content\/uploads\/2021\/06\/houstkarin-lajitteluasema_nettiin-850x320-1-300x113.jpg",300,113,true],"medium_large":["https:\/\/visithoutskar.fi\/wp-content\/uploads\/2021\/06\/houstkarin-lajitteluasema_nettiin-850x320-1-768x289.jpg",768,289,true],"large":["https:\/\/visithoutskar.fi\/wp-content\/uploads\/2021\/06\/houstkarin-lajitteluasema_nettiin-850x320-1.jpg",850,320,false],"gs-tiny":["https:\/\/visithoutskar.fi\/wp-content\/uploads\/2021\/06\/houstkarin-lajitteluasema_nettiin-850x320-1.jpg",50,19,false],"xl":["https:\/\/visithoutskar.fi\/wp-content\/uploads\/2021\/06\/houstkarin-lajitteluasema_nettiin-850x320-1.jpg",850,320,false],"xxl":["https:\/\/visithoutskar.fi\/wp-content\/uploads\/2021\/06\/houstkarin-lajitteluasema_nettiin-850x320-1.jpg",850,320,false],"xxxl":["https:\/\/visithoutskar.fi\/wp-content\/uploads\/2021\/06\/houstkarin-lajitteluasema_nettiin-850x320-1.jpg",850,320,false],"xxxxl":["https:\/\/visithoutskar.fi\/wp-content\/uploads\/2021\/06\/houstkarin-lajitteluasema_nettiin-850x320-1.jpg",850,320,false],"xxxxxl":["https:\/\/visithoutskar.fi\/wp-content\/uploads\/2021\/06\/houstkarin-lajitteluasema_nettiin-850x320-1.jpg",850,320,false],"1536x1536":["https:\/\/visithoutskar.fi\/wp-content\/uploads\/2021\/06\/houstkarin-lajitteluasema_nettiin-850x320-1.jpg",850,320,false],"2048x2048":["https:\/\/visithoutskar.fi\/wp-content\/uploads\/2021\/06\/houstkarin-lajitteluasema_nettiin-850x320-1.jpg",850,320,false]},"uagb_author_info":{"display_name":"Joonatan Stenwall","author_link":"https:\/\/visithoutskar.fi\/sv\/author\/joon021\/"},"uagb_comment_info":0,"uagb_excerpt":"N\u00e4sbyv\u00e4gen 8621760 HOUTSKARI P\u00e5 Houtsk\u00e4rs sorteringsstation tar man emot avfallspartier levererade med personbil, personbilssl\u00e4p eller paketbil. St\u00f6rre avfallspartier tas emot p\u00e5 Topp\u00e5 avfallscentral i \u00c5bo och Korvenm\u00e4ki avfallscentral i Salo. [&hellip;]","_links":{"self":[{"href":"https:\/\/visithoutskar.fi\/sv\/wp-json\/wp\/v2\/pages\/51927","targetHints":{"allow":["GET"]}}],"collection":[{"href":"https:\/\/visithoutskar.fi\/sv\/wp-json\/wp\/v2\/pages"}],"about":[{"href":"https:\/\/visithoutskar.fi\/sv\/wp-json\/wp\/v2\/types\/page"}],"author":[{"embeddable":true,"href":"https:\/\/visithoutskar.fi\/sv\/wp-json\/wp\/v2\/users\/4"}],"replies":[{"embeddable":true,"href":"https:\/\/visithoutskar.fi\/sv\/wp-json\/wp\/v2\/comments?post=51927"}],"version-history":[{"count":0,"href":"https:\/\/visithoutskar.fi\/sv\/wp-json\/wp\/v2\/pages\/51927\/revisions"}],"up":[{"embeddable":true,"href":"https:\/\/visithoutskar.fi\/sv\/wp-json\/wp\/v2\/pages\/48092"}],"wp:featuredmedia":[{"embeddable":true,"href":"https:\/\/visithoutskar.fi\/sv\/wp-json\/wp\/v2\/media\/51535"}],"wp:attachment":[{"href":"https:\/\/visithoutskar.fi\/sv\/wp-json\/wp\/v2\/media?parent=51927"}],"curies":[{"name":"wp","href":"https:\/\/api.w.org\/{rel}","templated":true}]}}